{"id":11532,"date":"2025-10-27T19:35:31","date_gmt":"2025-10-27T18:35:31","guid":{"rendered":"https:\/\/anr82.fr\/?page_id=11532"},"modified":"2025-11-27T18:37:33","modified_gmt":"2025-11-27T17:37:33","slug":"spectacle-shen-yun","status":"publish","type":"page","link":"https:\/\/anr82.fr\/index.php\/programme\/spectacle-shen-yun\/","title":{"rendered":"Spectacle : SHEN YUN"},"content":{"rendered":"<div class=\"ditty ditty--pre\" data-id=\"4482\" data-uniqid=\"ditty-69e22dfcd91e0\" data-display=\"6387\" data-display_settings=\"{}\" data-ajax_load=\"1\"><\/div>\n\n\n<h2 class=\"wp-block-heading alignwide has-background\" style=\"background-color:#f9262e57;padding-top:var(--wp--preset--spacing--20);padding-bottom:var(--wp--preset--spacing--20);font-size:16px\"><strong>Inscriptions termin\u00e9es.<\/strong><\/h2>\n\n\n\n<p class=\"has-medium-font-size\"><span style=\"font-family: tahoma, arial, helvetica, sans-serif; font-size: 14pt;\"><strong>Ch\u00e8res adh\u00e9rentes et chers adh\u00e9rents \u00e0 l&rsquo;ANR82, Groupe Tarn-et-Garonne<\/strong>, <\/span><br><br><span style=\"font-family: tahoma, arial, helvetica, sans-serif; font-size: 14pt;\">Dans le cadre de nos activit\u00e9s 2026, nous vous proposons une&nbsp;<strong>sortie au Z\u00e9nith de Toulouse<\/strong> pour assister au<strong>&nbsp;Spectacle SHEN YUN&nbsp;<\/strong>le<strong>&nbsp;Mardi 28 Avril 2026&nbsp;<\/strong>(Com\u00e9die musicale\/Danse), \u00e0 15h.<\/span><br><br><span style=\"font-family: tahoma, arial, helvetica, sans-serif; font-size: 14pt;\"><strong>Shen Yun : un voyage unique au c\u0153ur de la Chine antique.<\/strong><\/span><\/p>\n\n\n\n<div style=\"height:24px\" aria-hidden=\"true\" class=\"wp-block-spacer\"><\/div>\n\n\n<div class=\"wp-block-image\">\n<figure class=\"aligncenter size-full is-resized\" id=\"wp-block-themeisle-blocks-image-785b49f2\"><img loading=\"lazy\" decoding=\"async\" width=\"1200\" height=\"900\" src=\"https:\/\/anr82.fr\/wp-content\/uploads\/2025\/09\/Shen-Yun-2026-43.jpg\" alt=\"\" class=\"wp-image-10629\" style=\"width:462px;height:auto\" srcset=\"https:\/\/anr82.fr\/wp-content\/uploads\/2025\/09\/Shen-Yun-2026-43.jpg 1200w, https:\/\/anr82.fr\/wp-content\/uploads\/2025\/09\/Shen-Yun-2026-43-300x225.jpg 300w, https:\/\/anr82.fr\/wp-content\/uploads\/2025\/09\/Shen-Yun-2026-43-1024x768.jpg 1024w, https:\/\/anr82.fr\/wp-content\/uploads\/2025\/09\/Shen-Yun-2026-43-768x576.jpg 768w\" sizes=\"auto, (max-width: 1200px) 100vw, 1200px\" \/><\/figure>\n<\/div>\n\n\n<p class=\"has-text-align-center\" style=\"font-size: 10px;\"><em><span style=\"font-family: tahoma, arial, helvetica, sans-serif; font-size: 10pt;\">Source site officiel SHEN YUN. Photo non contractuelle.<\/span><\/em><\/p>\n\n\n\n<div style=\"height:32px\" aria-hidden=\"true\" class=\"wp-block-spacer\"><\/div>\n\n\n\n<p class=\"has-medium-font-size\"><span style=\"font-family: tahoma, arial, helvetica, sans-serif; font-size: 14pt;\"><strong>La sortie comprend :<\/strong><\/span><\/p>\n<ul>\n<li class=\"has-medium-font-size\"><span style=\"font-family: tahoma, arial, helvetica, sans-serif; font-size: 14pt;\">Le transport en autocar de Tourisme au d\u00e9part de Caussade \/ Montauban;<\/span><\/li>\n<li class=\"has-medium-font-size\"><span style=\"font-family: tahoma, arial, helvetica, sans-serif; font-size: 14pt;\">Le spectacle Shen Yun, en cat\u00e9gorie 1 au Z\u00e9nith de Toulouse;<\/span><\/li>\n<li class=\"has-medium-font-size\"><span style=\"font-family: tahoma, arial, helvetica, sans-serif; font-size: 14pt;\">L&rsquo;assurance responsabilit\u00e9 civile.<\/span><\/li>\n<\/ul>\n\n\n\n<p><span style=\"font-family: tahoma, arial, helvetica, sans-serif;\"><strong>D\u00e9part de Caussade : 12h45<br \/>D\u00e9part de Montauban &#8211; Auchan : 13h15<\/strong><\/span><\/p>\n\n\n\n<div style=\"height:24px\" aria-hidden=\"true\" class=\"wp-block-spacer\"><\/div>\n\n\n\n<div id=\"wp-block-themeisle-blocks-button-group-8b2fb4a6\" class=\"wp-block-themeisle-blocks-button-group wp-block-buttons align-center-desktop\">\n<div id=\"wp-block-themeisle-blocks-button-02166088\" class=\"wp-block-themeisle-blocks-button wp-block-button  is-style-outline\"><a href=\"https:\/\/anr82.fr\/index.php\/programme\/\" target=\"_self\" rel=\"noopener noreferrer\" class=\"wp-block-button__link\"><i class=\"fas fa-fw fa-chevron-left margin-right\"><\/i><span>Retourner \u00e0 l&rsquo;agenda&#8230;<\/span><\/a><\/div>\n\n\n\n<div id=\"wp-block-themeisle-blocks-button-aed6d5d3\" class=\"wp-block-themeisle-blocks-button wp-block-button  is-style-outline\"><a href=\"https:\/\/anr82.fr\/index.php\/demander-des-documents\/\" target=\"_self\" rel=\"noopener noreferrer\" class=\"wp-block-button__link\"><span>Demander la circulaire&#8230;<\/span><i class=\"fas fa-fw fa-chevron-right margin-left\"><\/i><\/a><\/div>\n<\/div>\n\n\n\n<div style=\"height:39px\" aria-hidden=\"true\" class=\"wp-block-spacer\"><\/div>\n\n\n<div class=\"ditty ditty--pre\" data-id=\"4482\" data-uniqid=\"ditty-69e22dfcdd58b\" data-display=\"6387\" data-display_settings=\"{}\" data-ajax_load=\"1\"><\/div>\n\n\n<div style=\"height:39px\" aria-hidden=\"true\" class=\"wp-block-spacer\"><\/div>\n","protected":false},"excerpt":{"rendered":"<p>Inscriptions termin\u00e9es. Ch\u00e8res adh\u00e9rentes et chers adh\u00e9rents \u00e0 l&rsquo;ANR82, Groupe Tarn-et-Garonne, Dans le cadre de nos activit\u00e9s 2026, nous vous proposons une&nbsp;sortie au Z\u00e9nith de Toulouse pour assister au&nbsp;Spectacle SHEN YUN&nbsp;le&nbsp;Mardi 28 Avril 2026&nbsp;(Com\u00e9die musicale\/Danse), \u00e0 15h. Shen Yun : un voyage unique au c\u0153ur de la Chine antique. Source [&hellip;]<\/p>\n","protected":false},"author":2,"featured_media":0,"parent":2257,"menu_order":0,"comment_status":"closed","ping_status":"closed","template":"page-templates\/template-fullwidth.php","meta":{"_bbp_topic_count":0,"_bbp_reply_count":0,"_bbp_total_topic_count":0,"_bbp_total_reply_count":0,"_bbp_voice_count":0,"_bbp_anonymous_reply_count":0,"_bbp_topic_count_hidden":0,"_bbp_reply_count_hidden":0,"_bbp_forum_subforum_count":0,"_themeisle_gutenberg_block_has_review":false,"footnotes":""},"class_list":["post-11532","page","type-page","status-publish","hentry"],"yoast_head":"<!-- This site is optimized with the Yoast SEO plugin v27.4 - https:\/\/yoast.com\/product\/yoast-seo-wordpress\/ -->\n<title>Spectacle : SHEN YUN - Groupe Tarn &amp; Garonne<\/title>\n<meta name=\"robots\" content=\"index, follow, max-snippet:-1, max-image-preview:large, max-video-preview:-1\" \/>\n<link rel=\"canonical\" href=\"https:\/\/anr82.fr\/index.php\/programme\/spectacle-shen-yun\/\" \/>\n<meta property=\"og:locale\" content=\"fr_FR\" \/>\n<meta property=\"og:type\" content=\"article\" \/>\n<meta property=\"og:title\" content=\"Spectacle : SHEN YUN - Groupe Tarn &amp; Garonne\" \/>\n<meta property=\"og:description\" content=\"Inscriptions termin\u00e9es. Ch\u00e8res adh\u00e9rentes et chers adh\u00e9rents \u00e0 l&rsquo;ANR82, Groupe Tarn-et-Garonne, Dans le cadre de nos activit\u00e9s 2026, nous vous proposons une&nbsp;sortie au Z\u00e9nith de Toulouse pour assister au&nbsp;Spectacle SHEN YUN&nbsp;le&nbsp;Mardi 28 Avril 2026&nbsp;(Com\u00e9die musicale\/Danse), \u00e0 15h. Shen Yun : un voyage unique au c\u0153ur de la Chine antique. Source [&hellip;]\" \/>\n<meta property=\"og:url\" content=\"https:\/\/anr82.fr\/index.php\/programme\/spectacle-shen-yun\/\" \/>\n<meta property=\"og:site_name\" content=\"Groupe Tarn &amp; Garonne\" \/>\n<meta property=\"article:modified_time\" content=\"2025-11-27T17:37:33+00:00\" \/>\n<meta property=\"og:image\" content=\"https:\/\/anr82.fr\/wp-content\/uploads\/2025\/09\/Shen-Yun-2026-43.jpg\" \/>\n\t<meta property=\"og:image:width\" content=\"1200\" \/>\n\t<meta property=\"og:image:height\" content=\"900\" \/>\n\t<meta property=\"og:image:type\" content=\"image\/jpeg\" \/>\n<meta name=\"twitter:card\" content=\"summary_large_image\" \/>\n<meta name=\"twitter:label1\" content=\"Dur\u00e9e de lecture estim\u00e9e\" \/>\n\t<meta name=\"twitter:data1\" content=\"1 minute\" \/>\n<script type=\"application\/ld+json\" class=\"yoast-schema-graph\">{\"@context\":\"https:\\\/\\\/schema.org\",\"@graph\":[{\"@type\":\"WebPage\",\"@id\":\"https:\\\/\\\/anr82.fr\\\/index.php\\\/programme\\\/spectacle-shen-yun\\\/\",\"url\":\"https:\\\/\\\/anr82.fr\\\/index.php\\\/programme\\\/spectacle-shen-yun\\\/\",\"name\":\"Spectacle : SHEN YUN - Groupe Tarn &amp; Garonne\",\"isPartOf\":{\"@id\":\"https:\\\/\\\/anr82.fr\\\/#website\"},\"primaryImageOfPage\":{\"@id\":\"https:\\\/\\\/anr82.fr\\\/index.php\\\/programme\\\/spectacle-shen-yun\\\/#primaryimage\"},\"image\":{\"@id\":\"https:\\\/\\\/anr82.fr\\\/index.php\\\/programme\\\/spectacle-shen-yun\\\/#primaryimage\"},\"thumbnailUrl\":\"https:\\\/\\\/anr82.fr\\\/wp-content\\\/uploads\\\/2025\\\/09\\\/Shen-Yun-2026-43.jpg\",\"datePublished\":\"2025-10-27T18:35:31+00:00\",\"dateModified\":\"2025-11-27T17:37:33+00:00\",\"breadcrumb\":{\"@id\":\"https:\\\/\\\/anr82.fr\\\/index.php\\\/programme\\\/spectacle-shen-yun\\\/#breadcrumb\"},\"inLanguage\":\"fr-FR\",\"potentialAction\":[{\"@type\":\"ReadAction\",\"target\":[\"https:\\\/\\\/anr82.fr\\\/index.php\\\/programme\\\/spectacle-shen-yun\\\/\"]}]},{\"@type\":\"ImageObject\",\"inLanguage\":\"fr-FR\",\"@id\":\"https:\\\/\\\/anr82.fr\\\/index.php\\\/programme\\\/spectacle-shen-yun\\\/#primaryimage\",\"url\":\"https:\\\/\\\/anr82.fr\\\/wp-content\\\/uploads\\\/2025\\\/09\\\/Shen-Yun-2026-43.jpg\",\"contentUrl\":\"https:\\\/\\\/anr82.fr\\\/wp-content\\\/uploads\\\/2025\\\/09\\\/Shen-Yun-2026-43.jpg\",\"width\":1200,\"height\":900},{\"@type\":\"BreadcrumbList\",\"@id\":\"https:\\\/\\\/anr82.fr\\\/index.php\\\/programme\\\/spectacle-shen-yun\\\/#breadcrumb\",\"itemListElement\":[{\"@type\":\"ListItem\",\"position\":1,\"name\":\"Accueil\",\"item\":\"https:\\\/\\\/anr82.fr\\\/\"},{\"@type\":\"ListItem\",\"position\":2,\"name\":\"AGENDA\",\"item\":\"https:\\\/\\\/anr82.fr\\\/index.php\\\/programme\\\/\"},{\"@type\":\"ListItem\",\"position\":3,\"name\":\"Spectacle : SHEN YUN\"}]},{\"@type\":\"WebSite\",\"@id\":\"https:\\\/\\\/anr82.fr\\\/#website\",\"url\":\"https:\\\/\\\/anr82.fr\\\/\",\"name\":\"Groupe Tarn &amp; Garonne\",\"description\":\"Solidarit\u00e9, aide, convivialit\u00e9, partage...\",\"publisher\":{\"@id\":\"https:\\\/\\\/anr82.fr\\\/#organization\"},\"potentialAction\":[{\"@type\":\"SearchAction\",\"target\":{\"@type\":\"EntryPoint\",\"urlTemplate\":\"https:\\\/\\\/anr82.fr\\\/?s={search_term_string}\"},\"query-input\":{\"@type\":\"PropertyValueSpecification\",\"valueRequired\":true,\"valueName\":\"search_term_string\"}}],\"inLanguage\":\"fr-FR\"},{\"@type\":\"Organization\",\"@id\":\"https:\\\/\\\/anr82.fr\\\/#organization\",\"name\":\"Association Nationale de Retrait\u00e9s Groupe Tarn et Garonne\",\"url\":\"https:\\\/\\\/anr82.fr\\\/\",\"logo\":{\"@type\":\"ImageObject\",\"inLanguage\":\"fr-FR\",\"@id\":\"https:\\\/\\\/anr82.fr\\\/#\\\/schema\\\/logo\\\/image\\\/\",\"url\":\"https:\\\/\\\/anr82.fr\\\/wp-content\\\/uploads\\\/2020\\\/04\\\/cropped-Logo-ANR82-02-2.jpg\",\"contentUrl\":\"https:\\\/\\\/anr82.fr\\\/wp-content\\\/uploads\\\/2020\\\/04\\\/cropped-Logo-ANR82-02-2.jpg\",\"width\":500,\"height\":100,\"caption\":\"Association Nationale de Retrait\u00e9s Groupe Tarn et Garonne\"},\"image\":{\"@id\":\"https:\\\/\\\/anr82.fr\\\/#\\\/schema\\\/logo\\\/image\\\/\"}}]}<\/script>\n<!-- \/ Yoast SEO plugin. -->","yoast_head_json":{"title":"Spectacle : SHEN YUN - Groupe Tarn &amp; Garonne","robots":{"index":"index","follow":"follow","max-snippet":"max-snippet:-1","max-image-preview":"max-image-preview:large","max-video-preview":"max-video-preview:-1"},"canonical":"https:\/\/anr82.fr\/index.php\/programme\/spectacle-shen-yun\/","og_locale":"fr_FR","og_type":"article","og_title":"Spectacle : SHEN YUN - Groupe Tarn &amp; Garonne","og_description":"Inscriptions termin\u00e9es. Ch\u00e8res adh\u00e9rentes et chers adh\u00e9rents \u00e0 l&rsquo;ANR82, Groupe Tarn-et-Garonne, Dans le cadre de nos activit\u00e9s 2026, nous vous proposons une&nbsp;sortie au Z\u00e9nith de Toulouse pour assister au&nbsp;Spectacle SHEN YUN&nbsp;le&nbsp;Mardi 28 Avril 2026&nbsp;(Com\u00e9die musicale\/Danse), \u00e0 15h. Shen Yun : un voyage unique au c\u0153ur de la Chine antique. Source [&hellip;]","og_url":"https:\/\/anr82.fr\/index.php\/programme\/spectacle-shen-yun\/","og_site_name":"Groupe Tarn &amp; Garonne","article_modified_time":"2025-11-27T17:37:33+00:00","og_image":[{"width":1200,"height":900,"url":"https:\/\/anr82.fr\/wp-content\/uploads\/2025\/09\/Shen-Yun-2026-43.jpg","type":"image\/jpeg"}],"twitter_card":"summary_large_image","twitter_misc":{"Dur\u00e9e de lecture estim\u00e9e":"1 minute"},"schema":{"@context":"https:\/\/schema.org","@graph":[{"@type":"WebPage","@id":"https:\/\/anr82.fr\/index.php\/programme\/spectacle-shen-yun\/","url":"https:\/\/anr82.fr\/index.php\/programme\/spectacle-shen-yun\/","name":"Spectacle : SHEN YUN - Groupe Tarn &amp; Garonne","isPartOf":{"@id":"https:\/\/anr82.fr\/#website"},"primaryImageOfPage":{"@id":"https:\/\/anr82.fr\/index.php\/programme\/spectacle-shen-yun\/#primaryimage"},"image":{"@id":"https:\/\/anr82.fr\/index.php\/programme\/spectacle-shen-yun\/#primaryimage"},"thumbnailUrl":"https:\/\/anr82.fr\/wp-content\/uploads\/2025\/09\/Shen-Yun-2026-43.jpg","datePublished":"2025-10-27T18:35:31+00:00","dateModified":"2025-11-27T17:37:33+00:00","breadcrumb":{"@id":"https:\/\/anr82.fr\/index.php\/programme\/spectacle-shen-yun\/#breadcrumb"},"inLanguage":"fr-FR","potentialAction":[{"@type":"ReadAction","target":["https:\/\/anr82.fr\/index.php\/programme\/spectacle-shen-yun\/"]}]},{"@type":"ImageObject","inLanguage":"fr-FR","@id":"https:\/\/anr82.fr\/index.php\/programme\/spectacle-shen-yun\/#primaryimage","url":"https:\/\/anr82.fr\/wp-content\/uploads\/2025\/09\/Shen-Yun-2026-43.jpg","contentUrl":"https:\/\/anr82.fr\/wp-content\/uploads\/2025\/09\/Shen-Yun-2026-43.jpg","width":1200,"height":900},{"@type":"BreadcrumbList","@id":"https:\/\/anr82.fr\/index.php\/programme\/spectacle-shen-yun\/#breadcrumb","itemListElement":[{"@type":"ListItem","position":1,"name":"Accueil","item":"https:\/\/anr82.fr\/"},{"@type":"ListItem","position":2,"name":"AGENDA","item":"https:\/\/anr82.fr\/index.php\/programme\/"},{"@type":"ListItem","position":3,"name":"Spectacle : SHEN YUN"}]},{"@type":"WebSite","@id":"https:\/\/anr82.fr\/#website","url":"https:\/\/anr82.fr\/","name":"Groupe Tarn &amp; Garonne","description":"Solidarit\u00e9, aide, convivialit\u00e9, partage...","publisher":{"@id":"https:\/\/anr82.fr\/#organization"},"potentialAction":[{"@type":"SearchAction","target":{"@type":"EntryPoint","urlTemplate":"https:\/\/anr82.fr\/?s={search_term_string}"},"query-input":{"@type":"PropertyValueSpecification","valueRequired":true,"valueName":"search_term_string"}}],"inLanguage":"fr-FR"},{"@type":"Organization","@id":"https:\/\/anr82.fr\/#organization","name":"Association Nationale de Retrait\u00e9s Groupe Tarn et Garonne","url":"https:\/\/anr82.fr\/","logo":{"@type":"ImageObject","inLanguage":"fr-FR","@id":"https:\/\/anr82.fr\/#\/schema\/logo\/image\/","url":"https:\/\/anr82.fr\/wp-content\/uploads\/2020\/04\/cropped-Logo-ANR82-02-2.jpg","contentUrl":"https:\/\/anr82.fr\/wp-content\/uploads\/2020\/04\/cropped-Logo-ANR82-02-2.jpg","width":500,"height":100,"caption":"Association Nationale de Retrait\u00e9s Groupe Tarn et Garonne"},"image":{"@id":"https:\/\/anr82.fr\/#\/schema\/logo\/image\/"}}]}},"_links":{"self":[{"href":"https:\/\/anr82.fr\/index.php\/wp-json\/wp\/v2\/pages\/11532","targetHints":{"allow":["GET"]}}],"collection":[{"href":"https:\/\/anr82.fr\/index.php\/wp-json\/wp\/v2\/pages"}],"about":[{"href":"https:\/\/anr82.fr\/index.php\/wp-json\/wp\/v2\/types\/page"}],"author":[{"embeddable":true,"href":"https:\/\/anr82.fr\/index.php\/wp-json\/wp\/v2\/users\/2"}],"replies":[{"embeddable":true,"href":"https:\/\/anr82.fr\/index.php\/wp-json\/wp\/v2\/comments?post=11532"}],"version-history":[{"count":17,"href":"https:\/\/anr82.fr\/index.php\/wp-json\/wp\/v2\/pages\/11532\/revisions"}],"predecessor-version":[{"id":11909,"href":"https:\/\/anr82.fr\/index.php\/wp-json\/wp\/v2\/pages\/11532\/revisions\/11909"}],"up":[{"embeddable":true,"href":"https:\/\/anr82.fr\/index.php\/wp-json\/wp\/v2\/pages\/2257"}],"wp:attachment":[{"href":"https:\/\/anr82.fr\/index.php\/wp-json\/wp\/v2\/media?parent=11532"}],"curies":[{"name":"wp","href":"https:\/\/api.w.org\/{rel}","templated":true}]}}