{"id":12604,"date":"2026-05-10T14:51:00","date_gmt":"2026-05-10T12:51:00","guid":{"rendered":"https:\/\/anr82.fr\/?page_id=12604"},"modified":"2026-05-10T16:26:35","modified_gmt":"2026-05-10T14:26:35","slug":"sortie-auvergne","status":"publish","type":"page","link":"https:\/\/anr82.fr\/index.php\/programme\/sortie-auvergne\/","title":{"rendered":"Sortie AUVERGNE"},"content":{"rendered":"<div class=\"ditty ditty--pre\" data-id=\"4482\" data-uniqid=\"ditty-6a01ca43ecf6a\" data-display=\"6387\" data-display_settings=\"{}\" data-ajax_load=\"1\"><\/div>\n\n\n<h2 class=\"wp-block-heading alignwide has-background\" style=\"background-color:#91c67657;padding-top:var(--wp--preset--spacing--20);padding-bottom:var(--wp--preset--spacing--20);font-size:16px\">Date limite d&rsquo;inscription : <a href=\"https:\/\/anr82.fr\/#contact\"><strong>\u261e  <\/strong>Contacter l&rsquo;ANR<\/a><\/h2>\n\n\n\n<p class=\"has-medium-font-size\" style=\"text-align: left;\"><span style=\"font-family: tahoma, arial, helvetica, sans-serif; font-size: 14pt;\"><strong>Ch\u00e8res adh\u00e9rentes et chers adh\u00e9rents \u00e0 l&rsquo;ANR82, Groupe Tarn-et-Garonne<\/strong>,<\/span><br><span style=\"font-family: tahoma, arial, helvetica, sans-serif; font-size: 14pt;\">Dans le cadre de nos activit\u00e9s 2026, nous vous proposons un <strong>s\u00e9jour en Auvergne<\/strong>, entre volcans et savoirs-faire, 3 jours\/2 nuits<strong>&nbsp;,&nbsp;<\/strong>du <strong>1er<\/strong><strong> au 03 Septembre 2026<\/strong>.<\/span><\/p>\n\n\n\n<div style=\"height:24px\" aria-hidden=\"true\" class=\"wp-block-spacer\"><\/div>\n\n\n\n<div id=\"wp-block-themeisle-blocks-slider-0920819d\" class=\"wp-block-themeisle-blocks-slider glide\" data-per-view=\"1\" data-gap=\"0\" data-peek=\"0\" data-autoplay=\"3000\" data-height=\"400px\" data-hide-arrows=\"false\"><div class=\"glide__track\" data-glide-el=\"track\"><div class=\"glide__slides\"><div class=\"wp-block-themeisle-blocks-slider-item-wrapper glide__slide\" tabindex=\"0\"><figure><img decoding=\"async\" class=\"wp-block-themeisle-blocks-slider-item\" src=\"https:\/\/anr82.fr\/wp-content\/uploads\/2026\/05\/jaclou-dl-mountain-7868724_1920.jpg\" alt=\"\" title=\"\" data-id=\"12617\"\/><\/figure><\/div><div class=\"wp-block-themeisle-blocks-slider-item-wrapper glide__slide\" tabindex=\"0\"><figure><img decoding=\"async\" class=\"wp-block-themeisle-blocks-slider-item\" src=\"https:\/\/anr82.fr\/wp-content\/uploads\/2026\/05\/luctheo-le-puy-en-velay-1376290_1920.jpg\" alt=\"\" title=\"\" data-id=\"12618\"\/><\/figure><\/div><div class=\"wp-block-themeisle-blocks-slider-item-wrapper glide__slide\" tabindex=\"0\"><figure><img decoding=\"async\" class=\"wp-block-themeisle-blocks-slider-item\" src=\"https:\/\/anr82.fr\/wp-content\/uploads\/2026\/05\/girochantal-goats-1593584_1920.jpg\" alt=\"\" title=\"\" data-id=\"12616\"\/><\/figure><\/div><div class=\"wp-block-themeisle-blocks-slider-item-wrapper glide__slide\" tabindex=\"0\"><figure><img decoding=\"async\" class=\"wp-block-themeisle-blocks-slider-item\" src=\"https:\/\/anr82.fr\/wp-content\/uploads\/2026\/05\/gerdmuller13-auvergne-4120980_1920.jpg\" alt=\"\" title=\"\" data-id=\"12615\"\/><\/figure><\/div><div class=\"wp-block-themeisle-blocks-slider-item-wrapper glide__slide\" tabindex=\"0\"><figure><img decoding=\"async\" class=\"wp-block-themeisle-blocks-slider-item\" src=\"https:\/\/anr82.fr\/wp-content\/uploads\/2026\/05\/gamopy-mezenc-1605286_1920.jpg\" alt=\"\" title=\"\" data-id=\"12614\"\/><\/figure><\/div><div class=\"wp-block-themeisle-blocks-slider-item-wrapper glide__slide\" tabindex=\"0\"><figure><img decoding=\"async\" class=\"wp-block-themeisle-blocks-slider-item\" src=\"https:\/\/anr82.fr\/wp-content\/uploads\/2026\/05\/gabrielcardaire-bridge-1612135_1920.jpg\" alt=\"\" title=\"\" data-id=\"12613\"\/><\/figure><\/div><div class=\"wp-block-themeisle-blocks-slider-item-wrapper glide__slide\" tabindex=\"0\"><figure><img decoding=\"async\" class=\"wp-block-themeisle-blocks-slider-item\" src=\"https:\/\/anr82.fr\/wp-content\/uploads\/2026\/05\/barskefranck-vulcania-3646882-scaled.jpg\" alt=\"\" title=\"\" data-id=\"12577\"\/><\/figure><\/div><div class=\"wp-block-themeisle-blocks-slider-item-wrapper glide__slide\" tabindex=\"0\"><figure><img decoding=\"async\" class=\"wp-block-themeisle-blocks-slider-item\" src=\"https:\/\/anr82.fr\/wp-content\/uploads\/2026\/05\/chrifavier-auvergne-8493275_1920.jpg\" alt=\"\" title=\"\" data-id=\"12612\"\/><\/figure><\/div><div class=\"wp-block-themeisle-blocks-slider-item-wrapper glide__slide\" tabindex=\"0\"><figure><img decoding=\"async\" class=\"wp-block-themeisle-blocks-slider-item\" src=\"https:\/\/anr82.fr\/wp-content\/uploads\/2026\/05\/barskefranck-vulcania-3646884_1920.jpg\" alt=\"\" title=\"\" data-id=\"12611\"\/><\/figure><\/div><div class=\"wp-block-themeisle-blocks-slider-item-wrapper glide__slide\" tabindex=\"0\"><figure><img decoding=\"async\" class=\"wp-block-themeisle-blocks-slider-item\" src=\"https:\/\/anr82.fr\/wp-content\/uploads\/2026\/05\/barskefranck-auvergne-3656999_1920.jpg\" alt=\"\" title=\"\" data-id=\"12609\"\/><\/figure><\/div><\/div><div class=\"glide__bullets\" data-glide-el=\"controls[nav]\"><button class=\"glide__bullet\" data-glide-dir=\"=0\"><\/button><button class=\"glide__bullet\" data-glide-dir=\"=1\"><\/button><button class=\"glide__bullet\" data-glide-dir=\"=2\"><\/button><button class=\"glide__bullet\" data-glide-dir=\"=3\"><\/button><button class=\"glide__bullet\" data-glide-dir=\"=4\"><\/button><button class=\"glide__bullet\" data-glide-dir=\"=5\"><\/button><button class=\"glide__bullet\" data-glide-dir=\"=6\"><\/button><button class=\"glide__bullet\" data-glide-dir=\"=7\"><\/button><button class=\"glide__bullet\" data-glide-dir=\"=8\"><\/button><button class=\"glide__bullet\" data-glide-dir=\"=9\"><\/button><\/div><\/div><\/div>\n\n\n\n<p class=\"has-text-align-right\" style=\"font-size: 12px;\"><span style=\"font-size: 10pt;\"><em><span style=\"font-family: tahoma, arial, helvetica, sans-serif;\">Photos d&rsquo;illustration source Pixabay.\u00a0<\/span><\/em><\/span><\/p>\n\n\n\n<div style=\"height:24px\" aria-hidden=\"true\" class=\"wp-block-spacer\"><\/div>\n\n\n\n<h1 id=\"wp-block-themeisle-blocks-advanced-heading-7e8e72c2\" class=\"wp-block-themeisle-blocks-advanced-heading wp-block-themeisle-blocks-advanced-heading-7e8e72c2\">Programme<\/h1>\n\n\n\n<div id=\"wp-block-themeisle-blocks-timeline-cf0b0c07\" class=\"wp-block-themeisle-blocks-timeline\"><div class=\"o-timeline-root\">\n<div id=\"wp-block-themeisle-blocks-timeline-item-5f3a7c27\" class=\"wp-block-themeisle-blocks-timeline-item\"><div class=\"o-timeline-container\"><div class=\"o-timeline-icon\"><i class=\"fas fa-circle\"><\/i><\/div><div class=\"o-timeline-content\">\n<p class=\"has-small-font-size\"><strong>Jour 1<\/strong><\/p>\n\n\n\n<h4 class=\"wp-block-heading\"><strong><strong>MONTAUBAN &#8211; St NECTAIRE<\/strong><\/strong><\/h4>\n\n\n\n<p>07H00 : D\u00e9part de Montauban<br>07H30 . D\u00e9part de Caussade<br>12H30 : D\u00e9jeuner en auberge<\/p>\n\n\n\n<p>14H00 : Visitez Les Myst\u00e8res de Farges quatre grottes, d\u2019anciennes habitations troglodytiques m\u00e9di\u00e9vales, d\u00e9couvrez une cave d\u2019affinage du saint-nectaire fermier et go\u00fbtez le fromage. <br>Pr\u00e9voir un v\u00eatement chaud, 10-12\u00b0C dans les grottes&#8230;<\/p>\n\n\n\n<p>16H20 : Embarquez \u00e0 bord du Panoramique des D\u00f4mes, train \u00e9lectrique \u00e0 cr\u00e9maill\u00e8re pour 5,6 km d\u2019ascension. Pendant 15 minutes, profitez confortablement d\u2019un panorama saisissant sur les volcans de la Cha\u00eene des Puys inscrits au patrimoine mondial de l\u2019UNESCO.<\/p>\n\n\n\n<p>19H00 : Instalation pour 2 nuits \u00e0 l\u2019h\u00f4tel*** ORCINES.<\/p>\n\n\n\n<p>D\u00eener et nuit \u00e0 l\u2019h\u00f4tel.<\/p>\n<\/div><\/div><\/div>\n\n\n\n<div id=\"wp-block-themeisle-blocks-timeline-item-ae3a6d24\" class=\"wp-block-themeisle-blocks-timeline-item\"><div class=\"o-timeline-container\"><div class=\"o-timeline-icon\"><i class=\"fas fa-circle\"><\/i><\/div><div class=\"o-timeline-content\">\n<p class=\"has-small-font-size\"><strong>Jour 2<\/strong><\/p>\n\n\n\n<h4 class=\"wp-block-heading\"><strong><strong>VULCANIA<\/strong><\/strong><\/h4>\n\n\n\n<p>08H00 : Petit-d\u00e9jeuner<br>10H00 : Visite guid\u00e9e de VULCANIA<\/p>\n\n\n\n<p>Parc unique en Europe sur le th\u00e8me des volcans et de la plan\u00e8te Terre. <strong>VULCANIA<\/strong> m\u00eale \u00c9motions et D\u00e9couvertes. Parc d\u2019attractions et d\u2019animations autour des volcans et de la Terre, pour d\u00e9couvrir les secrets du volcanisme, des ph\u00e9nom\u00e8nes naturels et du Syst\u00e8me solaire.<\/p>\n\n\n\n<p>D\u00e9jeuner sur le parc.<\/p>\n\n\n\n<p>18H30 : d\u00e9part pour l\u2019h\u00f4tel.<br>19H00 : D\u00eener et nuit \u00e0 l&rsquo;h\u00f4tel.<\/p>\n<\/div><\/div><\/div>\n\n\n\n<div id=\"wp-block-themeisle-blocks-timeline-item-638fadd5\" class=\"wp-block-themeisle-blocks-timeline-item\"><div class=\"o-timeline-container\"><div class=\"o-timeline-icon\"><i class=\"fas fa-circle\"><\/i><\/div><div class=\"o-timeline-content\">\n<p class=\"has-small-font-size\"><strong>Jour 3<\/strong><\/p>\n\n\n\n<h4 class=\"wp-block-heading\"><strong><strong>ORCINES &#8211; MONTAUBAN<\/strong><\/strong><\/h4>\n\n\n\n<p>08H45 : D\u00e9part de l\u2019h\u00f4tel<\/p>\n\n\n\n<p>09H00 : Volcan de Lempt\u00e9gy \u00e0 bord d\u2019un petit train. Profitez d\u2019une visite interactive avec un animateur passionn\u00e9. Deux \u00e0 trois arr\u00eats vous seront propos\u00e9s afin d\u2019\u00e9changer avec votre animateur et pr\u00e9lever des roches (dur\u00e9e 2h30).<\/p>\n\n\n\n<p>12H00 : D\u00e9jeuner<\/p>\n\n\n\n<p>14H30 : Visite guid\u00e9e d\u2019une ferme de production de St nectaire.<br>Rencontrez les troupeaux de vaches laiti\u00e8res et d\u00e9couvrez la fromagerie<\/p>\n\n\n\n<p>16H00 : Retour sur Montauban<\/p>\n<\/div><\/div><\/div>\n<\/div><\/div>\n\n\n\n<div style=\"height:39px\" aria-hidden=\"true\" class=\"wp-block-spacer\"><\/div>\n\n\n\n<div id=\"wp-block-themeisle-blocks-button-group-8b2fb4a6\" class=\"wp-block-themeisle-blocks-button-group wp-block-buttons align-center-desktop\">\n<div id=\"wp-block-themeisle-blocks-button-02166088\" class=\"wp-block-themeisle-blocks-button wp-block-button  is-style-outline\"><a href=\"https:\/\/anr82.fr\/index.php\/programme\/\" target=\"_self\" rel=\"noopener noreferrer\" class=\"wp-block-button__link\"><i class=\"fas fa-fw fa-chevron-left margin-right\"><\/i><span>Retourner \u00e0 l&rsquo;agenda&#8230;<\/span><\/a><\/div>\n\n\n\n<div id=\"wp-block-themeisle-blocks-button-aed6d5d3\" class=\"wp-block-themeisle-blocks-button wp-block-button  is-style-outline\"><a href=\"https:\/\/anr82.fr\/index.php\/demander-des-documents\/\" target=\"_self\" rel=\"noopener noreferrer\" class=\"wp-block-button__link\"><span>Demander la circulaire&#8230;<\/span><i class=\"fas fa-fw fa-chevron-right margin-left\"><\/i><\/a><\/div>\n<\/div>\n\n\n\n<div style=\"height:39px\" aria-hidden=\"true\" class=\"wp-block-spacer\"><\/div>\n\n\n<div class=\"ditty ditty--pre\" data-id=\"4482\" data-uniqid=\"ditty-6a01ca43f007a\" data-display=\"6387\" data-display_settings=\"{}\" data-ajax_load=\"1\"><\/div>\n\n\n<div style=\"height:39px\" aria-hidden=\"true\" class=\"wp-block-spacer\"><\/div>\n","protected":false},"excerpt":{"rendered":"<p>Date limite d&rsquo;inscription : \u261e Contacter l&rsquo;ANR Ch\u00e8res adh\u00e9rentes et chers adh\u00e9rents \u00e0 l&rsquo;ANR82, Groupe Tarn-et-Garonne,Dans le cadre de nos activit\u00e9s 2026, nous vous proposons un s\u00e9jour en Auvergne, entre volcans et savoirs-faire, 3 jours\/2 nuits&nbsp;,&nbsp;du 1er au 03 Septembre 2026. Photos d&rsquo;illustration source Pixabay.\u00a0<\/p>\n","protected":false},"author":2,"featured_media":0,"parent":2257,"menu_order":0,"comment_status":"closed","ping_status":"closed","template":"page-templates\/template-fullwidth.php","meta":{"_bbp_topic_count":0,"_bbp_reply_count":0,"_bbp_total_topic_count":0,"_bbp_total_reply_count":0,"_bbp_voice_count":0,"_bbp_anonymous_reply_count":0,"_bbp_topic_count_hidden":0,"_bbp_reply_count_hidden":0,"_bbp_forum_subforum_count":0,"_themeisle_gutenberg_block_has_review":false,"footnotes":""},"class_list":["post-12604","page","type-page","status-publish","hentry"],"yoast_head":"<!-- This site is optimized with the Yoast SEO plugin v27.5 - https:\/\/yoast.com\/product\/yoast-seo-wordpress\/ -->\n<title>Sortie AUVERGNE - Groupe Tarn &amp; Garonne<\/title>\n<meta name=\"robots\" content=\"index, follow, max-snippet:-1, max-image-preview:large, max-video-preview:-1\" \/>\n<link rel=\"canonical\" href=\"https:\/\/anr82.fr\/index.php\/programme\/sortie-auvergne\/\" \/>\n<meta property=\"og:locale\" content=\"fr_FR\" \/>\n<meta property=\"og:type\" content=\"article\" \/>\n<meta property=\"og:title\" content=\"Sortie AUVERGNE - Groupe Tarn &amp; Garonne\" \/>\n<meta property=\"og:description\" content=\"Date limite d&rsquo;inscription : \u261e Contacter l&rsquo;ANR Ch\u00e8res adh\u00e9rentes et chers adh\u00e9rents \u00e0 l&rsquo;ANR82, Groupe Tarn-et-Garonne,Dans le cadre de nos activit\u00e9s 2026, nous vous proposons un s\u00e9jour en Auvergne, entre volcans et savoirs-faire, 3 jours\/2 nuits&nbsp;,&nbsp;du 1er au 03 Septembre 2026. Photos d&rsquo;illustration source Pixabay.\u00a0\" \/>\n<meta property=\"og:url\" content=\"https:\/\/anr82.fr\/index.php\/programme\/sortie-auvergne\/\" \/>\n<meta property=\"og:site_name\" content=\"Groupe Tarn &amp; Garonne\" \/>\n<meta property=\"article:modified_time\" content=\"2026-05-10T14:26:35+00:00\" \/>\n<meta property=\"og:image\" content=\"https:\/\/anr82.fr\/wp-content\/uploads\/2026\/05\/jaclou-dl-mountain-7868724_1920.jpg\" \/>\n<meta name=\"twitter:card\" content=\"summary_large_image\" \/>\n<meta name=\"twitter:label1\" content=\"Dur\u00e9e de lecture estim\u00e9e\" \/>\n\t<meta name=\"twitter:data1\" content=\"4 minutes\" \/>\n<script type=\"application\/ld+json\" class=\"yoast-schema-graph\">{\"@context\":\"https:\\\/\\\/schema.org\",\"@graph\":[{\"@type\":\"WebPage\",\"@id\":\"https:\\\/\\\/anr82.fr\\\/index.php\\\/programme\\\/sortie-auvergne\\\/\",\"url\":\"https:\\\/\\\/anr82.fr\\\/index.php\\\/programme\\\/sortie-auvergne\\\/\",\"name\":\"Sortie AUVERGNE - Groupe Tarn &amp; Garonne\",\"isPartOf\":{\"@id\":\"https:\\\/\\\/anr82.fr\\\/#website\"},\"primaryImageOfPage\":{\"@id\":\"https:\\\/\\\/anr82.fr\\\/index.php\\\/programme\\\/sortie-auvergne\\\/#primaryimage\"},\"image\":{\"@id\":\"https:\\\/\\\/anr82.fr\\\/index.php\\\/programme\\\/sortie-auvergne\\\/#primaryimage\"},\"thumbnailUrl\":\"https:\\\/\\\/anr82.fr\\\/wp-content\\\/uploads\\\/2026\\\/05\\\/jaclou-dl-mountain-7868724_1920.jpg\",\"datePublished\":\"2026-05-10T12:51:00+00:00\",\"dateModified\":\"2026-05-10T14:26:35+00:00\",\"breadcrumb\":{\"@id\":\"https:\\\/\\\/anr82.fr\\\/index.php\\\/programme\\\/sortie-auvergne\\\/#breadcrumb\"},\"inLanguage\":\"fr-FR\",\"potentialAction\":[{\"@type\":\"ReadAction\",\"target\":[\"https:\\\/\\\/anr82.fr\\\/index.php\\\/programme\\\/sortie-auvergne\\\/\"]}]},{\"@type\":\"ImageObject\",\"inLanguage\":\"fr-FR\",\"@id\":\"https:\\\/\\\/anr82.fr\\\/index.php\\\/programme\\\/sortie-auvergne\\\/#primaryimage\",\"url\":\"https:\\\/\\\/anr82.fr\\\/wp-content\\\/uploads\\\/2026\\\/05\\\/jaclou-dl-mountain-7868724_1920.jpg\",\"contentUrl\":\"https:\\\/\\\/anr82.fr\\\/wp-content\\\/uploads\\\/2026\\\/05\\\/jaclou-dl-mountain-7868724_1920.jpg\",\"width\":1920,\"height\":1280},{\"@type\":\"BreadcrumbList\",\"@id\":\"https:\\\/\\\/anr82.fr\\\/index.php\\\/programme\\\/sortie-auvergne\\\/#breadcrumb\",\"itemListElement\":[{\"@type\":\"ListItem\",\"position\":1,\"name\":\"Accueil\",\"item\":\"https:\\\/\\\/anr82.fr\\\/\"},{\"@type\":\"ListItem\",\"position\":2,\"name\":\"AGENDA\",\"item\":\"https:\\\/\\\/anr82.fr\\\/index.php\\\/programme\\\/\"},{\"@type\":\"ListItem\",\"position\":3,\"name\":\"Sortie AUVERGNE\"}]},{\"@type\":\"WebSite\",\"@id\":\"https:\\\/\\\/anr82.fr\\\/#website\",\"url\":\"https:\\\/\\\/anr82.fr\\\/\",\"name\":\"Groupe Tarn &amp; Garonne\",\"description\":\"Solidarit\u00e9, aide, convivialit\u00e9, partage...\",\"publisher\":{\"@id\":\"https:\\\/\\\/anr82.fr\\\/#organization\"},\"potentialAction\":[{\"@type\":\"SearchAction\",\"target\":{\"@type\":\"EntryPoint\",\"urlTemplate\":\"https:\\\/\\\/anr82.fr\\\/?s={search_term_string}\"},\"query-input\":{\"@type\":\"PropertyValueSpecification\",\"valueRequired\":true,\"valueName\":\"search_term_string\"}}],\"inLanguage\":\"fr-FR\"},{\"@type\":\"Organization\",\"@id\":\"https:\\\/\\\/anr82.fr\\\/#organization\",\"name\":\"Association Nationale de Retrait\u00e9s Groupe Tarn et Garonne\",\"url\":\"https:\\\/\\\/anr82.fr\\\/\",\"logo\":{\"@type\":\"ImageObject\",\"inLanguage\":\"fr-FR\",\"@id\":\"https:\\\/\\\/anr82.fr\\\/#\\\/schema\\\/logo\\\/image\\\/\",\"url\":\"https:\\\/\\\/anr82.fr\\\/wp-content\\\/uploads\\\/2020\\\/04\\\/cropped-Logo-ANR82-02-2.jpg\",\"contentUrl\":\"https:\\\/\\\/anr82.fr\\\/wp-content\\\/uploads\\\/2020\\\/04\\\/cropped-Logo-ANR82-02-2.jpg\",\"width\":500,\"height\":100,\"caption\":\"Association Nationale de Retrait\u00e9s Groupe Tarn et Garonne\"},\"image\":{\"@id\":\"https:\\\/\\\/anr82.fr\\\/#\\\/schema\\\/logo\\\/image\\\/\"}}]}<\/script>\n<!-- \/ Yoast SEO plugin. -->","yoast_head_json":{"title":"Sortie AUVERGNE - Groupe Tarn &amp; Garonne","robots":{"index":"index","follow":"follow","max-snippet":"max-snippet:-1","max-image-preview":"max-image-preview:large","max-video-preview":"max-video-preview:-1"},"canonical":"https:\/\/anr82.fr\/index.php\/programme\/sortie-auvergne\/","og_locale":"fr_FR","og_type":"article","og_title":"Sortie AUVERGNE - Groupe Tarn &amp; Garonne","og_description":"Date limite d&rsquo;inscription : \u261e Contacter l&rsquo;ANR Ch\u00e8res adh\u00e9rentes et chers adh\u00e9rents \u00e0 l&rsquo;ANR82, Groupe Tarn-et-Garonne,Dans le cadre de nos activit\u00e9s 2026, nous vous proposons un s\u00e9jour en Auvergne, entre volcans et savoirs-faire, 3 jours\/2 nuits&nbsp;,&nbsp;du 1er au 03 Septembre 2026. Photos d&rsquo;illustration source Pixabay.\u00a0","og_url":"https:\/\/anr82.fr\/index.php\/programme\/sortie-auvergne\/","og_site_name":"Groupe Tarn &amp; Garonne","article_modified_time":"2026-05-10T14:26:35+00:00","og_image":[{"url":"https:\/\/anr82.fr\/wp-content\/uploads\/2026\/05\/jaclou-dl-mountain-7868724_1920.jpg","type":"","width":"","height":""}],"twitter_card":"summary_large_image","twitter_misc":{"Dur\u00e9e de lecture estim\u00e9e":"4 minutes"},"schema":{"@context":"https:\/\/schema.org","@graph":[{"@type":"WebPage","@id":"https:\/\/anr82.fr\/index.php\/programme\/sortie-auvergne\/","url":"https:\/\/anr82.fr\/index.php\/programme\/sortie-auvergne\/","name":"Sortie AUVERGNE - Groupe Tarn &amp; Garonne","isPartOf":{"@id":"https:\/\/anr82.fr\/#website"},"primaryImageOfPage":{"@id":"https:\/\/anr82.fr\/index.php\/programme\/sortie-auvergne\/#primaryimage"},"image":{"@id":"https:\/\/anr82.fr\/index.php\/programme\/sortie-auvergne\/#primaryimage"},"thumbnailUrl":"https:\/\/anr82.fr\/wp-content\/uploads\/2026\/05\/jaclou-dl-mountain-7868724_1920.jpg","datePublished":"2026-05-10T12:51:00+00:00","dateModified":"2026-05-10T14:26:35+00:00","breadcrumb":{"@id":"https:\/\/anr82.fr\/index.php\/programme\/sortie-auvergne\/#breadcrumb"},"inLanguage":"fr-FR","potentialAction":[{"@type":"ReadAction","target":["https:\/\/anr82.fr\/index.php\/programme\/sortie-auvergne\/"]}]},{"@type":"ImageObject","inLanguage":"fr-FR","@id":"https:\/\/anr82.fr\/index.php\/programme\/sortie-auvergne\/#primaryimage","url":"https:\/\/anr82.fr\/wp-content\/uploads\/2026\/05\/jaclou-dl-mountain-7868724_1920.jpg","contentUrl":"https:\/\/anr82.fr\/wp-content\/uploads\/2026\/05\/jaclou-dl-mountain-7868724_1920.jpg","width":1920,"height":1280},{"@type":"BreadcrumbList","@id":"https:\/\/anr82.fr\/index.php\/programme\/sortie-auvergne\/#breadcrumb","itemListElement":[{"@type":"ListItem","position":1,"name":"Accueil","item":"https:\/\/anr82.fr\/"},{"@type":"ListItem","position":2,"name":"AGENDA","item":"https:\/\/anr82.fr\/index.php\/programme\/"},{"@type":"ListItem","position":3,"name":"Sortie AUVERGNE"}]},{"@type":"WebSite","@id":"https:\/\/anr82.fr\/#website","url":"https:\/\/anr82.fr\/","name":"Groupe Tarn &amp; Garonne","description":"Solidarit\u00e9, aide, convivialit\u00e9, partage...","publisher":{"@id":"https:\/\/anr82.fr\/#organization"},"potentialAction":[{"@type":"SearchAction","target":{"@type":"EntryPoint","urlTemplate":"https:\/\/anr82.fr\/?s={search_term_string}"},"query-input":{"@type":"PropertyValueSpecification","valueRequired":true,"valueName":"search_term_string"}}],"inLanguage":"fr-FR"},{"@type":"Organization","@id":"https:\/\/anr82.fr\/#organization","name":"Association Nationale de Retrait\u00e9s Groupe Tarn et Garonne","url":"https:\/\/anr82.fr\/","logo":{"@type":"ImageObject","inLanguage":"fr-FR","@id":"https:\/\/anr82.fr\/#\/schema\/logo\/image\/","url":"https:\/\/anr82.fr\/wp-content\/uploads\/2020\/04\/cropped-Logo-ANR82-02-2.jpg","contentUrl":"https:\/\/anr82.fr\/wp-content\/uploads\/2020\/04\/cropped-Logo-ANR82-02-2.jpg","width":500,"height":100,"caption":"Association Nationale de Retrait\u00e9s Groupe Tarn et Garonne"},"image":{"@id":"https:\/\/anr82.fr\/#\/schema\/logo\/image\/"}}]}},"_links":{"self":[{"href":"https:\/\/anr82.fr\/index.php\/wp-json\/wp\/v2\/pages\/12604","targetHints":{"allow":["GET"]}}],"collection":[{"href":"https:\/\/anr82.fr\/index.php\/wp-json\/wp\/v2\/pages"}],"about":[{"href":"https:\/\/anr82.fr\/index.php\/wp-json\/wp\/v2\/types\/page"}],"author":[{"embeddable":true,"href":"https:\/\/anr82.fr\/index.php\/wp-json\/wp\/v2\/users\/2"}],"replies":[{"embeddable":true,"href":"https:\/\/anr82.fr\/index.php\/wp-json\/wp\/v2\/comments?post=12604"}],"version-history":[{"count":5,"href":"https:\/\/anr82.fr\/index.php\/wp-json\/wp\/v2\/pages\/12604\/revisions"}],"predecessor-version":[{"id":12620,"href":"https:\/\/anr82.fr\/index.php\/wp-json\/wp\/v2\/pages\/12604\/revisions\/12620"}],"up":[{"embeddable":true,"href":"https:\/\/anr82.fr\/index.php\/wp-json\/wp\/v2\/pages\/2257"}],"wp:attachment":[{"href":"https:\/\/anr82.fr\/index.php\/wp-json\/wp\/v2\/media?parent=12604"}],"curies":[{"name":"wp","href":"https:\/\/api.w.org\/{rel}","templated":true}]}}