{"id":1684,"date":"2018-08-20T19:11:45","date_gmt":"2018-08-20T17:11:45","guid":{"rendered":"https:\/\/j.sleepycat.fr\/anr82\/?page_id=1684"},"modified":"2024-10-19T19:44:02","modified_gmt":"2024-10-19T17:44:02","slug":"politique-de-confidentialite-2","status":"publish","type":"page","link":"https:\/\/anr82.fr\/index.php\/politique-de-confidentialite-2\/","title":{"rendered":"Politique de confidentialit\u00e9"},"content":{"rendered":"\n<h2 class=\"wp-block-heading\">Qui sommes-nous\u00a0?<\/h2>\n\n\n\n<p>L&rsquo;ANR Tarn-et-Garonne 30 Avenue Chamier BP 179 82001 MONTAUBAN CEDEX 01<br\/><\/p>\n\n\n\n<p>L\u2019adresse de notre site Web est\u00a0: https:\/\/j.sleepycat.fr\/anr82<\/p>\n\n\n\n<h2 class=\"wp-block-heading\"><em>Utilisation des donn\u00e9es personnelles collect\u00e9es<\/em><\/h2>\n\n\n\n<p>L&rsquo;ANR Tarn-et-Garonne collecte des donn\u00e9es via son site uniquement a des fins de bon fonctionnement et statistiques.<\/p>\n\n\n\n<h3 class=\"wp-block-heading\">Formulaires de contact<\/h3>\n\n\n\n<p>L&rsquo;extension utilis\u00e9e est \u00ab\u00a0Contact Form 7\u00a0\u00bb.<br\/>Description<\/p>\n\n\n\n<p>\u00ab\u00a0Contact Form 7\u00a0\u00bb g\u00e8re des formulaires de contact multiples, et la personnalisation des contenus des formulaires et des e-mails avec des balises simples. Le formulaire utilise l\u2019anti SPAM \u00ab\u00a0Akismet\u00a0\u00bb.<\/p>\n\n\n\n<p><strong>Avis de confidentialit\u00e9<\/strong><\/p>\n\n\n\n<p>Avec la configuration par d\u00e9faut, cette extension, en soi, ne permet pas:<\/p>\n\n\n\n<p>&#8211; de suivre les utilisateurs furtivement;<br\/>&#8211; d&rsquo;\u00e9crire des donn\u00e9es personnelles d&rsquo;utilisateur dans la base de donn\u00e9es;<br\/>&#8211; d&rsquo;envoyer des donn\u00e9es \u00e0 des serveurs externes;<br\/>&#8211; d&rsquo;utiliser des cookies<\/p>\n\n\n\n<p>Si vous activez certaines fonctionnalit\u00e9s de cette extension, les donn\u00e9es personnelles de l&rsquo;\u00e9metteur du formulaire de contact, y compris leur adresse IP, peuvent \u00eatre envoy\u00e9es au fournisseur de services. Ainsi, la confirmation de la politique de confidentialit\u00e9 du fournisseur est recommand\u00e9e. Ces fonctionnalit\u00e9s incluent:<\/p>\n\n\n\n<p>&#8211; reCAPTCHA (Google) si utilis\u00e9<\/p>\n\n\n\n<p>&#8211; Akismet (Automattic)<\/p>\n\n\n\n<h3 class=\"wp-block-heading\">Cookies<\/h3>\n\n\n\n<p>Notre logiciel de gestion de contenu : WordPress utilise des cookies sur ce site.<\/p>\n\n\n\n<p>Des informations sur la fa\u00e7on dont vous utilisez notre site sont collect\u00e9es automatiquement en utilisant les \u201ccookies\u201d. Les cookies sont des fichiers texte plac\u00e9s sur votre ordinateur pour collecter les informations internet standards et des informations sur le comportement des visiteurs. Ces informations servent \u00e0 suivre l&rsquo;utilisation du site par les visiteurs et \u00e0 compiler des rapports statistiques sur l&rsquo;activit\u00e9 du site.<\/p>\n\n\n\n<p>Vous pouvez supprimer des cookies en modifiant les param\u00e8tres de votre navigateur.<\/p>\n\n\n\n<p>Veuillez consulter la<a href=\"https:\/\/anr82.fr\/cookies\/\">\u00a0 Politique relative aux cookies<\/a> pour savoir ce que collectent les cookies de WordPress.<\/p>\n\n\n\n<h3 class=\"wp-block-heading\">Contenu embarqu\u00e9 depuis d\u2019autres sites<\/h3>\n\n\n\n<p>Les articles de ce site peuvent inclure des contenus int\u00e9gr\u00e9s (par exemple des vid\u00e9os, images, articles\u2026). Le contenu int\u00e9gr\u00e9 depuis d\u2019autres sites se comporte de la m\u00eame mani\u00e8re que si le visiteur se rendait sur cet autre site.<\/p>\n\n\n\n<p>Ces sites web pourraient collecter des donn\u00e9es sur vous, utiliser des cookies, embarquer des outils de suivis tiers, suivre vos interactions avec ces contenus embarqu\u00e9s si vous disposez d\u2019un compte connect\u00e9 sur leur site web.<\/p>\n\n\n\n<h3 class=\"wp-block-heading\">Statistiques et mesures d\u2019audience<\/h3>\n\n\n\n<p>Par d\u00e9faut, WordPress ne collecte aucune statistique des visites. Une extension de WordPress collecte des informations statistiques (<a href=\"https:\/\/jetpack.com\/support\/privacy\/\" target=\"_blank\" rel=\"noreferrer noopener\">Jetpack<\/a>).<\/p>\n\n\n\n<h2 class=\"wp-block-heading\"><em>Utilisation et transmission de vos donn\u00e9es personnelles<\/em><\/h2>\n\n\n\n<h3 class=\"wp-block-heading\">Dur\u00e9es de stockage de vos donn\u00e9es<\/h3>\n\n\n\n<p>Pour les utilisateurs et utilisatrices qui s\u2019enregistrent sur notre site (si cela est possible), nous stockons \u00e9galement les donn\u00e9es personnelles indiqu\u00e9es dans leur profil. Tous les utilisateurs et utilisatrices peuvent voir, modifier ou supprimer leurs informations personnelles \u00e0 tout moment (\u00e0 l\u2019exception de leur nom d\u2019utilisateur\u00b7ice). Les gestionnaires du site peuvent aussi voir et modifier ces informations.<\/p>\n\n\n\n<h3 class=\"wp-block-heading\">Les droits que vous avez sur vos donn\u00e9es<\/h3>\n\n\n\n<p>Si vous avez un compte ou si vous avez laiss\u00e9 des commentaires sur le site, vous pouvez demander \u00e0 recevoir un fichier contenant toutes les donn\u00e9es personnelles que nous poss\u00e9dons \u00e0 votre sujet, incluant celles que vous nous avez fournies. Vous pouvez \u00e9galement demander la suppression des donn\u00e9es personnelles vous concernant. Cela ne prend pas en compte les donn\u00e9es stock\u00e9es \u00e0 des fins administratives, l\u00e9gales ou pour des raisons de s\u00e9curit\u00e9.<\/p>\n\n\n\n<h3 class=\"wp-block-heading\">Transmission de vos donn\u00e9es personnelles<\/h3>\n\n\n\n<p>Les serveurs de notre h\u00e9bergeur sont situ\u00e9s dans l&rsquo;Union Europ\u00e9enne.<\/p>\n\n\n\n<h3 class=\"wp-block-heading\">Informations de contact<\/h3>\n\n\n\n<p>Utilisez l&rsquo;onglet CONTACT de ce site pour les demandes concernant la vie priv\u00e9e.<\/p>\n","protected":false},"excerpt":{"rendered":"<p>Qui sommes-nous\u00a0? L&rsquo;ANR Tarn-et-Garonne 30 Avenue Chamier BP 179 82001 MONTAUBAN CEDEX 01 L\u2019adresse de notre site Web est\u00a0: https:\/\/j.sleepycat.fr\/anr82 Utilisation des donn\u00e9es personnelles collect\u00e9es L&rsquo;ANR Tarn-et-Garonne collecte des donn\u00e9es via son site uniquement a des fins de bon fonctionnement et statistiques. Formulaires de contact L&rsquo;extension utilis\u00e9e est \u00ab\u00a0Contact Form [&hellip;]<\/p>\n","protected":false},"author":1,"featured_media":0,"parent":0,"menu_order":0,"comment_status":"closed","ping_status":"closed","template":"page-templates\/template-fullwidth.php","meta":{"_bbp_topic_count":0,"_bbp_reply_count":0,"_bbp_total_topic_count":0,"_bbp_total_reply_count":0,"_bbp_voice_count":0,"_bbp_anonymous_reply_count":0,"_bbp_topic_count_hidden":0,"_bbp_reply_count_hidden":0,"_bbp_forum_subforum_count":0,"_themeisle_gutenberg_block_has_review":false,"footnotes":""},"class_list":["post-1684","page","type-page","status-publish","hentry"],"yoast_head":"<!-- This site is optimized with the Yoast SEO plugin v27.3 - https:\/\/yoast.com\/product\/yoast-seo-wordpress\/ -->\n<title>Politique de confidentialit\u00e9 - Groupe Tarn &amp; Garonne<\/title>\n<meta name=\"robots\" content=\"index, follow, max-snippet:-1, max-image-preview:large, max-video-preview:-1\" \/>\n<link rel=\"canonical\" href=\"https:\/\/anr82.fr\/index.php\/politique-de-confidentialite-2\/\" \/>\n<meta property=\"og:locale\" content=\"fr_FR\" \/>\n<meta property=\"og:type\" content=\"article\" \/>\n<meta property=\"og:title\" content=\"Politique de confidentialit\u00e9 - Groupe Tarn &amp; Garonne\" \/>\n<meta property=\"og:description\" content=\"Qui sommes-nous\u00a0? L&rsquo;ANR Tarn-et-Garonne 30 Avenue Chamier BP 179 82001 MONTAUBAN CEDEX 01 L\u2019adresse de notre site Web est\u00a0: https:\/\/j.sleepycat.fr\/anr82 Utilisation des donn\u00e9es personnelles collect\u00e9es L&rsquo;ANR Tarn-et-Garonne collecte des donn\u00e9es via son site uniquement a des fins de bon fonctionnement et statistiques. Formulaires de contact L&rsquo;extension utilis\u00e9e est \u00ab\u00a0Contact Form [&hellip;]\" \/>\n<meta property=\"og:url\" content=\"https:\/\/anr82.fr\/index.php\/politique-de-confidentialite-2\/\" \/>\n<meta property=\"og:site_name\" content=\"Groupe Tarn &amp; Garonne\" \/>\n<meta property=\"article:modified_time\" content=\"2024-10-19T17:44:02+00:00\" \/>\n<meta name=\"twitter:card\" content=\"summary_large_image\" \/>\n<meta name=\"twitter:label1\" content=\"Dur\u00e9e de lecture estim\u00e9e\" \/>\n\t<meta name=\"twitter:data1\" content=\"3 minutes\" \/>\n<script type=\"application\/ld+json\" class=\"yoast-schema-graph\">{\"@context\":\"https:\\\/\\\/schema.org\",\"@graph\":[{\"@type\":\"WebPage\",\"@id\":\"https:\\\/\\\/anr82.fr\\\/index.php\\\/politique-de-confidentialite-2\\\/\",\"url\":\"https:\\\/\\\/anr82.fr\\\/index.php\\\/politique-de-confidentialite-2\\\/\",\"name\":\"Politique de confidentialit\u00e9 - Groupe Tarn &amp; Garonne\",\"isPartOf\":{\"@id\":\"https:\\\/\\\/anr82.fr\\\/#website\"},\"datePublished\":\"2018-08-20T17:11:45+00:00\",\"dateModified\":\"2024-10-19T17:44:02+00:00\",\"breadcrumb\":{\"@id\":\"https:\\\/\\\/anr82.fr\\\/index.php\\\/politique-de-confidentialite-2\\\/#breadcrumb\"},\"inLanguage\":\"fr-FR\",\"potentialAction\":[{\"@type\":\"ReadAction\",\"target\":[\"https:\\\/\\\/anr82.fr\\\/index.php\\\/politique-de-confidentialite-2\\\/\"]}]},{\"@type\":\"BreadcrumbList\",\"@id\":\"https:\\\/\\\/anr82.fr\\\/index.php\\\/politique-de-confidentialite-2\\\/#breadcrumb\",\"itemListElement\":[{\"@type\":\"ListItem\",\"position\":1,\"name\":\"Accueil\",\"item\":\"https:\\\/\\\/anr82.fr\\\/\"},{\"@type\":\"ListItem\",\"position\":2,\"name\":\"Politique de confidentialit\u00e9\"}]},{\"@type\":\"WebSite\",\"@id\":\"https:\\\/\\\/anr82.fr\\\/#website\",\"url\":\"https:\\\/\\\/anr82.fr\\\/\",\"name\":\"Groupe Tarn &amp; Garonne\",\"description\":\"Solidarit\u00e9, aide, convivialit\u00e9, partage...\",\"publisher\":{\"@id\":\"https:\\\/\\\/anr82.fr\\\/#organization\"},\"potentialAction\":[{\"@type\":\"SearchAction\",\"target\":{\"@type\":\"EntryPoint\",\"urlTemplate\":\"https:\\\/\\\/anr82.fr\\\/?s={search_term_string}\"},\"query-input\":{\"@type\":\"PropertyValueSpecification\",\"valueRequired\":true,\"valueName\":\"search_term_string\"}}],\"inLanguage\":\"fr-FR\"},{\"@type\":\"Organization\",\"@id\":\"https:\\\/\\\/anr82.fr\\\/#organization\",\"name\":\"Association Nationale de Retrait\u00e9s Groupe Tarn et Garonne\",\"url\":\"https:\\\/\\\/anr82.fr\\\/\",\"logo\":{\"@type\":\"ImageObject\",\"inLanguage\":\"fr-FR\",\"@id\":\"https:\\\/\\\/anr82.fr\\\/#\\\/schema\\\/logo\\\/image\\\/\",\"url\":\"https:\\\/\\\/anr82.fr\\\/wp-content\\\/uploads\\\/2020\\\/04\\\/cropped-Logo-ANR82-02-2.jpg\",\"contentUrl\":\"https:\\\/\\\/anr82.fr\\\/wp-content\\\/uploads\\\/2020\\\/04\\\/cropped-Logo-ANR82-02-2.jpg\",\"width\":500,\"height\":100,\"caption\":\"Association Nationale de Retrait\u00e9s Groupe Tarn et Garonne\"},\"image\":{\"@id\":\"https:\\\/\\\/anr82.fr\\\/#\\\/schema\\\/logo\\\/image\\\/\"}}]}<\/script>\n<!-- \/ Yoast SEO plugin. -->","yoast_head_json":{"title":"Politique de confidentialit\u00e9 - Groupe Tarn &amp; Garonne","robots":{"index":"index","follow":"follow","max-snippet":"max-snippet:-1","max-image-preview":"max-image-preview:large","max-video-preview":"max-video-preview:-1"},"canonical":"https:\/\/anr82.fr\/index.php\/politique-de-confidentialite-2\/","og_locale":"fr_FR","og_type":"article","og_title":"Politique de confidentialit\u00e9 - Groupe Tarn &amp; Garonne","og_description":"Qui sommes-nous\u00a0? L&rsquo;ANR Tarn-et-Garonne 30 Avenue Chamier BP 179 82001 MONTAUBAN CEDEX 01 L\u2019adresse de notre site Web est\u00a0: https:\/\/j.sleepycat.fr\/anr82 Utilisation des donn\u00e9es personnelles collect\u00e9es L&rsquo;ANR Tarn-et-Garonne collecte des donn\u00e9es via son site uniquement a des fins de bon fonctionnement et statistiques. Formulaires de contact L&rsquo;extension utilis\u00e9e est \u00ab\u00a0Contact Form [&hellip;]","og_url":"https:\/\/anr82.fr\/index.php\/politique-de-confidentialite-2\/","og_site_name":"Groupe Tarn &amp; Garonne","article_modified_time":"2024-10-19T17:44:02+00:00","twitter_card":"summary_large_image","twitter_misc":{"Dur\u00e9e de lecture estim\u00e9e":"3 minutes"},"schema":{"@context":"https:\/\/schema.org","@graph":[{"@type":"WebPage","@id":"https:\/\/anr82.fr\/index.php\/politique-de-confidentialite-2\/","url":"https:\/\/anr82.fr\/index.php\/politique-de-confidentialite-2\/","name":"Politique de confidentialit\u00e9 - Groupe Tarn &amp; Garonne","isPartOf":{"@id":"https:\/\/anr82.fr\/#website"},"datePublished":"2018-08-20T17:11:45+00:00","dateModified":"2024-10-19T17:44:02+00:00","breadcrumb":{"@id":"https:\/\/anr82.fr\/index.php\/politique-de-confidentialite-2\/#breadcrumb"},"inLanguage":"fr-FR","potentialAction":[{"@type":"ReadAction","target":["https:\/\/anr82.fr\/index.php\/politique-de-confidentialite-2\/"]}]},{"@type":"BreadcrumbList","@id":"https:\/\/anr82.fr\/index.php\/politique-de-confidentialite-2\/#breadcrumb","itemListElement":[{"@type":"ListItem","position":1,"name":"Accueil","item":"https:\/\/anr82.fr\/"},{"@type":"ListItem","position":2,"name":"Politique de confidentialit\u00e9"}]},{"@type":"WebSite","@id":"https:\/\/anr82.fr\/#website","url":"https:\/\/anr82.fr\/","name":"Groupe Tarn &amp; Garonne","description":"Solidarit\u00e9, aide, convivialit\u00e9, partage...","publisher":{"@id":"https:\/\/anr82.fr\/#organization"},"potentialAction":[{"@type":"SearchAction","target":{"@type":"EntryPoint","urlTemplate":"https:\/\/anr82.fr\/?s={search_term_string}"},"query-input":{"@type":"PropertyValueSpecification","valueRequired":true,"valueName":"search_term_string"}}],"inLanguage":"fr-FR"},{"@type":"Organization","@id":"https:\/\/anr82.fr\/#organization","name":"Association Nationale de Retrait\u00e9s Groupe Tarn et Garonne","url":"https:\/\/anr82.fr\/","logo":{"@type":"ImageObject","inLanguage":"fr-FR","@id":"https:\/\/anr82.fr\/#\/schema\/logo\/image\/","url":"https:\/\/anr82.fr\/wp-content\/uploads\/2020\/04\/cropped-Logo-ANR82-02-2.jpg","contentUrl":"https:\/\/anr82.fr\/wp-content\/uploads\/2020\/04\/cropped-Logo-ANR82-02-2.jpg","width":500,"height":100,"caption":"Association Nationale de Retrait\u00e9s Groupe Tarn et Garonne"},"image":{"@id":"https:\/\/anr82.fr\/#\/schema\/logo\/image\/"}}]}},"_links":{"self":[{"href":"https:\/\/anr82.fr\/index.php\/wp-json\/wp\/v2\/pages\/1684","targetHints":{"allow":["GET"]}}],"collection":[{"href":"https:\/\/anr82.fr\/index.php\/wp-json\/wp\/v2\/pages"}],"about":[{"href":"https:\/\/anr82.fr\/index.php\/wp-json\/wp\/v2\/types\/page"}],"author":[{"embeddable":true,"href":"https:\/\/anr82.fr\/index.php\/wp-json\/wp\/v2\/users\/1"}],"replies":[{"embeddable":true,"href":"https:\/\/anr82.fr\/index.php\/wp-json\/wp\/v2\/comments?post=1684"}],"version-history":[{"count":1,"href":"https:\/\/anr82.fr\/index.php\/wp-json\/wp\/v2\/pages\/1684\/revisions"}],"predecessor-version":[{"id":6553,"href":"https:\/\/anr82.fr\/index.php\/wp-json\/wp\/v2\/pages\/1684\/revisions\/6553"}],"wp:attachment":[{"href":"https:\/\/anr82.fr\/index.php\/wp-json\/wp\/v2\/media?parent=1684"}],"curies":[{"name":"wp","href":"https:\/\/api.w.org\/{rel}","templated":true}]}}