{"id":2257,"date":"2020-04-20T08:38:27","date_gmt":"2020-04-20T06:38:27","guid":{"rendered":"https:\/\/site2020.anr82.fr\/?page_id=2257"},"modified":"2026-01-29T15:42:03","modified_gmt":"2026-01-29T14:42:03","slug":"programme","status":"publish","type":"page","link":"https:\/\/anr82.fr\/index.php\/programme\/","title":{"rendered":"AGENDA"},"content":{"rendered":"<div class=\"ditty ditty--pre\" data-id=\"4482\" data-uniqid=\"ditty-69d5fcc0cb5b0\" data-display=\"6387\" data-display_settings=\"{}\" data-ajax_load=\"1\"><\/div>\n\n\n<h3 class=\"wp-block-heading has-text-align-center\" style=\"margin-top:0;margin-bottom:0;font-size:16px\">Derni\u00e8re mise \u00e0 jour :<\/h3>\n\n\n<div style=\"padding-top:0;padding-bottom:0;margin-top:0;margin-bottom:0;\" class=\"has-text-align-center wp-block-post-date__modified-date wp-block-post-date has-small-font-size\"><time datetime=\"2026-01-29T15:42:03+01:00\">29 janvier 2026<\/time><\/div>\n\n\n<div style=\"height:24px\" aria-hidden=\"true\" class=\"wp-block-spacer\"><\/div>\n\n\n\n<p style=\"font-style:normal;font-weight:200\">Vous trouverez ici les sorties et activit\u00e9s pr\u00e9vues et\/ou programm\u00e9es par l&rsquo;ANR82. <\/p>\n\n\n\n<p style=\"font-style:normal;font-weight:200\">Pour vous inscrire \u00e0 une activit\u00e9 vous devez utiliser le bordereau disponible au bas de la circulaire correspondante, accompagn\u00e9 de votre r\u00e8glement.<br>Vous pouvez demander une pr\u00e9-inscription <strong><a href=\"https:\/\/anr82.fr\/index.php\/formulaire-de-contact\/\">via notre formulaire de contact<\/a> <\/strong>mais elle ne sera effective qu&rsquo;\u00e0 r\u00e9ception du bordereau d&rsquo;inscription.<br><br>Vous avez des questions ? Des informations vous manquent ? Vous constatez des erreurs ?<br>N&rsquo;h\u00e9sitez pas \u00e0 utiliser <strong><a href=\"https:\/\/anr82.fr\/index.php\/formulaire-de-contact\/\" rel=\"nofollow\">notre formulaire de contact<\/a><\/strong>.<\/p>\n\n\n\n<p>Merci pour votre visite sur le site de l&rsquo;ANR82.<\/p>\n\n\n\n<hr class=\"wp-block-separator has-alpha-channel-opacity\"\/>\n\n\n\n<h1 class=\"wp-block-heading has-text-align-center has-large-font-size\" style=\"text-transform:uppercase\">Au Programme :<\/h1>\n\n\n\n<hr class=\"wp-block-separator has-text-color has-header-gradient-color has-alpha-channel-opacity has-header-gradient-background-color has-background is-style-wide\"\/>\n\n\n\n<div class=\"wp-block-group\"><div class=\"wp-block-group__inner-container is-layout-constrained wp-block-group-is-layout-constrained\">\n<h3 id=\"wp-block-themeisle-blocks-advanced-heading-4564a165\" class=\"wp-block-themeisle-blocks-advanced-heading wp-block-themeisle-blocks-advanced-heading-4564a165 has-dark-bg\">\u25c9 28 Avril 2026<\/h3>\n\n\n\n<h2 class=\"wp-block-heading has-text-align-left\" style=\"font-size:16px;text-transform:uppercase\"><strong>Spectacle : <\/strong>SHEN YUN<\/h2>\n\n\n<div class=\"wp-block-image\">\n<figure class=\"aligncenter size-large is-resized\" id=\"wp-block-themeisle-blocks-image-c0a5bc15\"><a href=\"https:\/\/anr82.fr\/index.php\/programme\/spectacle-shen-yun\/\"><img loading=\"lazy\" decoding=\"async\" width=\"1024\" height=\"682\" src=\"https:\/\/anr82.fr\/wp-content\/uploads\/2025\/12\/chinese-lanterns-6938763_1280-1024x682.jpg\" alt=\"\" class=\"wp-image-11951\" style=\"width:300px\" srcset=\"https:\/\/anr82.fr\/wp-content\/uploads\/2025\/12\/chinese-lanterns-6938763_1280-1024x682.jpg 1024w, https:\/\/anr82.fr\/wp-content\/uploads\/2025\/12\/chinese-lanterns-6938763_1280-300x200.jpg 300w, https:\/\/anr82.fr\/wp-content\/uploads\/2025\/12\/chinese-lanterns-6938763_1280-768x512.jpg 768w, https:\/\/anr82.fr\/wp-content\/uploads\/2025\/12\/chinese-lanterns-6938763_1280-360x240.jpg 360w, https:\/\/anr82.fr\/wp-content\/uploads\/2025\/12\/chinese-lanterns-6938763_1280.jpg 1280w\" sizes=\"auto, (max-width: 1024px) 100vw, 1024px\" \/><\/a><\/figure>\n<\/div>\n\n\n<div id=\"wp-block-themeisle-blocks-button-group-422399ac\" class=\"wp-block-themeisle-blocks-button-group wp-block-buttons align-center-desktop\">\n<div id=\"wp-block-themeisle-blocks-button-6955be38\" class=\"wp-block-themeisle-blocks-button wp-block-button  is-style-outline\"><a href=\"https:\/\/anr82.fr\/index.php\/programme\/spectacle-shen-yun\/\" target=\"_self\" rel=\"noopener noreferrer\" class=\"wp-block-button__link\"><span>Consulter la fiche d&rsquo;informations&#8230;<\/span><i class=\"fas fa-fw fa-chevron-right margin-left\"><\/i><\/a><\/div>\n<\/div>\n<\/div><\/div>\n\n\n\n<hr class=\"wp-block-separator has-text-color has-header-gradient-color has-alpha-channel-opacity has-header-gradient-background-color has-background is-style-wide\"\/>\n\n\n\n<div class=\"wp-block-group\"><div class=\"wp-block-group__inner-container is-layout-constrained wp-block-group-is-layout-constrained\">\n<h3 id=\"wp-block-themeisle-blocks-advanced-heading-cdaa9f87\" class=\"wp-block-themeisle-blocks-advanced-heading wp-block-themeisle-blocks-advanced-heading-cdaa9f87 has-dark-bg\">\u25c9 26 Mai au 2 Juin 2026<\/h3>\n\n\n\n<h2 class=\"wp-block-heading has-text-align-left\" style=\"font-size:16px;text-transform:uppercase\"><strong>Voyage : d\u00e9couverte des Pouilles<\/strong><\/h2>\n\n\n<div class=\"wp-block-image\">\n<figure class=\"aligncenter size-large is-resized\" id=\"wp-block-themeisle-blocks-image-33d0c0f7\"><a href=\"https:\/\/anr82.fr\/index.php\/programme\/voyage-a-la-decouverte-des-pouilles-italie\/\"><img loading=\"lazy\" decoding=\"async\" width=\"1024\" height=\"592\" src=\"https:\/\/anr82.fr\/wp-content\/uploads\/2025\/10\/cropped-italy-1215212_1280-1024x592.jpg\" alt=\"\" class=\"wp-image-11272\" style=\"width:400px\" srcset=\"https:\/\/anr82.fr\/wp-content\/uploads\/2025\/10\/cropped-italy-1215212_1280-1024x592.jpg 1024w, https:\/\/anr82.fr\/wp-content\/uploads\/2025\/10\/cropped-italy-1215212_1280-300x173.jpg 300w, https:\/\/anr82.fr\/wp-content\/uploads\/2025\/10\/cropped-italy-1215212_1280-768x444.jpg 768w, https:\/\/anr82.fr\/wp-content\/uploads\/2025\/10\/cropped-italy-1215212_1280.jpg 1146w\" sizes=\"auto, (max-width: 1024px) 100vw, 1024px\" \/><\/a><figcaption class=\"wp-element-caption\"><mark style=\"background-color:rgba(0, 0, 0, 0)\" class=\"has-inline-color has-header-gradient-color\"><sup>Source Pixabay<\/sup><\/mark><\/figcaption><\/figure>\n<\/div>\n\n\n<div id=\"wp-block-themeisle-blocks-button-group-5a5605c2\" class=\"wp-block-themeisle-blocks-button-group wp-block-buttons align-center-desktop\">\n<div id=\"wp-block-themeisle-blocks-button-6cc6df67\" class=\"wp-block-themeisle-blocks-button wp-block-button  is-style-outline\"><a href=\"https:\/\/anr82.fr\/index.php\/programme\/voyage-a-la-decouverte-des-pouilles-italie\/\" target=\"_self\" rel=\"noopener noreferrer\" class=\"wp-block-button__link\"><span>Consulter la fiche d&rsquo;informations&#8230;<\/span><i class=\"fas fa-fw fa-chevron-right margin-left\"><\/i><\/a><\/div>\n<\/div>\n<\/div><\/div>\n\n\n\n<hr class=\"wp-block-separator has-text-color has-header-gradient-color has-alpha-channel-opacity has-header-gradient-background-color has-background is-style-wide\"\/>\n\n\n\n<div style=\"height:24px\" aria-hidden=\"true\" class=\"wp-block-spacer\"><\/div>\n\n\n<div class=\"ditty ditty--pre\" data-id=\"4482\" data-uniqid=\"ditty-69d5fcc0cedfd\" data-display=\"6387\" data-display_settings=\"{}\" data-ajax_load=\"1\"><\/div>\n\n\n<div style=\"height:39px\" aria-hidden=\"true\" class=\"wp-block-spacer\"><\/div>\n\n\n\n<p><\/p>\n","protected":false},"excerpt":{"rendered":"<p>Derni\u00e8re mise \u00e0 jour : Vous trouverez ici les sorties et activit\u00e9s pr\u00e9vues et\/ou programm\u00e9es par l&rsquo;ANR82. Pour vous inscrire \u00e0 une activit\u00e9 vous devez utiliser le bordereau disponible au bas de la circulaire correspondante, accompagn\u00e9 de votre r\u00e8glement.Vous pouvez demander une pr\u00e9-inscription via notre formulaire de contact mais elle [&hellip;]<\/p>\n","protected":false},"author":1,"featured_media":0,"parent":0,"menu_order":0,"comment_status":"closed","ping_status":"closed","template":"page-templates\/template-fullwidth.php","meta":{"_bbp_topic_count":0,"_bbp_reply_count":0,"_bbp_total_topic_count":0,"_bbp_total_reply_count":0,"_bbp_voice_count":0,"_bbp_anonymous_reply_count":0,"_bbp_topic_count_hidden":0,"_bbp_reply_count_hidden":0,"_bbp_forum_subforum_count":0,"_themeisle_gutenberg_block_has_review":false,"footnotes":""},"class_list":["post-2257","page","type-page","status-publish","hentry"],"yoast_head":"<!-- This site is optimized with the Yoast SEO plugin v27.3 - https:\/\/yoast.com\/product\/yoast-seo-wordpress\/ -->\n<title>AGENDA - Groupe Tarn &amp; Garonne<\/title>\n<meta name=\"robots\" content=\"index, follow, max-snippet:-1, max-image-preview:large, max-video-preview:-1\" \/>\n<link rel=\"canonical\" href=\"https:\/\/anr82.fr\/index.php\/programme\/\" \/>\n<meta property=\"og:locale\" content=\"fr_FR\" \/>\n<meta property=\"og:type\" content=\"article\" \/>\n<meta property=\"og:title\" content=\"AGENDA - Groupe Tarn &amp; Garonne\" \/>\n<meta property=\"og:description\" content=\"Derni\u00e8re mise \u00e0 jour : Vous trouverez ici les sorties et activit\u00e9s pr\u00e9vues et\/ou programm\u00e9es par l&rsquo;ANR82. Pour vous inscrire \u00e0 une activit\u00e9 vous devez utiliser le bordereau disponible au bas de la circulaire correspondante, accompagn\u00e9 de votre r\u00e8glement.Vous pouvez demander une pr\u00e9-inscription via notre formulaire de contact mais elle [&hellip;]\" \/>\n<meta property=\"og:url\" content=\"https:\/\/anr82.fr\/index.php\/programme\/\" \/>\n<meta property=\"og:site_name\" content=\"Groupe Tarn &amp; Garonne\" \/>\n<meta property=\"article:modified_time\" content=\"2026-01-29T14:42:03+00:00\" \/>\n<meta property=\"og:image\" content=\"https:\/\/anr82.fr\/wp-content\/uploads\/2025\/12\/chinese-lanterns-6938763_1280.jpg\" \/>\n\t<meta property=\"og:image:width\" content=\"1280\" \/>\n\t<meta property=\"og:image:height\" content=\"853\" \/>\n\t<meta property=\"og:image:type\" content=\"image\/jpeg\" \/>\n<meta name=\"twitter:card\" content=\"summary_large_image\" \/>\n<meta name=\"twitter:label1\" content=\"Dur\u00e9e de lecture estim\u00e9e\" \/>\n\t<meta name=\"twitter:data1\" content=\"1 minute\" \/>\n<script type=\"application\/ld+json\" class=\"yoast-schema-graph\">{\"@context\":\"https:\\\/\\\/schema.org\",\"@graph\":[{\"@type\":\"WebPage\",\"@id\":\"https:\\\/\\\/anr82.fr\\\/index.php\\\/programme\\\/\",\"url\":\"https:\\\/\\\/anr82.fr\\\/index.php\\\/programme\\\/\",\"name\":\"AGENDA - Groupe Tarn &amp; Garonne\",\"isPartOf\":{\"@id\":\"https:\\\/\\\/anr82.fr\\\/#website\"},\"primaryImageOfPage\":{\"@id\":\"https:\\\/\\\/anr82.fr\\\/index.php\\\/programme\\\/#primaryimage\"},\"image\":{\"@id\":\"https:\\\/\\\/anr82.fr\\\/index.php\\\/programme\\\/#primaryimage\"},\"thumbnailUrl\":\"https:\\\/\\\/anr82.fr\\\/wp-content\\\/uploads\\\/2025\\\/12\\\/chinese-lanterns-6938763_1280-1024x682.jpg\",\"datePublished\":\"2020-04-20T06:38:27+00:00\",\"dateModified\":\"2026-01-29T14:42:03+00:00\",\"breadcrumb\":{\"@id\":\"https:\\\/\\\/anr82.fr\\\/index.php\\\/programme\\\/#breadcrumb\"},\"inLanguage\":\"fr-FR\",\"potentialAction\":[{\"@type\":\"ReadAction\",\"target\":[\"https:\\\/\\\/anr82.fr\\\/index.php\\\/programme\\\/\"]}]},{\"@type\":\"ImageObject\",\"inLanguage\":\"fr-FR\",\"@id\":\"https:\\\/\\\/anr82.fr\\\/index.php\\\/programme\\\/#primaryimage\",\"url\":\"https:\\\/\\\/anr82.fr\\\/wp-content\\\/uploads\\\/2025\\\/12\\\/chinese-lanterns-6938763_1280.jpg\",\"contentUrl\":\"https:\\\/\\\/anr82.fr\\\/wp-content\\\/uploads\\\/2025\\\/12\\\/chinese-lanterns-6938763_1280.jpg\",\"width\":1280,\"height\":853},{\"@type\":\"BreadcrumbList\",\"@id\":\"https:\\\/\\\/anr82.fr\\\/index.php\\\/programme\\\/#breadcrumb\",\"itemListElement\":[{\"@type\":\"ListItem\",\"position\":1,\"name\":\"Accueil\",\"item\":\"https:\\\/\\\/anr82.fr\\\/\"},{\"@type\":\"ListItem\",\"position\":2,\"name\":\"AGENDA\"}]},{\"@type\":\"WebSite\",\"@id\":\"https:\\\/\\\/anr82.fr\\\/#website\",\"url\":\"https:\\\/\\\/anr82.fr\\\/\",\"name\":\"Groupe Tarn &amp; Garonne\",\"description\":\"Solidarit\u00e9, aide, convivialit\u00e9, partage...\",\"publisher\":{\"@id\":\"https:\\\/\\\/anr82.fr\\\/#organization\"},\"potentialAction\":[{\"@type\":\"SearchAction\",\"target\":{\"@type\":\"EntryPoint\",\"urlTemplate\":\"https:\\\/\\\/anr82.fr\\\/?s={search_term_string}\"},\"query-input\":{\"@type\":\"PropertyValueSpecification\",\"valueRequired\":true,\"valueName\":\"search_term_string\"}}],\"inLanguage\":\"fr-FR\"},{\"@type\":\"Organization\",\"@id\":\"https:\\\/\\\/anr82.fr\\\/#organization\",\"name\":\"Association Nationale de Retrait\u00e9s Groupe Tarn et Garonne\",\"url\":\"https:\\\/\\\/anr82.fr\\\/\",\"logo\":{\"@type\":\"ImageObject\",\"inLanguage\":\"fr-FR\",\"@id\":\"https:\\\/\\\/anr82.fr\\\/#\\\/schema\\\/logo\\\/image\\\/\",\"url\":\"https:\\\/\\\/anr82.fr\\\/wp-content\\\/uploads\\\/2020\\\/04\\\/cropped-Logo-ANR82-02-2.jpg\",\"contentUrl\":\"https:\\\/\\\/anr82.fr\\\/wp-content\\\/uploads\\\/2020\\\/04\\\/cropped-Logo-ANR82-02-2.jpg\",\"width\":500,\"height\":100,\"caption\":\"Association Nationale de Retrait\u00e9s Groupe Tarn et Garonne\"},\"image\":{\"@id\":\"https:\\\/\\\/anr82.fr\\\/#\\\/schema\\\/logo\\\/image\\\/\"}}]}<\/script>\n<!-- \/ Yoast SEO plugin. -->","yoast_head_json":{"title":"AGENDA - Groupe Tarn &amp; Garonne","robots":{"index":"index","follow":"follow","max-snippet":"max-snippet:-1","max-image-preview":"max-image-preview:large","max-video-preview":"max-video-preview:-1"},"canonical":"https:\/\/anr82.fr\/index.php\/programme\/","og_locale":"fr_FR","og_type":"article","og_title":"AGENDA - Groupe Tarn &amp; Garonne","og_description":"Derni\u00e8re mise \u00e0 jour : Vous trouverez ici les sorties et activit\u00e9s pr\u00e9vues et\/ou programm\u00e9es par l&rsquo;ANR82. Pour vous inscrire \u00e0 une activit\u00e9 vous devez utiliser le bordereau disponible au bas de la circulaire correspondante, accompagn\u00e9 de votre r\u00e8glement.Vous pouvez demander une pr\u00e9-inscription via notre formulaire de contact mais elle [&hellip;]","og_url":"https:\/\/anr82.fr\/index.php\/programme\/","og_site_name":"Groupe Tarn &amp; Garonne","article_modified_time":"2026-01-29T14:42:03+00:00","og_image":[{"width":1280,"height":853,"url":"https:\/\/anr82.fr\/wp-content\/uploads\/2025\/12\/chinese-lanterns-6938763_1280.jpg","type":"image\/jpeg"}],"twitter_card":"summary_large_image","twitter_misc":{"Dur\u00e9e de lecture estim\u00e9e":"1 minute"},"schema":{"@context":"https:\/\/schema.org","@graph":[{"@type":"WebPage","@id":"https:\/\/anr82.fr\/index.php\/programme\/","url":"https:\/\/anr82.fr\/index.php\/programme\/","name":"AGENDA - Groupe Tarn &amp; Garonne","isPartOf":{"@id":"https:\/\/anr82.fr\/#website"},"primaryImageOfPage":{"@id":"https:\/\/anr82.fr\/index.php\/programme\/#primaryimage"},"image":{"@id":"https:\/\/anr82.fr\/index.php\/programme\/#primaryimage"},"thumbnailUrl":"https:\/\/anr82.fr\/wp-content\/uploads\/2025\/12\/chinese-lanterns-6938763_1280-1024x682.jpg","datePublished":"2020-04-20T06:38:27+00:00","dateModified":"2026-01-29T14:42:03+00:00","breadcrumb":{"@id":"https:\/\/anr82.fr\/index.php\/programme\/#breadcrumb"},"inLanguage":"fr-FR","potentialAction":[{"@type":"ReadAction","target":["https:\/\/anr82.fr\/index.php\/programme\/"]}]},{"@type":"ImageObject","inLanguage":"fr-FR","@id":"https:\/\/anr82.fr\/index.php\/programme\/#primaryimage","url":"https:\/\/anr82.fr\/wp-content\/uploads\/2025\/12\/chinese-lanterns-6938763_1280.jpg","contentUrl":"https:\/\/anr82.fr\/wp-content\/uploads\/2025\/12\/chinese-lanterns-6938763_1280.jpg","width":1280,"height":853},{"@type":"BreadcrumbList","@id":"https:\/\/anr82.fr\/index.php\/programme\/#breadcrumb","itemListElement":[{"@type":"ListItem","position":1,"name":"Accueil","item":"https:\/\/anr82.fr\/"},{"@type":"ListItem","position":2,"name":"AGENDA"}]},{"@type":"WebSite","@id":"https:\/\/anr82.fr\/#website","url":"https:\/\/anr82.fr\/","name":"Groupe Tarn &amp; Garonne","description":"Solidarit\u00e9, aide, convivialit\u00e9, partage...","publisher":{"@id":"https:\/\/anr82.fr\/#organization"},"potentialAction":[{"@type":"SearchAction","target":{"@type":"EntryPoint","urlTemplate":"https:\/\/anr82.fr\/?s={search_term_string}"},"query-input":{"@type":"PropertyValueSpecification","valueRequired":true,"valueName":"search_term_string"}}],"inLanguage":"fr-FR"},{"@type":"Organization","@id":"https:\/\/anr82.fr\/#organization","name":"Association Nationale de Retrait\u00e9s Groupe Tarn et Garonne","url":"https:\/\/anr82.fr\/","logo":{"@type":"ImageObject","inLanguage":"fr-FR","@id":"https:\/\/anr82.fr\/#\/schema\/logo\/image\/","url":"https:\/\/anr82.fr\/wp-content\/uploads\/2020\/04\/cropped-Logo-ANR82-02-2.jpg","contentUrl":"https:\/\/anr82.fr\/wp-content\/uploads\/2020\/04\/cropped-Logo-ANR82-02-2.jpg","width":500,"height":100,"caption":"Association Nationale de Retrait\u00e9s Groupe Tarn et Garonne"},"image":{"@id":"https:\/\/anr82.fr\/#\/schema\/logo\/image\/"}}]}},"_links":{"self":[{"href":"https:\/\/anr82.fr\/index.php\/wp-json\/wp\/v2\/pages\/2257","targetHints":{"allow":["GET"]}}],"collection":[{"href":"https:\/\/anr82.fr\/index.php\/wp-json\/wp\/v2\/pages"}],"about":[{"href":"https:\/\/anr82.fr\/index.php\/wp-json\/wp\/v2\/types\/page"}],"author":[{"embeddable":true,"href":"https:\/\/anr82.fr\/index.php\/wp-json\/wp\/v2\/users\/1"}],"replies":[{"embeddable":true,"href":"https:\/\/anr82.fr\/index.php\/wp-json\/wp\/v2\/comments?post=2257"}],"version-history":[{"count":405,"href":"https:\/\/anr82.fr\/index.php\/wp-json\/wp\/v2\/pages\/2257\/revisions"}],"predecessor-version":[{"id":12107,"href":"https:\/\/anr82.fr\/index.php\/wp-json\/wp\/v2\/pages\/2257\/revisions\/12107"}],"wp:attachment":[{"href":"https:\/\/anr82.fr\/index.php\/wp-json\/wp\/v2\/media?parent=2257"}],"curies":[{"name":"wp","href":"https:\/\/api.w.org\/{rel}","templated":true}]}}