{"id":2635,"date":"2020-04-30T18:16:22","date_gmt":"2020-04-30T16:16:22","guid":{"rendered":"https:\/\/site2020.anr82.fr\/?page_id=2635"},"modified":"2025-04-15T11:49:57","modified_gmt":"2025-04-15T09:49:57","slug":"composition-du-bureau","status":"publish","type":"page","link":"https:\/\/anr82.fr\/index.php\/composition-du-bureau\/","title":{"rendered":"Composition du bureau"},"content":{"rendered":"\n<p class=\"has-medium-font-size\"><strong>Francis DELPECH, Pr\u00e9sident<\/strong><\/p>\n\n\n\n<p class=\"has-text-align-center has-header-gradient-color has-text-color has-background\" style=\"background-color:#e2e3d5\"><strong>Membres du comit\u00e9:<\/strong><\/p>\n\n\n\n<div class=\"wp-block-columns is-layout-flex wp-container-core-columns-is-layout-28f84493 wp-block-columns-is-layout-flex\">\n<div class=\"wp-block-column is-layout-flow wp-block-column-is-layout-flow\">\n<p>Jacqueline ASSEMAT<br>Henriette BAUX<br>Jean BONNET<br>Bernard CALVET<br>Jacqueline CALVET<br>Evelyne DELPECH<br>Lydie ESPINOSA<br>Guy FAURY<br><\/p>\n<\/div>\n\n\n\n<div class=\"wp-block-column is-layout-flow wp-block-column-is-layout-flow\"><\/div>\n\n\n\n<div class=\"wp-block-column is-layout-flow wp-block-column-is-layout-flow\">\n<p>Babeth FAURY<br>Marcelle IMBERT<br>Philippe LARATTE<br>Lydie LARATTE<br>Jean Michel LOMBRAIL<br>Francis MAGNIETTE<br>Pierre SUARD<br><\/p>\n<\/div>\n<\/div>\n\n\n\n<p class=\"has-text-align-center has-header-gradient-color has-text-color has-background\" style=\"background-color:#e2e3d5\"><strong>V\u00e9rificateurs aux Comptes<\/strong><\/p>\n\n\n\n<p>Jean-Louis BETEILLE<br>Catherine LIEBART<\/p>\n\n\n\n<p class=\"has-text-align-center has-header-gradient-color has-text-color has-background\" style=\"background-color:#e2e3d5\"><strong>Membres d\u2019honneur<\/strong><\/p>\n\n\n\n<p>Andr\u00e9 ASSEMAT<br>Andr\u00e9 DECROIX<br>Claude FREZAL<br>Andr\u00e9 ITHIE<br>Nicole NARGIL<br>Ginette SINNER<\/p>\n\n\n\n<p><\/p>\n","protected":false},"excerpt":{"rendered":"<p>Francis DELPECH, Pr\u00e9sident Membres du comit\u00e9: Jacqueline ASSEMATHenriette BAUXJean BONNETBernard CALVETJacqueline CALVETEvelyne DELPECHLydie ESPINOSAGuy FAURY Babeth FAURYMarcelle IMBERTPhilippe LARATTELydie LARATTEJean Michel LOMBRAILFrancis MAGNIETTEPierre SUARD V\u00e9rificateurs aux Comptes Jean-Louis BETEILLECatherine LIEBART Membres d\u2019honneur Andr\u00e9 ASSEMATAndr\u00e9 DECROIXClaude FREZALAndr\u00e9 ITHIENicole NARGILGinette SINNER<\/p>\n","protected":false},"author":1,"featured_media":0,"parent":0,"menu_order":0,"comment_status":"closed","ping_status":"closed","template":"page-templates\/template-fullwidth.php","meta":{"_bbp_topic_count":0,"_bbp_reply_count":0,"_bbp_total_topic_count":0,"_bbp_total_reply_count":0,"_bbp_voice_count":0,"_bbp_anonymous_reply_count":0,"_bbp_topic_count_hidden":0,"_bbp_reply_count_hidden":0,"_bbp_forum_subforum_count":0,"_themeisle_gutenberg_block_has_review":false,"footnotes":""},"class_list":["post-2635","page","type-page","status-publish","hentry"],"yoast_head":"<!-- This site is optimized with the Yoast SEO plugin v27.3 - https:\/\/yoast.com\/product\/yoast-seo-wordpress\/ -->\n<title>Composition du bureau - Groupe Tarn &amp; Garonne<\/title>\n<meta name=\"robots\" content=\"index, follow, max-snippet:-1, max-image-preview:large, max-video-preview:-1\" \/>\n<link rel=\"canonical\" href=\"https:\/\/anr82.fr\/index.php\/composition-du-bureau\/\" \/>\n<meta property=\"og:locale\" content=\"fr_FR\" \/>\n<meta property=\"og:type\" content=\"article\" \/>\n<meta property=\"og:title\" content=\"Composition du bureau - Groupe Tarn &amp; Garonne\" \/>\n<meta property=\"og:description\" content=\"Francis DELPECH, Pr\u00e9sident Membres du comit\u00e9: Jacqueline ASSEMATHenriette BAUXJean BONNETBernard CALVETJacqueline CALVETEvelyne DELPECHLydie ESPINOSAGuy FAURY Babeth FAURYMarcelle IMBERTPhilippe LARATTELydie LARATTEJean Michel LOMBRAILFrancis MAGNIETTEPierre SUARD V\u00e9rificateurs aux Comptes Jean-Louis BETEILLECatherine LIEBART Membres d\u2019honneur Andr\u00e9 ASSEMATAndr\u00e9 DECROIXClaude FREZALAndr\u00e9 ITHIENicole NARGILGinette SINNER\" \/>\n<meta property=\"og:url\" content=\"https:\/\/anr82.fr\/index.php\/composition-du-bureau\/\" \/>\n<meta property=\"og:site_name\" content=\"Groupe Tarn &amp; Garonne\" \/>\n<meta property=\"article:modified_time\" content=\"2025-04-15T09:49:57+00:00\" \/>\n<meta name=\"twitter:card\" content=\"summary_large_image\" \/>\n<meta name=\"twitter:label1\" content=\"Dur\u00e9e de lecture estim\u00e9e\" \/>\n\t<meta name=\"twitter:data1\" content=\"1 minute\" \/>\n<script type=\"application\/ld+json\" class=\"yoast-schema-graph\">{\"@context\":\"https:\\\/\\\/schema.org\",\"@graph\":[{\"@type\":\"WebPage\",\"@id\":\"https:\\\/\\\/anr82.fr\\\/index.php\\\/composition-du-bureau\\\/\",\"url\":\"https:\\\/\\\/anr82.fr\\\/index.php\\\/composition-du-bureau\\\/\",\"name\":\"Composition du bureau - Groupe Tarn &amp; Garonne\",\"isPartOf\":{\"@id\":\"https:\\\/\\\/anr82.fr\\\/#website\"},\"datePublished\":\"2020-04-30T16:16:22+00:00\",\"dateModified\":\"2025-04-15T09:49:57+00:00\",\"breadcrumb\":{\"@id\":\"https:\\\/\\\/anr82.fr\\\/index.php\\\/composition-du-bureau\\\/#breadcrumb\"},\"inLanguage\":\"fr-FR\",\"potentialAction\":[{\"@type\":\"ReadAction\",\"target\":[\"https:\\\/\\\/anr82.fr\\\/index.php\\\/composition-du-bureau\\\/\"]}]},{\"@type\":\"BreadcrumbList\",\"@id\":\"https:\\\/\\\/anr82.fr\\\/index.php\\\/composition-du-bureau\\\/#breadcrumb\",\"itemListElement\":[{\"@type\":\"ListItem\",\"position\":1,\"name\":\"Accueil\",\"item\":\"https:\\\/\\\/anr82.fr\\\/\"},{\"@type\":\"ListItem\",\"position\":2,\"name\":\"Composition du bureau\"}]},{\"@type\":\"WebSite\",\"@id\":\"https:\\\/\\\/anr82.fr\\\/#website\",\"url\":\"https:\\\/\\\/anr82.fr\\\/\",\"name\":\"Groupe Tarn &amp; Garonne\",\"description\":\"Solidarit\u00e9, aide, convivialit\u00e9, partage...\",\"publisher\":{\"@id\":\"https:\\\/\\\/anr82.fr\\\/#organization\"},\"potentialAction\":[{\"@type\":\"SearchAction\",\"target\":{\"@type\":\"EntryPoint\",\"urlTemplate\":\"https:\\\/\\\/anr82.fr\\\/?s={search_term_string}\"},\"query-input\":{\"@type\":\"PropertyValueSpecification\",\"valueRequired\":true,\"valueName\":\"search_term_string\"}}],\"inLanguage\":\"fr-FR\"},{\"@type\":\"Organization\",\"@id\":\"https:\\\/\\\/anr82.fr\\\/#organization\",\"name\":\"Association Nationale de Retrait\u00e9s Groupe Tarn et Garonne\",\"url\":\"https:\\\/\\\/anr82.fr\\\/\",\"logo\":{\"@type\":\"ImageObject\",\"inLanguage\":\"fr-FR\",\"@id\":\"https:\\\/\\\/anr82.fr\\\/#\\\/schema\\\/logo\\\/image\\\/\",\"url\":\"https:\\\/\\\/anr82.fr\\\/wp-content\\\/uploads\\\/2020\\\/04\\\/cropped-Logo-ANR82-02-2.jpg\",\"contentUrl\":\"https:\\\/\\\/anr82.fr\\\/wp-content\\\/uploads\\\/2020\\\/04\\\/cropped-Logo-ANR82-02-2.jpg\",\"width\":500,\"height\":100,\"caption\":\"Association Nationale de Retrait\u00e9s Groupe Tarn et Garonne\"},\"image\":{\"@id\":\"https:\\\/\\\/anr82.fr\\\/#\\\/schema\\\/logo\\\/image\\\/\"}}]}<\/script>\n<!-- \/ Yoast SEO plugin. -->","yoast_head_json":{"title":"Composition du bureau - Groupe Tarn &amp; Garonne","robots":{"index":"index","follow":"follow","max-snippet":"max-snippet:-1","max-image-preview":"max-image-preview:large","max-video-preview":"max-video-preview:-1"},"canonical":"https:\/\/anr82.fr\/index.php\/composition-du-bureau\/","og_locale":"fr_FR","og_type":"article","og_title":"Composition du bureau - Groupe Tarn &amp; Garonne","og_description":"Francis DELPECH, Pr\u00e9sident Membres du comit\u00e9: Jacqueline ASSEMATHenriette BAUXJean BONNETBernard CALVETJacqueline CALVETEvelyne DELPECHLydie ESPINOSAGuy FAURY Babeth FAURYMarcelle IMBERTPhilippe LARATTELydie LARATTEJean Michel LOMBRAILFrancis MAGNIETTEPierre SUARD V\u00e9rificateurs aux Comptes Jean-Louis BETEILLECatherine LIEBART Membres d\u2019honneur Andr\u00e9 ASSEMATAndr\u00e9 DECROIXClaude FREZALAndr\u00e9 ITHIENicole NARGILGinette SINNER","og_url":"https:\/\/anr82.fr\/index.php\/composition-du-bureau\/","og_site_name":"Groupe Tarn &amp; Garonne","article_modified_time":"2025-04-15T09:49:57+00:00","twitter_card":"summary_large_image","twitter_misc":{"Dur\u00e9e de lecture estim\u00e9e":"1 minute"},"schema":{"@context":"https:\/\/schema.org","@graph":[{"@type":"WebPage","@id":"https:\/\/anr82.fr\/index.php\/composition-du-bureau\/","url":"https:\/\/anr82.fr\/index.php\/composition-du-bureau\/","name":"Composition du bureau - Groupe Tarn &amp; Garonne","isPartOf":{"@id":"https:\/\/anr82.fr\/#website"},"datePublished":"2020-04-30T16:16:22+00:00","dateModified":"2025-04-15T09:49:57+00:00","breadcrumb":{"@id":"https:\/\/anr82.fr\/index.php\/composition-du-bureau\/#breadcrumb"},"inLanguage":"fr-FR","potentialAction":[{"@type":"ReadAction","target":["https:\/\/anr82.fr\/index.php\/composition-du-bureau\/"]}]},{"@type":"BreadcrumbList","@id":"https:\/\/anr82.fr\/index.php\/composition-du-bureau\/#breadcrumb","itemListElement":[{"@type":"ListItem","position":1,"name":"Accueil","item":"https:\/\/anr82.fr\/"},{"@type":"ListItem","position":2,"name":"Composition du bureau"}]},{"@type":"WebSite","@id":"https:\/\/anr82.fr\/#website","url":"https:\/\/anr82.fr\/","name":"Groupe Tarn &amp; Garonne","description":"Solidarit\u00e9, aide, convivialit\u00e9, partage...","publisher":{"@id":"https:\/\/anr82.fr\/#organization"},"potentialAction":[{"@type":"SearchAction","target":{"@type":"EntryPoint","urlTemplate":"https:\/\/anr82.fr\/?s={search_term_string}"},"query-input":{"@type":"PropertyValueSpecification","valueRequired":true,"valueName":"search_term_string"}}],"inLanguage":"fr-FR"},{"@type":"Organization","@id":"https:\/\/anr82.fr\/#organization","name":"Association Nationale de Retrait\u00e9s Groupe Tarn et Garonne","url":"https:\/\/anr82.fr\/","logo":{"@type":"ImageObject","inLanguage":"fr-FR","@id":"https:\/\/anr82.fr\/#\/schema\/logo\/image\/","url":"https:\/\/anr82.fr\/wp-content\/uploads\/2020\/04\/cropped-Logo-ANR82-02-2.jpg","contentUrl":"https:\/\/anr82.fr\/wp-content\/uploads\/2020\/04\/cropped-Logo-ANR82-02-2.jpg","width":500,"height":100,"caption":"Association Nationale de Retrait\u00e9s Groupe Tarn et Garonne"},"image":{"@id":"https:\/\/anr82.fr\/#\/schema\/logo\/image\/"}}]}},"_links":{"self":[{"href":"https:\/\/anr82.fr\/index.php\/wp-json\/wp\/v2\/pages\/2635","targetHints":{"allow":["GET"]}}],"collection":[{"href":"https:\/\/anr82.fr\/index.php\/wp-json\/wp\/v2\/pages"}],"about":[{"href":"https:\/\/anr82.fr\/index.php\/wp-json\/wp\/v2\/types\/page"}],"author":[{"embeddable":true,"href":"https:\/\/anr82.fr\/index.php\/wp-json\/wp\/v2\/users\/1"}],"replies":[{"embeddable":true,"href":"https:\/\/anr82.fr\/index.php\/wp-json\/wp\/v2\/comments?post=2635"}],"version-history":[{"count":17,"href":"https:\/\/anr82.fr\/index.php\/wp-json\/wp\/v2\/pages\/2635\/revisions"}],"predecessor-version":[{"id":9809,"href":"https:\/\/anr82.fr\/index.php\/wp-json\/wp\/v2\/pages\/2635\/revisions\/9809"}],"wp:attachment":[{"href":"https:\/\/anr82.fr\/index.php\/wp-json\/wp\/v2\/media?parent=2635"}],"curies":[{"name":"wp","href":"https:\/\/api.w.org\/{rel}","templated":true}]}}