{"id":3647,"date":"2022-09-11T16:56:00","date_gmt":"2022-09-11T14:56:00","guid":{"rendered":"https:\/\/anr82.fr\/?page_id=3647"},"modified":"2026-02-25T22:28:07","modified_gmt":"2026-02-25T21:28:07","slug":"nous-rejoindre","status":"publish","type":"page","link":"https:\/\/anr82.fr\/index.php\/nous-rejoindre\/","title":{"rendered":"Nous rejoindre."},"content":{"rendered":"\n<div style=\"height:32px\" aria-hidden=\"true\" class=\"wp-block-spacer\"><\/div>\n\n\n\n<p>Vous pouvez t\u00e9l\u00e9charger le formulaire d&rsquo;adh\u00e9sion en cliquant sur le bouton ci-dessous.<\/p>\n\n\n\n<div class=\"wp-block-columns is-layout-flex wp-container-core-columns-is-layout-28f84493 wp-block-columns-is-layout-flex\">\n<div class=\"wp-block-column is-layout-flow wp-block-column-is-layout-flow\" style=\"flex-basis:15%\"><div class=\"wp-block-image\">\n<figure class=\"alignright size-large is-resized\"><img loading=\"lazy\" decoding=\"async\" width=\"745\" height=\"1024\" src=\"https:\/\/anr82.fr\/wp-content\/uploads\/2026\/02\/Formulaire-adhesion-ANR-2026-745x1024.jpg\" alt=\"\" class=\"wp-image-12156\" style=\"width:105px;height:auto\" srcset=\"https:\/\/anr82.fr\/wp-content\/uploads\/2026\/02\/Formulaire-adhesion-ANR-2026-745x1024.jpg 745w, https:\/\/anr82.fr\/wp-content\/uploads\/2026\/02\/Formulaire-adhesion-ANR-2026-218x300.jpg 218w, https:\/\/anr82.fr\/wp-content\/uploads\/2026\/02\/Formulaire-adhesion-ANR-2026-768x1056.jpg 768w, https:\/\/anr82.fr\/wp-content\/uploads\/2026\/02\/Formulaire-adhesion-ANR-2026-1117x1536.jpg 1117w, https:\/\/anr82.fr\/wp-content\/uploads\/2026\/02\/Formulaire-adhesion-ANR-2026-1489x2048.jpg 1489w, https:\/\/anr82.fr\/wp-content\/uploads\/2026\/02\/Formulaire-adhesion-ANR-2026-scaled.jpg 1861w\" sizes=\"auto, (max-width: 745px) 100vw, 745px\" \/><\/figure>\n<\/div><\/div>\n\n\n\n<div class=\"wp-block-column is-vertically-aligned-center is-layout-flow wp-block-column-is-layout-flow\" style=\"flex-basis:66.66%\">\n<div class=\"wp-block-file alignleft\"><a id=\"wp-block-file--media-d364e33b-f523-4047-9df6-a37ae54275ba\" href=\"https:\/\/anr82.fr\/wp-content\/uploads\/2026\/02\/Formulaire-adhesion-ANR-2026-scaled.jpg\" target=\"_blank\" rel=\"noreferrer noopener\" data-rel=\"lightbox-image-0\" data-rl_title=\"Formulaire adh\u00e9sion ANR 2026\" data-rl_caption=\"\" title=\"Formulaire adh\u00e9sion ANR 2026\">Formulaire adh\u00e9sion ANR 2026<\/a><a href=\"https:\/\/anr82.fr\/wp-content\/uploads\/2026\/02\/Formulaire-adhesion-ANR-2026-scaled.jpg\" class=\"wp-block-file__button wp-element-button\" download aria-describedby=\"wp-block-file--media-d364e33b-f523-4047-9df6-a37ae54275ba\" data-rel=\"lightbox-image-1\" data-rl_title=\"Formulaire adh\u00e9sion ANR 2026\" data-rl_caption=\"\" title=\"Formulaire adh\u00e9sion ANR 2026\">T\u00e9l\u00e9charger<\/a><\/div>\n<\/div>\n<\/div>\n\n\n\n<p>Une fois renseign\u00e9, ce document est \u00e0 retourner \u00e0 l&rsquo;adresse suivante :<br><strong>ANR82<br>30 Avenue Chamier<br>82000 MONTAUBAN<\/strong><\/p>\n\n\n\n<p><\/p>\n","protected":false},"excerpt":{"rendered":"<p>Vous pouvez t\u00e9l\u00e9charger le formulaire d&rsquo;adh\u00e9sion en cliquant sur le bouton ci-dessous. Une fois renseign\u00e9, ce document est \u00e0 retourner \u00e0 l&rsquo;adresse suivante :ANR8230 Avenue Chamier82000 MONTAUBAN<\/p>\n","protected":false},"author":1,"featured_media":0,"parent":0,"menu_order":0,"comment_status":"closed","ping_status":"closed","template":"page-templates\/template-fullwidth.php","meta":{"_bbp_topic_count":0,"_bbp_reply_count":0,"_bbp_total_topic_count":0,"_bbp_total_reply_count":0,"_bbp_voice_count":0,"_bbp_anonymous_reply_count":0,"_bbp_topic_count_hidden":0,"_bbp_reply_count_hidden":0,"_bbp_forum_subforum_count":0,"_themeisle_gutenberg_block_has_review":false,"footnotes":""},"class_list":["post-3647","page","type-page","status-publish","hentry"],"yoast_head":"<!-- This site is optimized with the Yoast SEO plugin v27.3 - https:\/\/yoast.com\/product\/yoast-seo-wordpress\/ -->\n<title>Nous rejoindre. - Groupe Tarn &amp; Garonne<\/title>\n<meta name=\"robots\" content=\"index, follow, max-snippet:-1, max-image-preview:large, max-video-preview:-1\" \/>\n<link rel=\"canonical\" href=\"https:\/\/anr82.fr\/index.php\/nous-rejoindre\/\" \/>\n<meta property=\"og:locale\" content=\"fr_FR\" \/>\n<meta property=\"og:type\" content=\"article\" \/>\n<meta property=\"og:title\" content=\"Nous rejoindre. - Groupe Tarn &amp; Garonne\" \/>\n<meta property=\"og:description\" content=\"Vous pouvez t\u00e9l\u00e9charger le formulaire d&rsquo;adh\u00e9sion en cliquant sur le bouton ci-dessous. Une fois renseign\u00e9, ce document est \u00e0 retourner \u00e0 l&rsquo;adresse suivante :ANR8230 Avenue Chamier82000 MONTAUBAN\" \/>\n<meta property=\"og:url\" content=\"https:\/\/anr82.fr\/index.php\/nous-rejoindre\/\" \/>\n<meta property=\"og:site_name\" content=\"Groupe Tarn &amp; Garonne\" \/>\n<meta property=\"article:modified_time\" content=\"2026-02-25T21:28:07+00:00\" \/>\n<meta property=\"og:image\" content=\"https:\/\/anr82.fr\/wp-content\/uploads\/2026\/02\/Formulaire-adhesion-ANR-2026-scaled.jpg\" \/>\n\t<meta property=\"og:image:width\" content=\"1861\" \/>\n\t<meta property=\"og:image:height\" content=\"2560\" \/>\n\t<meta property=\"og:image:type\" content=\"image\/jpeg\" \/>\n<meta name=\"twitter:card\" content=\"summary_large_image\" \/>\n<meta name=\"twitter:label1\" content=\"Dur\u00e9e de lecture estim\u00e9e\" \/>\n\t<meta name=\"twitter:data1\" content=\"1 minute\" \/>\n<script type=\"application\/ld+json\" class=\"yoast-schema-graph\">{\"@context\":\"https:\\\/\\\/schema.org\",\"@graph\":[{\"@type\":\"WebPage\",\"@id\":\"https:\\\/\\\/anr82.fr\\\/index.php\\\/nous-rejoindre\\\/\",\"url\":\"https:\\\/\\\/anr82.fr\\\/index.php\\\/nous-rejoindre\\\/\",\"name\":\"Nous rejoindre. - Groupe Tarn &amp; Garonne\",\"isPartOf\":{\"@id\":\"https:\\\/\\\/anr82.fr\\\/#website\"},\"primaryImageOfPage\":{\"@id\":\"https:\\\/\\\/anr82.fr\\\/index.php\\\/nous-rejoindre\\\/#primaryimage\"},\"image\":{\"@id\":\"https:\\\/\\\/anr82.fr\\\/index.php\\\/nous-rejoindre\\\/#primaryimage\"},\"thumbnailUrl\":\"https:\\\/\\\/anr82.fr\\\/wp-content\\\/uploads\\\/2026\\\/02\\\/Formulaire-adhesion-ANR-2026-745x1024.jpg\",\"datePublished\":\"2022-09-11T14:56:00+00:00\",\"dateModified\":\"2026-02-25T21:28:07+00:00\",\"breadcrumb\":{\"@id\":\"https:\\\/\\\/anr82.fr\\\/index.php\\\/nous-rejoindre\\\/#breadcrumb\"},\"inLanguage\":\"fr-FR\",\"potentialAction\":[{\"@type\":\"ReadAction\",\"target\":[\"https:\\\/\\\/anr82.fr\\\/index.php\\\/nous-rejoindre\\\/\"]}]},{\"@type\":\"ImageObject\",\"inLanguage\":\"fr-FR\",\"@id\":\"https:\\\/\\\/anr82.fr\\\/index.php\\\/nous-rejoindre\\\/#primaryimage\",\"url\":\"https:\\\/\\\/anr82.fr\\\/wp-content\\\/uploads\\\/2026\\\/02\\\/Formulaire-adhesion-ANR-2026-scaled.jpg\",\"contentUrl\":\"https:\\\/\\\/anr82.fr\\\/wp-content\\\/uploads\\\/2026\\\/02\\\/Formulaire-adhesion-ANR-2026-scaled.jpg\",\"width\":1861,\"height\":2560},{\"@type\":\"BreadcrumbList\",\"@id\":\"https:\\\/\\\/anr82.fr\\\/index.php\\\/nous-rejoindre\\\/#breadcrumb\",\"itemListElement\":[{\"@type\":\"ListItem\",\"position\":1,\"name\":\"Accueil\",\"item\":\"https:\\\/\\\/anr82.fr\\\/\"},{\"@type\":\"ListItem\",\"position\":2,\"name\":\"Nous rejoindre.\"}]},{\"@type\":\"WebSite\",\"@id\":\"https:\\\/\\\/anr82.fr\\\/#website\",\"url\":\"https:\\\/\\\/anr82.fr\\\/\",\"name\":\"Groupe Tarn &amp; Garonne\",\"description\":\"Solidarit\u00e9, aide, convivialit\u00e9, partage...\",\"publisher\":{\"@id\":\"https:\\\/\\\/anr82.fr\\\/#organization\"},\"potentialAction\":[{\"@type\":\"SearchAction\",\"target\":{\"@type\":\"EntryPoint\",\"urlTemplate\":\"https:\\\/\\\/anr82.fr\\\/?s={search_term_string}\"},\"query-input\":{\"@type\":\"PropertyValueSpecification\",\"valueRequired\":true,\"valueName\":\"search_term_string\"}}],\"inLanguage\":\"fr-FR\"},{\"@type\":\"Organization\",\"@id\":\"https:\\\/\\\/anr82.fr\\\/#organization\",\"name\":\"Association Nationale de Retrait\u00e9s Groupe Tarn et Garonne\",\"url\":\"https:\\\/\\\/anr82.fr\\\/\",\"logo\":{\"@type\":\"ImageObject\",\"inLanguage\":\"fr-FR\",\"@id\":\"https:\\\/\\\/anr82.fr\\\/#\\\/schema\\\/logo\\\/image\\\/\",\"url\":\"https:\\\/\\\/anr82.fr\\\/wp-content\\\/uploads\\\/2020\\\/04\\\/cropped-Logo-ANR82-02-2.jpg\",\"contentUrl\":\"https:\\\/\\\/anr82.fr\\\/wp-content\\\/uploads\\\/2020\\\/04\\\/cropped-Logo-ANR82-02-2.jpg\",\"width\":500,\"height\":100,\"caption\":\"Association Nationale de Retrait\u00e9s Groupe Tarn et Garonne\"},\"image\":{\"@id\":\"https:\\\/\\\/anr82.fr\\\/#\\\/schema\\\/logo\\\/image\\\/\"}}]}<\/script>\n<!-- \/ Yoast SEO plugin. -->","yoast_head_json":{"title":"Nous rejoindre. - Groupe Tarn &amp; Garonne","robots":{"index":"index","follow":"follow","max-snippet":"max-snippet:-1","max-image-preview":"max-image-preview:large","max-video-preview":"max-video-preview:-1"},"canonical":"https:\/\/anr82.fr\/index.php\/nous-rejoindre\/","og_locale":"fr_FR","og_type":"article","og_title":"Nous rejoindre. - Groupe Tarn &amp; Garonne","og_description":"Vous pouvez t\u00e9l\u00e9charger le formulaire d&rsquo;adh\u00e9sion en cliquant sur le bouton ci-dessous. Une fois renseign\u00e9, ce document est \u00e0 retourner \u00e0 l&rsquo;adresse suivante :ANR8230 Avenue Chamier82000 MONTAUBAN","og_url":"https:\/\/anr82.fr\/index.php\/nous-rejoindre\/","og_site_name":"Groupe Tarn &amp; Garonne","article_modified_time":"2026-02-25T21:28:07+00:00","og_image":[{"width":1861,"height":2560,"url":"https:\/\/anr82.fr\/wp-content\/uploads\/2026\/02\/Formulaire-adhesion-ANR-2026-scaled.jpg","type":"image\/jpeg"}],"twitter_card":"summary_large_image","twitter_misc":{"Dur\u00e9e de lecture estim\u00e9e":"1 minute"},"schema":{"@context":"https:\/\/schema.org","@graph":[{"@type":"WebPage","@id":"https:\/\/anr82.fr\/index.php\/nous-rejoindre\/","url":"https:\/\/anr82.fr\/index.php\/nous-rejoindre\/","name":"Nous rejoindre. - Groupe Tarn &amp; Garonne","isPartOf":{"@id":"https:\/\/anr82.fr\/#website"},"primaryImageOfPage":{"@id":"https:\/\/anr82.fr\/index.php\/nous-rejoindre\/#primaryimage"},"image":{"@id":"https:\/\/anr82.fr\/index.php\/nous-rejoindre\/#primaryimage"},"thumbnailUrl":"https:\/\/anr82.fr\/wp-content\/uploads\/2026\/02\/Formulaire-adhesion-ANR-2026-745x1024.jpg","datePublished":"2022-09-11T14:56:00+00:00","dateModified":"2026-02-25T21:28:07+00:00","breadcrumb":{"@id":"https:\/\/anr82.fr\/index.php\/nous-rejoindre\/#breadcrumb"},"inLanguage":"fr-FR","potentialAction":[{"@type":"ReadAction","target":["https:\/\/anr82.fr\/index.php\/nous-rejoindre\/"]}]},{"@type":"ImageObject","inLanguage":"fr-FR","@id":"https:\/\/anr82.fr\/index.php\/nous-rejoindre\/#primaryimage","url":"https:\/\/anr82.fr\/wp-content\/uploads\/2026\/02\/Formulaire-adhesion-ANR-2026-scaled.jpg","contentUrl":"https:\/\/anr82.fr\/wp-content\/uploads\/2026\/02\/Formulaire-adhesion-ANR-2026-scaled.jpg","width":1861,"height":2560},{"@type":"BreadcrumbList","@id":"https:\/\/anr82.fr\/index.php\/nous-rejoindre\/#breadcrumb","itemListElement":[{"@type":"ListItem","position":1,"name":"Accueil","item":"https:\/\/anr82.fr\/"},{"@type":"ListItem","position":2,"name":"Nous rejoindre."}]},{"@type":"WebSite","@id":"https:\/\/anr82.fr\/#website","url":"https:\/\/anr82.fr\/","name":"Groupe Tarn &amp; Garonne","description":"Solidarit\u00e9, aide, convivialit\u00e9, partage...","publisher":{"@id":"https:\/\/anr82.fr\/#organization"},"potentialAction":[{"@type":"SearchAction","target":{"@type":"EntryPoint","urlTemplate":"https:\/\/anr82.fr\/?s={search_term_string}"},"query-input":{"@type":"PropertyValueSpecification","valueRequired":true,"valueName":"search_term_string"}}],"inLanguage":"fr-FR"},{"@type":"Organization","@id":"https:\/\/anr82.fr\/#organization","name":"Association Nationale de Retrait\u00e9s Groupe Tarn et Garonne","url":"https:\/\/anr82.fr\/","logo":{"@type":"ImageObject","inLanguage":"fr-FR","@id":"https:\/\/anr82.fr\/#\/schema\/logo\/image\/","url":"https:\/\/anr82.fr\/wp-content\/uploads\/2020\/04\/cropped-Logo-ANR82-02-2.jpg","contentUrl":"https:\/\/anr82.fr\/wp-content\/uploads\/2020\/04\/cropped-Logo-ANR82-02-2.jpg","width":500,"height":100,"caption":"Association Nationale de Retrait\u00e9s Groupe Tarn et Garonne"},"image":{"@id":"https:\/\/anr82.fr\/#\/schema\/logo\/image\/"}}]}},"_links":{"self":[{"href":"https:\/\/anr82.fr\/index.php\/wp-json\/wp\/v2\/pages\/3647","targetHints":{"allow":["GET"]}}],"collection":[{"href":"https:\/\/anr82.fr\/index.php\/wp-json\/wp\/v2\/pages"}],"about":[{"href":"https:\/\/anr82.fr\/index.php\/wp-json\/wp\/v2\/types\/page"}],"author":[{"embeddable":true,"href":"https:\/\/anr82.fr\/index.php\/wp-json\/wp\/v2\/users\/1"}],"replies":[{"embeddable":true,"href":"https:\/\/anr82.fr\/index.php\/wp-json\/wp\/v2\/comments?post=3647"}],"version-history":[{"count":41,"href":"https:\/\/anr82.fr\/index.php\/wp-json\/wp\/v2\/pages\/3647\/revisions"}],"predecessor-version":[{"id":12160,"href":"https:\/\/anr82.fr\/index.php\/wp-json\/wp\/v2\/pages\/3647\/revisions\/12160"}],"wp:attachment":[{"href":"https:\/\/anr82.fr\/index.php\/wp-json\/wp\/v2\/media?parent=3647"}],"curies":[{"name":"wp","href":"https:\/\/api.w.org\/{rel}","templated":true}]}}