{"id":6388,"date":"2024-10-17T17:30:15","date_gmt":"2024-10-17T15:30:15","guid":{"rendered":"https:\/\/anr82.fr\/?page_id=6388"},"modified":"2025-12-30T14:43:08","modified_gmt":"2025-12-30T13:43:08","slug":"informations-aux-adherents","status":"publish","type":"page","link":"https:\/\/anr82.fr\/index.php\/informations-aux-adherents\/","title":{"rendered":"Quoi de neuf&#8230;"},"content":{"rendered":"<div class=\"ditty ditty--pre\" data-id=\"4482\" data-uniqid=\"ditty-69d82cf51d08c\" data-display=\"6387\" data-display_settings=\"{}\" data-ajax_load=\"1\"><\/div>\n\n\n<div style=\"height:32px\" aria-hidden=\"true\" class=\"wp-block-spacer\"><\/div>\n\n\n\n<p class=\"has-background\" style=\"background-color:#faf7e6;font-style:normal;font-weight:200\">Cette page regroupe les \u00ab\u00a0News\u00a0\u00bb et infos pratiques pour nos adh\u00e9rents.<br>Cliquez\/touchez le titre pour d\u00e9rouler l&rsquo;article.<\/p>\n\n\n\n<div style=\"height:32px\" aria-hidden=\"true\" class=\"wp-block-spacer\"><\/div>\n\n\n\n<div id=\"wp-block-themeisle-blocks-accordion-9b21cec5\" class=\"wp-block-themeisle-blocks-accordion exclusive icon-first has-icon has-open-icon is-style-default\">\n<details open class=\"wp-block-themeisle-blocks-accordion-item\"><summary class=\"wp-block-themeisle-blocks-accordion-item__title\"><div>11\/12\/2025 : <strong>Fermeture des commentaires.<\/strong><\/div><\/summary><div class=\"wp-block-themeisle-blocks-accordion-item__content\">\n<p style=\"font-style:normal;font-weight:200\">En l&rsquo;absence de commentaires sur les publications et face aux nombreuses tentatives d&rsquo;ame\u00e7onnage (spam, leurre, lien douteux&#8230;), les commentaires sont ferm\u00e9s sur toutes les publications.<\/p>\n<\/div><\/details>\n\n\n\n<details class=\"wp-block-themeisle-blocks-accordion-item\"><summary class=\"wp-block-themeisle-blocks-accordion-item__title\"><div>02\/11\/2025 : <strong>Pr\u00e9sentation page Agenda mise \u00e0 jour.<\/strong><\/div><\/summary><div class=\"wp-block-themeisle-blocks-accordion-item__content\">\n<p style=\"font-style:normal;font-weight:200\">L&rsquo;Agenda des activit\u00e9s et sorties pr\u00e9vues \u00e0 \u00e9t\u00e9 mis \u00e0 jour. Dans un soucis de clart\u00e9, il pr\u00e9sente maintenant les activit\u00e9s programm\u00e9es dans l&rsquo;ordre chronologique et permet de consulter une fiche d&rsquo;information d\u00e9taill\u00e9e pour chaque activit\u00e9 et, lorsque cela est pertinent, un lien vers le site officiel permettant d&rsquo;obtenir toutes les informations n\u00e9cessaires.<\/p>\n\n\n\n<div id=\"wp-block-themeisle-blocks-button-group-44119eb1\" class=\"wp-block-themeisle-blocks-button-group wp-block-buttons align-center-desktop\">\n<div id=\"wp-block-themeisle-blocks-button-4491d1ad\" class=\"wp-block-themeisle-blocks-button wp-block-button is-style-outline\"><a href=\"https:\/\/anr82.fr\/index.php\/programme\/\" target=\"_self\" rel=\"noopener noreferrer\" class=\"wp-block-button__link\"><span>Consulter l&rsquo;Agenda&#8230;<\/span><i class=\"fas fa-fw fa-chevron-right margin-left\"><\/i><\/a><\/div>\n<\/div>\n<\/div><\/details>\n\n\n\n<details class=\"wp-block-themeisle-blocks-accordion-item\"><summary class=\"wp-block-themeisle-blocks-accordion-item__title\"><div>20\/10\/2025 : <strong>Les derni\u00e8res circulaires sont disponibles.<\/strong><\/div><\/summary><div class=\"wp-block-themeisle-blocks-accordion-item__content\">\n<p style=\"font-style:normal;font-weight:200\">Les circulaires pour le repas de fin d&rsquo;ann\u00e9e, pour le cirque du mois de d\u00e9cembre et pour la sortie dans les Pouilles en 2026 sont disponibles en ligne.<br>Si vous ne les avez pas re\u00e7ues, vous pouvez les obtenir via notre formulaire de demande de documents.<\/p>\n\n\n\n<div id=\"wp-block-themeisle-blocks-button-group-19e078e5\" class=\"wp-block-themeisle-blocks-button-group wp-block-buttons align-center-desktop\">\n<div id=\"wp-block-themeisle-blocks-button-26a96ede\" class=\"wp-block-themeisle-blocks-button wp-block-button is-style-outline\"><a href=\"https:\/\/anr82.fr\/index.php\/demander-des-documents\/\" target=\"_self\" rel=\"noopener noreferrer\" class=\"wp-block-button__link\"><span>Demander les Circulaires&#8230;<\/span><i class=\"fas fa-fw fa-chevron-right margin-left\"><\/i><\/a><\/div>\n<\/div>\n<\/div><\/details>\n\n\n\n<details class=\"wp-block-themeisle-blocks-accordion-item\"><summary class=\"wp-block-themeisle-blocks-accordion-item__title\"><div>09\/09\/2025 : <strong>La circulaire \u00ab\u00a0Les Amis de la Chanson\u00a0\u00bb  est disponible en ligne.<\/strong><\/div><\/summary><div class=\"wp-block-themeisle-blocks-accordion-item__content\">\n<p style=\"font-style:normal;font-weight:200\">La circulaire relative au spectacle \u00ab\u00a0Les Amis de la Chanson\u00a0\u00bb \u00e0 Villemade est disponible.<br>Vous pouvez l&rsquo;obtenir en ligne via notre formulaire de demande de documents.<\/p>\n\n\n\n<div id=\"wp-block-themeisle-blocks-button-group-f26fc7df\" class=\"wp-block-themeisle-blocks-button-group wp-block-buttons align-center-desktop\">\n<div id=\"wp-block-themeisle-blocks-button-4a5aa877\" class=\"wp-block-themeisle-blocks-button wp-block-button is-style-outline\"><a href=\"https:\/\/anr82.fr\/index.php\/demander-des-documents\/\" target=\"_self\" rel=\"noopener noreferrer\" class=\"wp-block-button__link\"><span>Demander la Circulaire&#8230;<\/span><i class=\"fas fa-fw fa-chevron-right margin-left\"><\/i><\/a><\/div>\n<\/div>\n<\/div><\/details>\n\n\n\n<details class=\"wp-block-themeisle-blocks-accordion-item\"><summary class=\"wp-block-themeisle-blocks-accordion-item__title\"><div>09\/09\/2025 : <strong>La circulaire \u00ab\u00a0Spectacle Shen Yun\u00a0\u00bb (2026) est disponible en ligne.<\/strong><\/div><\/summary><div class=\"wp-block-themeisle-blocks-accordion-item__content\">\n<p style=\"font-style:normal;font-weight:200\">La circulaire relative au spectacle <a href=\"https:\/\/zenith-toulousemetropole.com\/shows\/SHEN%20YUN-20393\" target=\"_blank\" rel=\"noreferrer noopener nofollow\">SHEN YUN au Z\u00e9nith de Toulouse<\/a> (2026) est disponible.<br>Vous pouvez l&rsquo;obtenir en ligne via notre formulaire de demande de documents.<\/p>\n\n\n\n<div id=\"wp-block-themeisle-blocks-button-group-a70b5d47\" class=\"wp-block-themeisle-blocks-button-group wp-block-buttons align-center-desktop\">\n<div id=\"wp-block-themeisle-blocks-button-ef39bfdc\" class=\"wp-block-themeisle-blocks-button wp-block-button is-style-outline\"><a href=\"https:\/\/anr82.fr\/index.php\/demander-des-documents\/\" target=\"_self\" rel=\"noopener noreferrer\" class=\"wp-block-button__link\"><span>Demander la Circulaire&#8230;<\/span><i class=\"fas fa-fw fa-chevron-right margin-left\"><\/i><\/a><\/div>\n<\/div>\n<\/div><\/details>\n\n\n\n<details class=\"wp-block-themeisle-blocks-accordion-item\"><summary class=\"wp-block-themeisle-blocks-accordion-item__title\"><div>05-2025 : <strong>La circulaire \u00ab\u00a0journ\u00e9e plein-air\u00a0\u00bb 2025 est disponible en ligne.<\/strong><\/div><\/summary><div class=\"wp-block-themeisle-blocks-accordion-item__content\">\n<p style=\"font-style:normal;font-weight:200\">La circulaire relative \u00e0 la journ\u00e9e plein-air du 20 juin 2025 \u00e0 <a href=\"http:\/\/www.bioule.fr\/fr\/tourisme-et-patrimoine\/histoire.html\" target=\"_blank\" rel=\"noreferrer noopener nofollow\">Bioule<\/a> a \u00e9t\u00e9 envoy\u00e9e aux adh\u00e9rents.<br>Si vous ne l&rsquo;avez pas re\u00e7ue, vous pouvez l&rsquo;obtenir en ligne via notre <a href=\"https:\/\/anr82.fr\/index.php\/demander-des-documents\/\" rel=\"nofollow\">formulaire de demande de documents<\/a>.<\/p>\n<\/div><\/details>\n\n\n\n<details class=\"wp-block-themeisle-blocks-accordion-item\"><summary class=\"wp-block-themeisle-blocks-accordion-item__title\"><div>04-2025 : <strong>Mise \u00e0 disposition par l&rsquo;ANR Si\u00e8ge du flash N\u00b0 60 d&rsquo;Avril 2025<\/strong><\/div><\/summary><div class=\"wp-block-themeisle-blocks-accordion-item__content\">\n<p style=\"font-style:normal;font-weight:200\">L&rsquo;ANR si\u00e8ge met son flash \u00ab\u00a0D\u00e9fense des retrait\u00e9s\u00a0\u00bb du mois d&rsquo;Avril 2025 \u00e0 la disposition de tous les adh\u00e9rents. <br>Vous pouvez y acc\u00e9der <a href=\"https:\/\/anr82.fr\/wp-content\/uploads\/2025\/04\/2025-04-15-Flash-Defense-des-RetraitA\u00a9s-ANR-siege-N60-avril-2025.pdf\" target=\"_blank\" rel=\"noreferrer noopener nofollow\"><strong>en cliquant sur ce lien<\/strong><\/a> ou en utilisant le bouton &lt;La lettre d&rsquo;info&#8230;&gt; disponible <a href=\"http:\/\/ANR82.FR\"><strong>en page d&rsquo;accueil<\/strong><\/a>, \u00e0 c\u00f4t\u00e9 du logo ANR SIEGE.<\/p>\n<\/div><\/details>\n\n\n\n<details class=\"wp-block-themeisle-blocks-accordion-item\"><summary class=\"wp-block-themeisle-blocks-accordion-item__title\"><div>01-2025 : <strong>Nouvelle pr\u00e9sentation de la galerie des photos<\/strong><\/div><\/summary><div class=\"wp-block-themeisle-blocks-accordion-item__content\">\n<ol class=\"wp-block-list\">\n<li style=\"font-style:normal;font-weight:200\">Pour am\u00e9liorer les performances et l&rsquo;exp\u00e9rience utilisateur <a href=\"https:\/\/anr82.fr\/index.php\/galeries-photos\/\" rel=\"nofollow\">de la galerie<\/a>, l&rsquo;acc\u00e8s aux photos se fait dor\u00e9navant en 2 \u00e9tapes en passant par l&rsquo;ouverture d&rsquo;une nouvelle page permettant l&rsquo;acc\u00e8s aux diff\u00e9rentes ann\u00e9es.<br><\/li>\n\n\n\n<li style=\"font-style:normal;font-weight:200\">Les photos sont d\u00e9sormais <strong>marqu\u00e9es d&rsquo;une empreinte ANR82<\/strong>. Les originaux restent disponibles <a href=\"https:\/\/anr82.fr\/#contact\" rel=\"nofollow\">sur demande<\/a>.<\/li>\n<\/ol>\n<\/div><\/details>\n\n\n\n<details class=\"wp-block-themeisle-blocks-accordion-item\"><summary class=\"wp-block-themeisle-blocks-accordion-item__title\"><div>01-2025 : <strong>La circulaire pour l&rsquo;AG 2025 est disponible<\/strong><\/div><\/summary><div class=\"wp-block-themeisle-blocks-accordion-item__content\">\n<p style=\"font-style:normal;font-weight:200\">La circulaire relative \u00e0 l&rsquo;AG du <strong>21 Mars 2025<\/strong> a \u00e9t\u00e9 envoy\u00e9e aux adh\u00e9rents.<br>Si vous ne l&rsquo;avez pas re\u00e7ue, vous pouvez l&rsquo;obtenir en ligne via notre <a href=\"https:\/\/anr82.fr\/index.php\/demander-des-documents\/\" rel=\"nofollow\">formulaire de demande de documents<\/a>.<br><br><strong>Inscriptions jusqu&rsquo;au 10 Mars 2025<\/strong>.<\/p>\n<\/div><\/details>\n\n\n\n<details class=\"wp-block-themeisle-blocks-accordion-item\"><summary class=\"wp-block-themeisle-blocks-accordion-item__title\"><div>01-2025 : <strong>Inscriptions pour Beauval prolong\u00e9es<\/strong><\/div><\/summary><div class=\"wp-block-themeisle-blocks-accordion-item__content\">\n<p style=\"font-style:normal;font-weight:200\">Les inscriptions pour la sortie \u00ab\u00a0Autour de Beauval\u00a0\u00bb initialement limit\u00e9es au 31-12-2024 sont prolong\u00e9es jusqu&rsquo;\u00e0 nouvel avis.<\/p>\n<\/div><\/details>\n\n\n\n<details class=\"wp-block-themeisle-blocks-accordion-item\"><summary class=\"wp-block-themeisle-blocks-accordion-item__title\"><div>12-2024 : <strong>La lettre d&rsquo;information du si\u00e8ge de l&rsquo;ANR est disponible<\/strong><\/div><\/summary><div class=\"wp-block-themeisle-blocks-accordion-item__content\">\n<p style=\"font-style:normal;font-weight:200\">Le si\u00e8ge de l&rsquo;ANR rend sa lettre d&rsquo;information du mois de d\u00e9cembre disponible \u00e0 tous les adh\u00e9rents.<br>Elle est accessible via le lien pr\u00e9sent sur la page d&rsquo;accueil de notre site (ANR82) ou <a href=\"https:\/\/anr82.fr\/wp-content\/uploads\/2024\/12\/2024-12-05-La-lettre-dinformations-decembre-2024-ANR-siege.pdf\" target=\"_blank\" rel=\"noreferrer noopener nofollow\">en cliquant sur ce lien<\/a>.<br><br><strong>Bonne lecture \u00e0 tous.<\/strong><\/p>\n<\/div><\/details>\n\n\n\n<details class=\"wp-block-themeisle-blocks-accordion-item\"><summary class=\"wp-block-themeisle-blocks-accordion-item__title\"><div>12-2024 : <strong>Les circulaires et documents d&rsquo;information ne sont plus en acc\u00e8s libre<\/strong><\/div><\/summary><div class=\"wp-block-themeisle-blocks-accordion-item__content\">\n<p style=\"font-style:normal;font-weight:200\">Les circulaires et documents d&rsquo;information ne sont plus en acc\u00e8s libre sur le site mais peuvent d\u00e9sormais \u00eatre obtenus sur demande en utilisant un formulaire en ligne (menu [<em>ADHERENTS\/<a href=\"https:\/\/anr82.fr\/index.php\/demander-des-documents\/\" rel=\"nofollow\">Demander des documents<\/a><\/em>]).<br>Ils sont envoy\u00e9s en retour \u00e0 l&rsquo;adh\u00e9rent en utilisant l&rsquo;adresse \u00e9lectronique fournie.<br>Ils peuvent aussi \u00eatre obtenus <a href=\"https:\/\/anr82.fr\/#contact\">en contactant le si\u00e8ge de l&rsquo;ANR82<\/a>.<\/p>\n<\/div><\/details>\n\n\n\n<details class=\"wp-block-themeisle-blocks-accordion-item\"><summary class=\"wp-block-themeisle-blocks-accordion-item__title\"><div>12-2024 :<strong> Galettes 2025<\/strong><\/div><\/summary><div class=\"wp-block-themeisle-blocks-accordion-item__content\">\n<p style=\"font-style:normal;font-weight:200\">La galette des roi est programm\u00e9e <strong>le 23 Janvier 2025 \u00e0 CASTELSARRASIN<\/strong> dans la salle habituelle.<br>Les cotisations ANR82 pour l&rsquo;ann\u00e9e 2025 seront percues \u00e0 cette occasion.<\/p>\n<\/div><\/details>\n\n\n\n<details class=\"wp-block-themeisle-blocks-accordion-item\"><summary class=\"wp-block-themeisle-blocks-accordion-item__title\"><div>11-2024 : <strong>La circulaire pour la sortie \u00ab\u00a0Autour de Beauval\u00a0\u00bb est disponible<\/strong><\/div><\/summary><div class=\"wp-block-themeisle-blocks-accordion-item__content\">\n<p style=\"font-style:normal;font-weight:200\">La circulaire pour la sortie \u00ab\u00a0Autour de Beauval\u00a0\u00bb a \u00e9t\u00e9 envoy\u00e9e aux adh\u00e9rents. <br>Si vous ne l&rsquo;avez pas re\u00e7ue, vous pouvez en <a href=\"https:\/\/anr82.fr\/index.php\/demander-des-documents\/\" rel=\"nofollow\">faire la demande en ligne<\/a>. <br>Inscriptions jusqu&rsquo;au 30 D\u00e9cembre 2024.<\/p>\n<\/div><\/details>\n\n\n\n<details class=\"wp-block-themeisle-blocks-accordion-item\"><summary class=\"wp-block-themeisle-blocks-accordion-item__title\"><div><strong>Il reste des places pour l&rsquo;escapade en Vercors<\/strong><\/div><\/summary><div class=\"wp-block-themeisle-blocks-accordion-item__content\">\n<p style=\"font-style:normal;font-weight:200\">Il reste des places disponibles pour la sortie \u00ab\u00a0Escapade en Vercors\u00a0\u00bb pr\u00e9vue <strong>du 14 au 20 septembre 2025<\/strong>.<br>Si cette sortie vous int\u00e9resse et pour d&rsquo;avantage de d\u00e9tails, <a href=\"https:\/\/anr82.fr\/#contact\" rel=\"nofollow\">merci de contacter rapidement l&rsquo;ANR82<\/a>.<\/p>\n<\/div><\/details>\n\n\n\n<details class=\"wp-block-themeisle-blocks-accordion-item\"><summary class=\"wp-block-themeisle-blocks-accordion-item__title\"><div><strong>Nouvelle section \u00ab\u00a0Jeux de soci\u00e9t\u00e9\u00a0\u00bb<\/strong><\/div><\/summary><div class=\"wp-block-themeisle-blocks-accordion-item__content\">\n<p style=\"font-style:normal;font-weight:200\">Depuis le <strong>7 Octobre 2024<\/strong> une section \u00ab\u00a0jeux de soci\u00e9t\u00e9\u00a0\u00bb est ouverte tous les lundis, <strong>de 14h00 \u00e0 17h30<\/strong>, dans les locaux de l&rsquo;ANR.<br>Compte tenu de l&rsquo;espace disponible, <strong>le nombre de personnes est limit\u00e9 \u00e0 16<\/strong>.<br><a href=\"https:\/\/anr82.fr\/index.php\/demander-des-documents\/\" rel=\"nofollow\">La circulaire est disponible<\/a>.<\/p>\n<\/div><\/details>\n<\/div>\n\n\n\n<div style=\"height:32px\" aria-hidden=\"true\" class=\"wp-block-spacer\"><\/div>\n\n\n<div class=\"ditty ditty--pre\" data-id=\"4482\" data-uniqid=\"ditty-69d82cf51f962\" data-display=\"6387\" data-display_settings=\"{}\" data-ajax_load=\"1\"><\/div>\n\n\n<div style=\"height:32px\" aria-hidden=\"true\" class=\"wp-block-spacer\"><\/div>\n\n\n\n<p><\/p>\n","protected":false},"excerpt":{"rendered":"<p>Cette page regroupe les \u00ab\u00a0News\u00a0\u00bb et infos pratiques pour nos adh\u00e9rents.Cliquez\/touchez le titre pour d\u00e9rouler l&rsquo;article.<\/p>\n","protected":false},"author":2,"featured_media":0,"parent":0,"menu_order":0,"comment_status":"closed","ping_status":"closed","template":"page-templates\/template-fullwidth.php","meta":{"_bbp_topic_count":0,"_bbp_reply_count":0,"_bbp_total_topic_count":0,"_bbp_total_reply_count":0,"_bbp_voice_count":0,"_bbp_anonymous_reply_count":0,"_bbp_topic_count_hidden":0,"_bbp_reply_count_hidden":0,"_bbp_forum_subforum_count":0,"_themeisle_gutenberg_block_has_review":false,"footnotes":""},"class_list":["post-6388","page","type-page","status-publish","hentry"],"yoast_head":"<!-- This site is optimized with the Yoast SEO plugin v27.3 - https:\/\/yoast.com\/product\/yoast-seo-wordpress\/ -->\n<title>Quoi de neuf... - Groupe Tarn &amp; Garonne<\/title>\n<meta name=\"robots\" content=\"index, follow, max-snippet:-1, max-image-preview:large, max-video-preview:-1\" \/>\n<link rel=\"canonical\" href=\"https:\/\/anr82.fr\/index.php\/informations-aux-adherents\/\" \/>\n<meta property=\"og:locale\" content=\"fr_FR\" \/>\n<meta property=\"og:type\" content=\"article\" \/>\n<meta property=\"og:title\" content=\"Quoi de neuf... - Groupe Tarn &amp; Garonne\" \/>\n<meta property=\"og:description\" content=\"Cette page regroupe les \u00ab\u00a0News\u00a0\u00bb et infos pratiques pour nos adh\u00e9rents.Cliquez\/touchez le titre pour d\u00e9rouler l&rsquo;article.\" \/>\n<meta property=\"og:url\" content=\"https:\/\/anr82.fr\/index.php\/informations-aux-adherents\/\" \/>\n<meta property=\"og:site_name\" content=\"Groupe Tarn &amp; Garonne\" \/>\n<meta property=\"article:modified_time\" content=\"2025-12-30T13:43:08+00:00\" \/>\n<meta name=\"twitter:card\" content=\"summary_large_image\" \/>\n<meta name=\"twitter:label1\" content=\"Dur\u00e9e de lecture estim\u00e9e\" \/>\n\t<meta name=\"twitter:data1\" content=\"4 minutes\" \/>\n<script type=\"application\/ld+json\" class=\"yoast-schema-graph\">{\"@context\":\"https:\\\/\\\/schema.org\",\"@graph\":[{\"@type\":\"WebPage\",\"@id\":\"https:\\\/\\\/anr82.fr\\\/index.php\\\/informations-aux-adherents\\\/\",\"url\":\"https:\\\/\\\/anr82.fr\\\/index.php\\\/informations-aux-adherents\\\/\",\"name\":\"Quoi de neuf... - Groupe Tarn &amp; Garonne\",\"isPartOf\":{\"@id\":\"https:\\\/\\\/anr82.fr\\\/#website\"},\"datePublished\":\"2024-10-17T15:30:15+00:00\",\"dateModified\":\"2025-12-30T13:43:08+00:00\",\"breadcrumb\":{\"@id\":\"https:\\\/\\\/anr82.fr\\\/index.php\\\/informations-aux-adherents\\\/#breadcrumb\"},\"inLanguage\":\"fr-FR\",\"potentialAction\":[{\"@type\":\"ReadAction\",\"target\":[\"https:\\\/\\\/anr82.fr\\\/index.php\\\/informations-aux-adherents\\\/\"]}]},{\"@type\":\"BreadcrumbList\",\"@id\":\"https:\\\/\\\/anr82.fr\\\/index.php\\\/informations-aux-adherents\\\/#breadcrumb\",\"itemListElement\":[{\"@type\":\"ListItem\",\"position\":1,\"name\":\"Accueil\",\"item\":\"https:\\\/\\\/anr82.fr\\\/\"},{\"@type\":\"ListItem\",\"position\":2,\"name\":\"Quoi de neuf&#8230;\"}]},{\"@type\":\"WebSite\",\"@id\":\"https:\\\/\\\/anr82.fr\\\/#website\",\"url\":\"https:\\\/\\\/anr82.fr\\\/\",\"name\":\"Groupe Tarn &amp; Garonne\",\"description\":\"Solidarit\u00e9, aide, convivialit\u00e9, partage...\",\"publisher\":{\"@id\":\"https:\\\/\\\/anr82.fr\\\/#organization\"},\"potentialAction\":[{\"@type\":\"SearchAction\",\"target\":{\"@type\":\"EntryPoint\",\"urlTemplate\":\"https:\\\/\\\/anr82.fr\\\/?s={search_term_string}\"},\"query-input\":{\"@type\":\"PropertyValueSpecification\",\"valueRequired\":true,\"valueName\":\"search_term_string\"}}],\"inLanguage\":\"fr-FR\"},{\"@type\":\"Organization\",\"@id\":\"https:\\\/\\\/anr82.fr\\\/#organization\",\"name\":\"Association Nationale de Retrait\u00e9s Groupe Tarn et Garonne\",\"url\":\"https:\\\/\\\/anr82.fr\\\/\",\"logo\":{\"@type\":\"ImageObject\",\"inLanguage\":\"fr-FR\",\"@id\":\"https:\\\/\\\/anr82.fr\\\/#\\\/schema\\\/logo\\\/image\\\/\",\"url\":\"https:\\\/\\\/anr82.fr\\\/wp-content\\\/uploads\\\/2020\\\/04\\\/cropped-Logo-ANR82-02-2.jpg\",\"contentUrl\":\"https:\\\/\\\/anr82.fr\\\/wp-content\\\/uploads\\\/2020\\\/04\\\/cropped-Logo-ANR82-02-2.jpg\",\"width\":500,\"height\":100,\"caption\":\"Association Nationale de Retrait\u00e9s Groupe Tarn et Garonne\"},\"image\":{\"@id\":\"https:\\\/\\\/anr82.fr\\\/#\\\/schema\\\/logo\\\/image\\\/\"}}]}<\/script>\n<!-- \/ Yoast SEO plugin. -->","yoast_head_json":{"title":"Quoi de neuf... - Groupe Tarn &amp; Garonne","robots":{"index":"index","follow":"follow","max-snippet":"max-snippet:-1","max-image-preview":"max-image-preview:large","max-video-preview":"max-video-preview:-1"},"canonical":"https:\/\/anr82.fr\/index.php\/informations-aux-adherents\/","og_locale":"fr_FR","og_type":"article","og_title":"Quoi de neuf... - Groupe Tarn &amp; Garonne","og_description":"Cette page regroupe les \u00ab\u00a0News\u00a0\u00bb et infos pratiques pour nos adh\u00e9rents.Cliquez\/touchez le titre pour d\u00e9rouler l&rsquo;article.","og_url":"https:\/\/anr82.fr\/index.php\/informations-aux-adherents\/","og_site_name":"Groupe Tarn &amp; Garonne","article_modified_time":"2025-12-30T13:43:08+00:00","twitter_card":"summary_large_image","twitter_misc":{"Dur\u00e9e de lecture estim\u00e9e":"4 minutes"},"schema":{"@context":"https:\/\/schema.org","@graph":[{"@type":"WebPage","@id":"https:\/\/anr82.fr\/index.php\/informations-aux-adherents\/","url":"https:\/\/anr82.fr\/index.php\/informations-aux-adherents\/","name":"Quoi de neuf... - Groupe Tarn &amp; Garonne","isPartOf":{"@id":"https:\/\/anr82.fr\/#website"},"datePublished":"2024-10-17T15:30:15+00:00","dateModified":"2025-12-30T13:43:08+00:00","breadcrumb":{"@id":"https:\/\/anr82.fr\/index.php\/informations-aux-adherents\/#breadcrumb"},"inLanguage":"fr-FR","potentialAction":[{"@type":"ReadAction","target":["https:\/\/anr82.fr\/index.php\/informations-aux-adherents\/"]}]},{"@type":"BreadcrumbList","@id":"https:\/\/anr82.fr\/index.php\/informations-aux-adherents\/#breadcrumb","itemListElement":[{"@type":"ListItem","position":1,"name":"Accueil","item":"https:\/\/anr82.fr\/"},{"@type":"ListItem","position":2,"name":"Quoi de neuf&#8230;"}]},{"@type":"WebSite","@id":"https:\/\/anr82.fr\/#website","url":"https:\/\/anr82.fr\/","name":"Groupe Tarn &amp; Garonne","description":"Solidarit\u00e9, aide, convivialit\u00e9, partage...","publisher":{"@id":"https:\/\/anr82.fr\/#organization"},"potentialAction":[{"@type":"SearchAction","target":{"@type":"EntryPoint","urlTemplate":"https:\/\/anr82.fr\/?s={search_term_string}"},"query-input":{"@type":"PropertyValueSpecification","valueRequired":true,"valueName":"search_term_string"}}],"inLanguage":"fr-FR"},{"@type":"Organization","@id":"https:\/\/anr82.fr\/#organization","name":"Association Nationale de Retrait\u00e9s Groupe Tarn et Garonne","url":"https:\/\/anr82.fr\/","logo":{"@type":"ImageObject","inLanguage":"fr-FR","@id":"https:\/\/anr82.fr\/#\/schema\/logo\/image\/","url":"https:\/\/anr82.fr\/wp-content\/uploads\/2020\/04\/cropped-Logo-ANR82-02-2.jpg","contentUrl":"https:\/\/anr82.fr\/wp-content\/uploads\/2020\/04\/cropped-Logo-ANR82-02-2.jpg","width":500,"height":100,"caption":"Association Nationale de Retrait\u00e9s Groupe Tarn et Garonne"},"image":{"@id":"https:\/\/anr82.fr\/#\/schema\/logo\/image\/"}}]}},"_links":{"self":[{"href":"https:\/\/anr82.fr\/index.php\/wp-json\/wp\/v2\/pages\/6388","targetHints":{"allow":["GET"]}}],"collection":[{"href":"https:\/\/anr82.fr\/index.php\/wp-json\/wp\/v2\/pages"}],"about":[{"href":"https:\/\/anr82.fr\/index.php\/wp-json\/wp\/v2\/types\/page"}],"author":[{"embeddable":true,"href":"https:\/\/anr82.fr\/index.php\/wp-json\/wp\/v2\/users\/2"}],"replies":[{"embeddable":true,"href":"https:\/\/anr82.fr\/index.php\/wp-json\/wp\/v2\/comments?post=6388"}],"version-history":[{"count":73,"href":"https:\/\/anr82.fr\/index.php\/wp-json\/wp\/v2\/pages\/6388\/revisions"}],"predecessor-version":[{"id":12056,"href":"https:\/\/anr82.fr\/index.php\/wp-json\/wp\/v2\/pages\/6388\/revisions\/12056"}],"wp:attachment":[{"href":"https:\/\/anr82.fr\/index.php\/wp-json\/wp\/v2\/media?parent=6388"}],"curies":[{"name":"wp","href":"https:\/\/api.w.org\/{rel}","templated":true}]}}