{"id":6429,"date":"2024-10-17T20:29:11","date_gmt":"2024-10-17T18:29:11","guid":{"rendered":"https:\/\/anr82.fr\/?page_id=6429"},"modified":"2024-10-18T19:52:06","modified_gmt":"2024-10-18T17:52:06","slug":"a-f-e-hassociation-des-familles-denfants-handicapes-de-la-poste-et-dorange","status":"publish","type":"page","link":"https:\/\/anr82.fr\/index.php\/a-f-e-hassociation-des-familles-denfants-handicapes-de-la-poste-et-dorange\/","title":{"rendered":"A F E H\u2026Association des Familles d&rsquo;Enfants Handicap\u00e9s de La Poste et d&rsquo;Orange."},"content":{"rendered":"<div class=\"wp-block-image\">\n<figure class=\"aligncenter size-full is-resized\"><a href=\"https:\/\/www.afeh.net\" target=\"_blank\" rel=\"noreferrer noopener\"><img loading=\"lazy\" decoding=\"async\" width=\"200\" height=\"200\" src=\"https:\/\/anr82.fr\/wp-content\/uploads\/2024\/10\/Logo_AFEH_Bloc.png\" alt=\"\" class=\"wp-image-6434\" style=\"width:236px;height:auto\" srcset=\"https:\/\/anr82.fr\/wp-content\/uploads\/2024\/10\/Logo_AFEH_Bloc.png 200w, https:\/\/anr82.fr\/wp-content\/uploads\/2024\/10\/Logo_AFEH_Bloc-150x150.png 150w\" sizes=\"auto, (max-width: 200px) 100vw, 200px\" \/><\/a><\/figure>\n<\/div>\n\n\n<p>Tous les ans l&rsquo;A.F.E.H diffuse son calendrier aupr\u00e8s de nos coll\u00e8gues, tr\u00e8s nombreux \u00e0 participer \u00e0 cette campagne qui constitue un support d&rsquo;information et une source financi\u00e8re non n\u00e9gligeables.<\/p>\n\n\n\n<p>L&rsquo;ANR82 vous sollicite pour prendre ce calendrier et le proposer \u00e0 votre entourage.<\/p>\n\n\n\n<p>Vous pouvez contacter directement notre coll\u00e8gue Lucien BERTON au 06 32 55 74 87 <\/p>\n\n\n\n<p>ou l&rsquo;ANR82 au 06 32 16 99 62.<\/p>\n\n\n\n<p>Lien Internet : <a href=\"https:\/\/www.afeh.net\" target=\"_blank\" rel=\"noreferrer noopener nofollow\">https:\/\/www.afeh.net<\/a><\/p>\n\n\n\n<div class=\"wp-block-file\"><a id=\"wp-block-file--media-77041139-139f-4279-ae40-8fb4735a7751\" href=\"https:\/\/anr82.fr\/wp-content\/uploads\/2023\/12\/AFEH.Calendrier-2024-1.pdf\">AFEH.Calendrier-2024-1<\/a><a href=\"https:\/\/anr82.fr\/wp-content\/uploads\/2023\/12\/AFEH.Calendrier-2024-1.pdf\" class=\"wp-block-file__button wp-element-button\" download aria-describedby=\"wp-block-file--media-77041139-139f-4279-ae40-8fb4735a7751\">T\u00e9l\u00e9charger<\/a><\/div>\n\n\n\n<p><\/p>\n","protected":false},"excerpt":{"rendered":"<p>Tous les ans l&rsquo;A.F.E.H diffuse son calendrier aupr\u00e8s de nos coll\u00e8gues, tr\u00e8s nombreux \u00e0 participer \u00e0 cette campagne qui constitue un support d&rsquo;information et une source financi\u00e8re non n\u00e9gligeables. L&rsquo;ANR82 vous sollicite pour prendre ce calendrier et le proposer \u00e0 votre entourage. Vous pouvez contacter directement notre coll\u00e8gue Lucien BERTON [&hellip;]<\/p>\n","protected":false},"author":2,"featured_media":0,"parent":0,"menu_order":0,"comment_status":"closed","ping_status":"closed","template":"page-templates\/template-fullwidth.php","meta":{"_bbp_topic_count":0,"_bbp_reply_count":0,"_bbp_total_topic_count":0,"_bbp_total_reply_count":0,"_bbp_voice_count":0,"_bbp_anonymous_reply_count":0,"_bbp_topic_count_hidden":0,"_bbp_reply_count_hidden":0,"_bbp_forum_subforum_count":0,"_themeisle_gutenberg_block_has_review":false,"footnotes":""},"class_list":["post-6429","page","type-page","status-publish","hentry"],"yoast_head":"<!-- This site is optimized with the Yoast SEO plugin v27.3 - https:\/\/yoast.com\/product\/yoast-seo-wordpress\/ -->\n<title>A F E H\u2026Association des Familles d&#039;Enfants Handicap\u00e9s de La Poste et d&#039;Orange. - Groupe Tarn &amp; Garonne<\/title>\n<meta name=\"robots\" content=\"index, follow, max-snippet:-1, max-image-preview:large, max-video-preview:-1\" \/>\n<link rel=\"canonical\" href=\"https:\/\/anr82.fr\/index.php\/a-f-e-hassociation-des-familles-denfants-handicapes-de-la-poste-et-dorange\/\" \/>\n<meta property=\"og:locale\" content=\"fr_FR\" \/>\n<meta property=\"og:type\" content=\"article\" \/>\n<meta property=\"og:title\" content=\"A F E H\u2026Association des Familles d&#039;Enfants Handicap\u00e9s de La Poste et d&#039;Orange. - Groupe Tarn &amp; Garonne\" \/>\n<meta property=\"og:description\" content=\"Tous les ans l&rsquo;A.F.E.H diffuse son calendrier aupr\u00e8s de nos coll\u00e8gues, tr\u00e8s nombreux \u00e0 participer \u00e0 cette campagne qui constitue un support d&rsquo;information et une source financi\u00e8re non n\u00e9gligeables. L&rsquo;ANR82 vous sollicite pour prendre ce calendrier et le proposer \u00e0 votre entourage. Vous pouvez contacter directement notre coll\u00e8gue Lucien BERTON [&hellip;]\" \/>\n<meta property=\"og:url\" content=\"https:\/\/anr82.fr\/index.php\/a-f-e-hassociation-des-familles-denfants-handicapes-de-la-poste-et-dorange\/\" \/>\n<meta property=\"og:site_name\" content=\"Groupe Tarn &amp; Garonne\" \/>\n<meta property=\"article:modified_time\" content=\"2024-10-18T17:52:06+00:00\" \/>\n<meta property=\"og:image\" content=\"https:\/\/anr82.fr\/wp-content\/uploads\/2024\/10\/Logo_AFEH_Bloc.png\" \/>\n\t<meta property=\"og:image:width\" content=\"200\" \/>\n\t<meta property=\"og:image:height\" content=\"200\" \/>\n\t<meta property=\"og:image:type\" content=\"image\/png\" \/>\n<meta name=\"twitter:card\" content=\"summary_large_image\" \/>\n<meta name=\"twitter:label1\" content=\"Dur\u00e9e de lecture estim\u00e9e\" \/>\n\t<meta name=\"twitter:data1\" content=\"1 minute\" \/>\n<script type=\"application\/ld+json\" class=\"yoast-schema-graph\">{\"@context\":\"https:\\\/\\\/schema.org\",\"@graph\":[{\"@type\":\"WebPage\",\"@id\":\"https:\\\/\\\/anr82.fr\\\/index.php\\\/a-f-e-hassociation-des-familles-denfants-handicapes-de-la-poste-et-dorange\\\/\",\"url\":\"https:\\\/\\\/anr82.fr\\\/index.php\\\/a-f-e-hassociation-des-familles-denfants-handicapes-de-la-poste-et-dorange\\\/\",\"name\":\"A F E H\u2026Association des Familles d'Enfants Handicap\u00e9s de La Poste et d'Orange. - Groupe Tarn &amp; Garonne\",\"isPartOf\":{\"@id\":\"https:\\\/\\\/anr82.fr\\\/#website\"},\"primaryImageOfPage\":{\"@id\":\"https:\\\/\\\/anr82.fr\\\/index.php\\\/a-f-e-hassociation-des-familles-denfants-handicapes-de-la-poste-et-dorange\\\/#primaryimage\"},\"image\":{\"@id\":\"https:\\\/\\\/anr82.fr\\\/index.php\\\/a-f-e-hassociation-des-familles-denfants-handicapes-de-la-poste-et-dorange\\\/#primaryimage\"},\"thumbnailUrl\":\"https:\\\/\\\/anr82.fr\\\/wp-content\\\/uploads\\\/2024\\\/10\\\/Logo_AFEH_Bloc.png\",\"datePublished\":\"2024-10-17T18:29:11+00:00\",\"dateModified\":\"2024-10-18T17:52:06+00:00\",\"breadcrumb\":{\"@id\":\"https:\\\/\\\/anr82.fr\\\/index.php\\\/a-f-e-hassociation-des-familles-denfants-handicapes-de-la-poste-et-dorange\\\/#breadcrumb\"},\"inLanguage\":\"fr-FR\",\"potentialAction\":[{\"@type\":\"ReadAction\",\"target\":[\"https:\\\/\\\/anr82.fr\\\/index.php\\\/a-f-e-hassociation-des-familles-denfants-handicapes-de-la-poste-et-dorange\\\/\"]}]},{\"@type\":\"ImageObject\",\"inLanguage\":\"fr-FR\",\"@id\":\"https:\\\/\\\/anr82.fr\\\/index.php\\\/a-f-e-hassociation-des-familles-denfants-handicapes-de-la-poste-et-dorange\\\/#primaryimage\",\"url\":\"https:\\\/\\\/anr82.fr\\\/wp-content\\\/uploads\\\/2024\\\/10\\\/Logo_AFEH_Bloc.png\",\"contentUrl\":\"https:\\\/\\\/anr82.fr\\\/wp-content\\\/uploads\\\/2024\\\/10\\\/Logo_AFEH_Bloc.png\",\"width\":200,\"height\":200},{\"@type\":\"BreadcrumbList\",\"@id\":\"https:\\\/\\\/anr82.fr\\\/index.php\\\/a-f-e-hassociation-des-familles-denfants-handicapes-de-la-poste-et-dorange\\\/#breadcrumb\",\"itemListElement\":[{\"@type\":\"ListItem\",\"position\":1,\"name\":\"Accueil\",\"item\":\"https:\\\/\\\/anr82.fr\\\/\"},{\"@type\":\"ListItem\",\"position\":2,\"name\":\"A F E H\u2026Association des Familles d&rsquo;Enfants Handicap\u00e9s de La Poste et d&rsquo;Orange.\"}]},{\"@type\":\"WebSite\",\"@id\":\"https:\\\/\\\/anr82.fr\\\/#website\",\"url\":\"https:\\\/\\\/anr82.fr\\\/\",\"name\":\"Groupe Tarn &amp; Garonne\",\"description\":\"Solidarit\u00e9, aide, convivialit\u00e9, partage...\",\"publisher\":{\"@id\":\"https:\\\/\\\/anr82.fr\\\/#organization\"},\"potentialAction\":[{\"@type\":\"SearchAction\",\"target\":{\"@type\":\"EntryPoint\",\"urlTemplate\":\"https:\\\/\\\/anr82.fr\\\/?s={search_term_string}\"},\"query-input\":{\"@type\":\"PropertyValueSpecification\",\"valueRequired\":true,\"valueName\":\"search_term_string\"}}],\"inLanguage\":\"fr-FR\"},{\"@type\":\"Organization\",\"@id\":\"https:\\\/\\\/anr82.fr\\\/#organization\",\"name\":\"Association Nationale de Retrait\u00e9s Groupe Tarn et Garonne\",\"url\":\"https:\\\/\\\/anr82.fr\\\/\",\"logo\":{\"@type\":\"ImageObject\",\"inLanguage\":\"fr-FR\",\"@id\":\"https:\\\/\\\/anr82.fr\\\/#\\\/schema\\\/logo\\\/image\\\/\",\"url\":\"https:\\\/\\\/anr82.fr\\\/wp-content\\\/uploads\\\/2020\\\/04\\\/cropped-Logo-ANR82-02-2.jpg\",\"contentUrl\":\"https:\\\/\\\/anr82.fr\\\/wp-content\\\/uploads\\\/2020\\\/04\\\/cropped-Logo-ANR82-02-2.jpg\",\"width\":500,\"height\":100,\"caption\":\"Association Nationale de Retrait\u00e9s Groupe Tarn et Garonne\"},\"image\":{\"@id\":\"https:\\\/\\\/anr82.fr\\\/#\\\/schema\\\/logo\\\/image\\\/\"}}]}<\/script>\n<!-- \/ Yoast SEO plugin. -->","yoast_head_json":{"title":"A F E H\u2026Association des Familles d'Enfants Handicap\u00e9s de La Poste et d'Orange. - Groupe Tarn &amp; Garonne","robots":{"index":"index","follow":"follow","max-snippet":"max-snippet:-1","max-image-preview":"max-image-preview:large","max-video-preview":"max-video-preview:-1"},"canonical":"https:\/\/anr82.fr\/index.php\/a-f-e-hassociation-des-familles-denfants-handicapes-de-la-poste-et-dorange\/","og_locale":"fr_FR","og_type":"article","og_title":"A F E H\u2026Association des Familles d'Enfants Handicap\u00e9s de La Poste et d'Orange. - Groupe Tarn &amp; Garonne","og_description":"Tous les ans l&rsquo;A.F.E.H diffuse son calendrier aupr\u00e8s de nos coll\u00e8gues, tr\u00e8s nombreux \u00e0 participer \u00e0 cette campagne qui constitue un support d&rsquo;information et une source financi\u00e8re non n\u00e9gligeables. L&rsquo;ANR82 vous sollicite pour prendre ce calendrier et le proposer \u00e0 votre entourage. Vous pouvez contacter directement notre coll\u00e8gue Lucien BERTON [&hellip;]","og_url":"https:\/\/anr82.fr\/index.php\/a-f-e-hassociation-des-familles-denfants-handicapes-de-la-poste-et-dorange\/","og_site_name":"Groupe Tarn &amp; Garonne","article_modified_time":"2024-10-18T17:52:06+00:00","og_image":[{"width":200,"height":200,"url":"https:\/\/anr82.fr\/wp-content\/uploads\/2024\/10\/Logo_AFEH_Bloc.png","type":"image\/png"}],"twitter_card":"summary_large_image","twitter_misc":{"Dur\u00e9e de lecture estim\u00e9e":"1 minute"},"schema":{"@context":"https:\/\/schema.org","@graph":[{"@type":"WebPage","@id":"https:\/\/anr82.fr\/index.php\/a-f-e-hassociation-des-familles-denfants-handicapes-de-la-poste-et-dorange\/","url":"https:\/\/anr82.fr\/index.php\/a-f-e-hassociation-des-familles-denfants-handicapes-de-la-poste-et-dorange\/","name":"A F E H\u2026Association des Familles d'Enfants Handicap\u00e9s de La Poste et d'Orange. - Groupe Tarn &amp; Garonne","isPartOf":{"@id":"https:\/\/anr82.fr\/#website"},"primaryImageOfPage":{"@id":"https:\/\/anr82.fr\/index.php\/a-f-e-hassociation-des-familles-denfants-handicapes-de-la-poste-et-dorange\/#primaryimage"},"image":{"@id":"https:\/\/anr82.fr\/index.php\/a-f-e-hassociation-des-familles-denfants-handicapes-de-la-poste-et-dorange\/#primaryimage"},"thumbnailUrl":"https:\/\/anr82.fr\/wp-content\/uploads\/2024\/10\/Logo_AFEH_Bloc.png","datePublished":"2024-10-17T18:29:11+00:00","dateModified":"2024-10-18T17:52:06+00:00","breadcrumb":{"@id":"https:\/\/anr82.fr\/index.php\/a-f-e-hassociation-des-familles-denfants-handicapes-de-la-poste-et-dorange\/#breadcrumb"},"inLanguage":"fr-FR","potentialAction":[{"@type":"ReadAction","target":["https:\/\/anr82.fr\/index.php\/a-f-e-hassociation-des-familles-denfants-handicapes-de-la-poste-et-dorange\/"]}]},{"@type":"ImageObject","inLanguage":"fr-FR","@id":"https:\/\/anr82.fr\/index.php\/a-f-e-hassociation-des-familles-denfants-handicapes-de-la-poste-et-dorange\/#primaryimage","url":"https:\/\/anr82.fr\/wp-content\/uploads\/2024\/10\/Logo_AFEH_Bloc.png","contentUrl":"https:\/\/anr82.fr\/wp-content\/uploads\/2024\/10\/Logo_AFEH_Bloc.png","width":200,"height":200},{"@type":"BreadcrumbList","@id":"https:\/\/anr82.fr\/index.php\/a-f-e-hassociation-des-familles-denfants-handicapes-de-la-poste-et-dorange\/#breadcrumb","itemListElement":[{"@type":"ListItem","position":1,"name":"Accueil","item":"https:\/\/anr82.fr\/"},{"@type":"ListItem","position":2,"name":"A F E H\u2026Association des Familles d&rsquo;Enfants Handicap\u00e9s de La Poste et d&rsquo;Orange."}]},{"@type":"WebSite","@id":"https:\/\/anr82.fr\/#website","url":"https:\/\/anr82.fr\/","name":"Groupe Tarn &amp; Garonne","description":"Solidarit\u00e9, aide, convivialit\u00e9, partage...","publisher":{"@id":"https:\/\/anr82.fr\/#organization"},"potentialAction":[{"@type":"SearchAction","target":{"@type":"EntryPoint","urlTemplate":"https:\/\/anr82.fr\/?s={search_term_string}"},"query-input":{"@type":"PropertyValueSpecification","valueRequired":true,"valueName":"search_term_string"}}],"inLanguage":"fr-FR"},{"@type":"Organization","@id":"https:\/\/anr82.fr\/#organization","name":"Association Nationale de Retrait\u00e9s Groupe Tarn et Garonne","url":"https:\/\/anr82.fr\/","logo":{"@type":"ImageObject","inLanguage":"fr-FR","@id":"https:\/\/anr82.fr\/#\/schema\/logo\/image\/","url":"https:\/\/anr82.fr\/wp-content\/uploads\/2020\/04\/cropped-Logo-ANR82-02-2.jpg","contentUrl":"https:\/\/anr82.fr\/wp-content\/uploads\/2020\/04\/cropped-Logo-ANR82-02-2.jpg","width":500,"height":100,"caption":"Association Nationale de Retrait\u00e9s Groupe Tarn et Garonne"},"image":{"@id":"https:\/\/anr82.fr\/#\/schema\/logo\/image\/"}}]}},"_links":{"self":[{"href":"https:\/\/anr82.fr\/index.php\/wp-json\/wp\/v2\/pages\/6429","targetHints":{"allow":["GET"]}}],"collection":[{"href":"https:\/\/anr82.fr\/index.php\/wp-json\/wp\/v2\/pages"}],"about":[{"href":"https:\/\/anr82.fr\/index.php\/wp-json\/wp\/v2\/types\/page"}],"author":[{"embeddable":true,"href":"https:\/\/anr82.fr\/index.php\/wp-json\/wp\/v2\/users\/2"}],"replies":[{"embeddable":true,"href":"https:\/\/anr82.fr\/index.php\/wp-json\/wp\/v2\/comments?post=6429"}],"version-history":[{"count":6,"href":"https:\/\/anr82.fr\/index.php\/wp-json\/wp\/v2\/pages\/6429\/revisions"}],"predecessor-version":[{"id":6437,"href":"https:\/\/anr82.fr\/index.php\/wp-json\/wp\/v2\/pages\/6429\/revisions\/6437"}],"wp:attachment":[{"href":"https:\/\/anr82.fr\/index.php\/wp-json\/wp\/v2\/media?parent=6429"}],"curies":[{"name":"wp","href":"https:\/\/api.w.org\/{rel}","templated":true}]}}