{"id":8061,"date":"2024-12-22T21:09:08","date_gmt":"2024-12-22T20:09:08","guid":{"rendered":"https:\/\/anr82.fr\/?page_id=8061"},"modified":"2025-11-09T20:43:48","modified_gmt":"2025-11-09T19:43:48","slug":"demander-des-documents","status":"publish","type":"page","link":"https:\/\/anr82.fr\/index.php\/demander-des-documents\/","title":{"rendered":"Demander des documents"},"content":{"rendered":"\n<p style=\"font-style:normal;font-weight:200\">Vous souhaitez adh\u00e9rer \u00e0 l&rsquo;ANR,  vous inscrire \u00e0 une sortie une une activit\u00e9 organis\u00e9e par l&rsquo;ANR82, consulter un programme ou un tarif mais vous ne retrouvez pas la circulaire ou le document correspondant ou vous ne l&rsquo;avez pas re\u00e7u.<br><br>Pas de panique, nous l&rsquo;avons et allons vous l&rsquo;envoyer par messagerie \u00e9lectronique (Email) d\u00e9s r\u00e9ception de votre demande que vous pouvez faire en utilisant le formulaire ci-dessous.<br>Notez que vous pouvez utiliser la m\u00eame demande pour obtenir plusieurs documents.<\/p>\n\n\n\n<p style=\"font-style:normal;font-weight:200\">Si vous ne trouvez pas le document recherch\u00e9 dans la liste propos\u00e9e, merci de <a href=\"https:\/\/anr82.fr\/#contact\">contacter l&rsquo;ANR<\/a>. <br>Vous pouvez aussi utiliser <a href=\"https:\/\/anr82.fr\/index.php\/formulaire-de-contact\/\">notre formulaire de contact<\/a>, simple et rapide.<\/p>\n\n\n\n<details class=\"wp-block-details has-border-color has-background has-small-font-size is-layout-flow wp-container-core-details-is-layout-22223934 wp-block-details-is-layout-flow\" style=\"border-color:#c52424;border-width:1px;background-color:#eacfc1\"><summary><span style=\"font-family: -webkit-standard; font-size: medium; white-space: normal;\">A SAVOIR POUR FAIRE VOTRE DEMANDE&#8230; (cliquez ici pour afficher\/masquer le texte)<\/span><\/summary>\n<ul class=\"wp-block-list\">\n<li>Les renseignements fournis ne servent qu&rsquo;\u00e0 vous retourner les documents demand\u00e9s. Ils sont n\u00e9cessaires pour \u00e9viter les incursions frauduleuses sur notre site. <strong>Ils ne seront jamais utilis\u00e9s \u00e0 d&rsquo;autres fins, ne seront pas stock\u00e9s ni transmis \u00e0 des tiers<\/strong>.<\/li>\n\n\n\n<li><strong>Le num\u00e9ro d&rsquo;adh\u00e9sion permet de v\u00e9rifier votre statut \u00ab\u00a0ANR\u00a0\u00bb<\/strong>. Si vous ne le connaissez pas ou si vous l&rsquo;avez oubli\u00e9, il suffit de laisser \u00ab\u00a00\u00a0\u00bb (z\u00e9ro) dans le champs. Votre adh\u00e9sion sera confirm\u00e9e avec votre nom.<\/li>\n\n\n\n<li>L&rsquo;adresse \u00e9lectronique (Email) est indispensable pour vous retourner les documents recherch\u00e9s. <strong>Sans elle votre demande ne pourra pas \u00eatre satisfaite<\/strong>. Si vous ne pouvez pas ou ne souhaitez pas transmettre une adresse \u00e9lectronique, merci de directement <a href=\"https:\/\/anr82.fr\/#contact\">contacter l&rsquo;ANR&#8230;<\/a><\/li>\n\n\n\n<li><strong>Cochez soigneusement la petite case<\/strong> pour les documents souhait\u00e9s symbolis\u00e9s par des petites ic\u00f4nes.<\/li>\n\n\n\n<li>N&rsquo;oubliez pas de cocher la case \u00ab\u00a0<strong>J&rsquo;ai lu et j&rsquo;accepte les conditions d&rsquo;envoi du formulaire<\/strong>\u00a0\u00bb confirmant votre consentement au traitement de votre demande.<\/li>\n\n\n\n<li>Les documents seront retourn\u00e9s d\u00e9s que possible. <strong>Ce traitement \u00e9tant manuel, merci pour votre patience&#8230;<\/strong><\/li>\n\n\n\n<li>Si vous ne \u00ab\u00a0voyez pas\u00a0\u00bb le message retour dans un d\u00e9lai de 24 heures, <strong>pensez \u00e0 v\u00e9rifier votre boite stockant les courriers ind\u00e9sirables<\/strong> (SPAM). <\/li>\n\n\n\n<li>Pour tous probl\u00e8mes ou difficult\u00e9s rencontr\u00e9s, vous pouvez envoyer un courriel au gestionnaire du site : <a href=\"mailto:webmestre@icloud.com\">\u2192 envoyer un Email au gestionnaire du site&#8230;<\/a><\/li>\n<\/ul>\n<\/details>\n\n\n\n<div style=\"height:12px\" aria-hidden=\"true\" class=\"wp-block-spacer\"><\/div>\n\n\n\n<div id=\"wp-block-themeisle-blocks-advanced-columns-2c47cf8c\" class=\"wp-block-themeisle-blocks-advanced-columns has-1-columns has-desktop-equal-layout has-tablet-equal-layout has-mobile-equal-layout has-vertical-unset\"><div class=\"wp-block-themeisle-blocks-advanced-columns-overlay\"><\/div><div class=\"innerblocks-wrap\">\n<div id=\"wp-block-themeisle-blocks-advanced-column-25ef70a5\" class=\"wp-block-themeisle-blocks-advanced-column has-light-bg\"><div class=\"wpforms-container wpforms-container-full wpforms-block wpforms-block-68f73b8f-018b-4ba1-8a1f-fdb282effdd7\" id=\"wpforms-8048\"><form id=\"wpforms-form-8048\" class=\"wpforms-validate wpforms-form wpforms-ajax-form\" data-formid=\"8048\" method=\"post\" enctype=\"multipart\/form-data\" action=\"\/index.php\/wp-json\/wp\/v2\/pages\/8061\" data-token=\"c3bc24efc9d3ce95df73fe4b6184385c\" data-token-time=\"1776032952\"><div class=\"wpforms-head-container\"><div class=\"wpforms-description\">Formulaire de demande de documents.\r\nTous les champs avec * sont requis.<\/div><\/div><noscript class=\"wpforms-error-noscript\">Veuillez activer JavaScript dans votre navigateur pour remplir ce formulaire.<\/noscript><div class=\"wpforms-field-container\">\t\t<div id=\"wpforms-8048-field_1-container\"\n\t\t\tclass=\"wpforms-field wpforms-field-text\"\n\t\t\tdata-field-type=\"text\"\n\t\t\tdata-field-id=\"1\"\n\t\t\t>\n\t\t\t<label class=\"wpforms-field-label\" for=\"wpforms-8048-field_1\" >Votre E-mail ANR<\/label>\n\t\t\t<input type=\"text\" id=\"wpforms-8048-field_1\" class=\"wpforms-field-medium\" name=\"wpforms[fields][1]\" >\n\t\t<\/div>\n\t\t<div id=\"wpforms-8048-field_15-container\" class=\"wpforms-field wpforms-field-name\" data-field-id=\"15\"><label class=\"wpforms-field-label\">Votre Pr\u00e9nom &amp; Nom <span class=\"wpforms-required-label\">*<\/span><\/label><div class=\"wpforms-field-row wpforms-field-large\"><div class=\"wpforms-field-row-block wpforms-first wpforms-one-half\"><input type=\"text\" id=\"wpforms-8048-field_15\" class=\"wpforms-field-name-first wpforms-field-required\" name=\"wpforms[fields][15][first]\" placeholder=\"Cmoi\" required><label for=\"wpforms-8048-field_15\" class=\"wpforms-field-sublabel after\">Pr\u00e9nom<\/label><\/div><div class=\"wpforms-field-row-block wpforms-one-half\"><input type=\"text\" id=\"wpforms-8048-field_15-last\" class=\"wpforms-field-name-last wpforms-field-required\" name=\"wpforms[fields][15][last]\" placeholder=\"Leplubot\" required><label for=\"wpforms-8048-field_15-last\" class=\"wpforms-field-sublabel after\">Nom<\/label><\/div><\/div><\/div><div id=\"wpforms-8048-field_18-container\" class=\"wpforms-field wpforms-field-text\" data-field-id=\"18\"><label class=\"wpforms-field-label\" for=\"wpforms-8048-field_18\">Num\u00e9ro d&#039;adh\u00e9sion ANR <span class=\"wpforms-required-label\">*<\/span><\/label><input type=\"text\" id=\"wpforms-8048-field_18\" class=\"wpforms-field-medium wpforms-field-required\" name=\"wpforms[fields][18]\" required><div class=\"wpforms-field-description\">Si vous connaissez votre N\u00b0 d&rsquo;adh\u00e9sion \u00e0 l&rsquo;ANR, saisissez le ici sinon laissez la valeur par d\u00e9faut (0).<\/div><\/div><div id=\"wpforms-8048-field_17-container\" class=\"wpforms-field wpforms-field-email\" data-field-id=\"17\"><label class=\"wpforms-field-label\" for=\"wpforms-8048-field_17\">E-mail <span class=\"wpforms-required-label\">*<\/span><\/label><input type=\"email\" id=\"wpforms-8048-field_17\" class=\"wpforms-field-medium wpforms-field-required\" name=\"wpforms[fields][17]\" placeholder=\"xxxx@yy.zz\" spellcheck=\"false\" required><div class=\"wpforms-field-description\">Saisissez une adresse valide, elle sera utilis\u00e9e pour vous envoyer le(s) document(s) demand\u00e9(s).<\/div><\/div><div id=\"wpforms-8048-field_20-container\" class=\"wpforms-field wpforms-field-checkbox\" data-field-id=\"20\"><label class=\"wpforms-field-label\">Document(s) demand\u00e9(s) <span class=\"wpforms-required-label\">*<\/span><\/label><ul id=\"wpforms-8048-field_20\" class=\"wpforms-field-required\"><li class=\"choice-8 depth-1\"><input type=\"checkbox\" id=\"wpforms-8048-field_20_8\" name=\"wpforms[fields][20][]\" value=\"Circulaire Spectacle Shen Yun\" required ><label class=\"wpforms-field-label-inline\" for=\"wpforms-8048-field_20_8\">Circulaire Spectacle Shen Yun<\/label><\/li><li class=\"choice-12 depth-1\"><input type=\"checkbox\" id=\"wpforms-8048-field_20_12\" name=\"wpforms[fields][20][]\" value=\"Circulaire Sortie Les Pouilles\" required ><label class=\"wpforms-field-label-inline\" for=\"wpforms-8048-field_20_12\">Circulaire Sortie Les Pouilles<\/label><\/li><li class=\"choice-13 depth-1\"><input type=\"checkbox\" id=\"wpforms-8048-field_20_13\" name=\"wpforms[fields][20][]\" value=\"Circulaire Auvergne\" required ><label class=\"wpforms-field-label-inline\" for=\"wpforms-8048-field_20_13\">Circulaire Auvergne<\/label><\/li><li class=\"choice-6 depth-1\"><input type=\"checkbox\" id=\"wpforms-8048-field_20_6\" name=\"wpforms[fields][20][]\" value=\"Circulaire &quot;Jeux de soci\u00e9t\u00e9&quot;.\" required ><label class=\"wpforms-field-label-inline\" for=\"wpforms-8048-field_20_6\">Circulaire \u00ab\u00a0Jeux de soci\u00e9t\u00e9\u00a0\u00bb.<\/label><\/li><li class=\"choice-9 depth-1\"><input type=\"checkbox\" id=\"wpforms-8048-field_20_9\" name=\"wpforms[fields][20][]\" value=\"Formulaire d&#039;adh\u00e9sion \u00e0 l&#039;ANR\" required ><label class=\"wpforms-field-label-inline\" for=\"wpforms-8048-field_20_9\">Formulaire d&rsquo;adh\u00e9sion \u00e0 l&rsquo;ANR<\/label><\/li><\/ul><div class=\"wpforms-field-description\">Merci de cocher la case pour les documents demand\u00e9s.<\/div><\/div><div id=\"wpforms-8048-field_8-container\" class=\"wpforms-field wpforms-field-checkbox\" data-field-id=\"8\"><label class=\"wpforms-field-label\">Protection des donn\u00e9es personnelles <span class=\"wpforms-required-label\">*<\/span><\/label><ul id=\"wpforms-8048-field_8\" class=\"wpforms-field-required\"><li class=\"choice-1 depth-1\"><input type=\"checkbox\" id=\"wpforms-8048-field_8_1\" name=\"wpforms[fields][8][]\" value=\"J&#039;ai lu et j&#039;accepte les conditions d&#039;envoi du formulaire.\" required ><label class=\"wpforms-field-label-inline\" for=\"wpforms-8048-field_8_1\">J&rsquo;ai lu et j&rsquo;accepte les conditions d&rsquo;envoi du formulaire.<\/label><\/li><\/ul><div class=\"wpforms-field-description wpforms-disclaimer-description\">En envoyant ce formulaire j\u2019autorise l\u2019ANR (groupe 82 Tarn &amp; Garonne) \u00e0 utiliser les informations personnelles transmises pour r\u00e9pondre \u00e0 ma demande de documents.<br \/>\nJe suis inform\u00e9(e) que ces donn\u00e9es, utilis\u00e9es pour v\u00e9rifier mon adh\u00e9sion \u00e0 l&rsquo;ANR82, ne feront l&rsquo;objet d&rsquo;aucune transmission \u00e0 des tiers.<br \/>\n<\/div><\/div><script>\n\t\t\t\t( function() {\n\t\t\t\t\tconst style = document.createElement( 'style' );\n\t\t\t\t\tstyle.appendChild( document.createTextNode( '#wpforms-8048-field_1-container { position: absolute !important; overflow: hidden !important; display: inline !important; height: 1px !important; width: 1px !important; z-index: -1000 !important; padding: 0 !important; } #wpforms-8048-field_1-container input { visibility: hidden; } #wpforms-conversational-form-page #wpforms-8048-field_1-container label { counter-increment: none; }' ) );\n\t\t\t\t\tdocument.head.appendChild( style );\n\t\t\t\t\tdocument.currentScript?.remove();\n\t\t\t\t} )();\n\t\t\t<\/script><\/div><!-- .wpforms-field-container --><div class=\"wpforms-submit-container\" ><input type=\"hidden\" name=\"wpforms[id]\" value=\"8048\"><input type=\"hidden\" name=\"page_title\" value=\"\"><input type=\"hidden\" name=\"page_url\" value=\"https:\/\/anr82.fr\/index.php\/wp-json\/wp\/v2\/pages\/8061\"><input type=\"hidden\" name=\"url_referer\" value=\"\"><button type=\"submit\" name=\"wpforms[submit]\" id=\"wpforms-submit-8048\" class=\"wpforms-submit\" data-alt-text=\"Demande en cours d&#039;envoi....\" data-submit-text=\"Demander les documents\" aria-live=\"assertive\" value=\"wpforms-submit\">Demander les documents<\/button><img loading=\"lazy\" decoding=\"async\" src=\"https:\/\/anr82.fr\/wp-content\/plugins\/wpforms-lite\/assets\/images\/submit-spin.svg\" class=\"wpforms-submit-spinner\" style=\"display: none;\" width=\"26\" height=\"26\" alt=\"Chargement en cours\"><\/div><\/form><\/div>  <!-- .wpforms-container --><\/div>\n<\/div><\/div>\n\n\n\n<div style=\"height:32px\" aria-hidden=\"true\" class=\"wp-block-spacer\"><\/div>\n\n\n\n<p><\/p>\n","protected":false},"excerpt":{"rendered":"<p>Vous souhaitez adh\u00e9rer \u00e0 l&rsquo;ANR, vous inscrire \u00e0 une sortie une une activit\u00e9 organis\u00e9e par l&rsquo;ANR82, consulter un programme ou un tarif mais vous ne retrouvez pas la circulaire ou le document correspondant ou vous ne l&rsquo;avez pas re\u00e7u. Pas de panique, nous l&rsquo;avons et allons vous l&rsquo;envoyer par messagerie [&hellip;]<\/p>\n","protected":false},"author":2,"featured_media":0,"parent":0,"menu_order":0,"comment_status":"closed","ping_status":"closed","template":"page-templates\/template-fullwidth.php","meta":{"_bbp_topic_count":0,"_bbp_reply_count":0,"_bbp_total_topic_count":0,"_bbp_total_reply_count":0,"_bbp_voice_count":0,"_bbp_anonymous_reply_count":0,"_bbp_topic_count_hidden":0,"_bbp_reply_count_hidden":0,"_bbp_forum_subforum_count":0,"_themeisle_gutenberg_block_has_review":false,"footnotes":""},"class_list":["post-8061","page","type-page","status-publish","hentry"],"yoast_head":"<!-- This site is optimized with the Yoast SEO plugin v27.3 - https:\/\/yoast.com\/product\/yoast-seo-wordpress\/ -->\n<title>Demander des documents - Groupe Tarn &amp; Garonne<\/title>\n<meta name=\"robots\" content=\"index, follow, max-snippet:-1, max-image-preview:large, max-video-preview:-1\" \/>\n<link rel=\"canonical\" href=\"https:\/\/anr82.fr\/index.php\/demander-des-documents\/\" \/>\n<meta property=\"og:locale\" content=\"fr_FR\" \/>\n<meta property=\"og:type\" content=\"article\" \/>\n<meta property=\"og:title\" content=\"Demander des documents - Groupe Tarn &amp; Garonne\" \/>\n<meta property=\"og:description\" content=\"Vous souhaitez adh\u00e9rer \u00e0 l&rsquo;ANR, vous inscrire \u00e0 une sortie une une activit\u00e9 organis\u00e9e par l&rsquo;ANR82, consulter un programme ou un tarif mais vous ne retrouvez pas la circulaire ou le document correspondant ou vous ne l&rsquo;avez pas re\u00e7u. Pas de panique, nous l&rsquo;avons et allons vous l&rsquo;envoyer par messagerie [&hellip;]\" \/>\n<meta property=\"og:url\" content=\"https:\/\/anr82.fr\/index.php\/demander-des-documents\/\" \/>\n<meta property=\"og:site_name\" content=\"Groupe Tarn &amp; Garonne\" \/>\n<meta property=\"article:modified_time\" content=\"2025-11-09T19:43:48+00:00\" \/>\n<meta name=\"twitter:card\" content=\"summary_large_image\" \/>\n<meta name=\"twitter:label1\" content=\"Dur\u00e9e de lecture estim\u00e9e\" \/>\n\t<meta name=\"twitter:data1\" content=\"2 minutes\" \/>\n<script type=\"application\/ld+json\" class=\"yoast-schema-graph\">{\"@context\":\"https:\\\/\\\/schema.org\",\"@graph\":[{\"@type\":\"WebPage\",\"@id\":\"https:\\\/\\\/anr82.fr\\\/index.php\\\/demander-des-documents\\\/\",\"url\":\"https:\\\/\\\/anr82.fr\\\/index.php\\\/demander-des-documents\\\/\",\"name\":\"Demander des documents - Groupe Tarn &amp; Garonne\",\"isPartOf\":{\"@id\":\"https:\\\/\\\/anr82.fr\\\/#website\"},\"datePublished\":\"2024-12-22T20:09:08+00:00\",\"dateModified\":\"2025-11-09T19:43:48+00:00\",\"breadcrumb\":{\"@id\":\"https:\\\/\\\/anr82.fr\\\/index.php\\\/demander-des-documents\\\/#breadcrumb\"},\"inLanguage\":\"fr-FR\",\"potentialAction\":[{\"@type\":\"ReadAction\",\"target\":[\"https:\\\/\\\/anr82.fr\\\/index.php\\\/demander-des-documents\\\/\"]}]},{\"@type\":\"BreadcrumbList\",\"@id\":\"https:\\\/\\\/anr82.fr\\\/index.php\\\/demander-des-documents\\\/#breadcrumb\",\"itemListElement\":[{\"@type\":\"ListItem\",\"position\":1,\"name\":\"Accueil\",\"item\":\"https:\\\/\\\/anr82.fr\\\/\"},{\"@type\":\"ListItem\",\"position\":2,\"name\":\"Demander des documents\"}]},{\"@type\":\"WebSite\",\"@id\":\"https:\\\/\\\/anr82.fr\\\/#website\",\"url\":\"https:\\\/\\\/anr82.fr\\\/\",\"name\":\"Groupe Tarn &amp; Garonne\",\"description\":\"Solidarit\u00e9, aide, convivialit\u00e9, partage...\",\"publisher\":{\"@id\":\"https:\\\/\\\/anr82.fr\\\/#organization\"},\"potentialAction\":[{\"@type\":\"SearchAction\",\"target\":{\"@type\":\"EntryPoint\",\"urlTemplate\":\"https:\\\/\\\/anr82.fr\\\/?s={search_term_string}\"},\"query-input\":{\"@type\":\"PropertyValueSpecification\",\"valueRequired\":true,\"valueName\":\"search_term_string\"}}],\"inLanguage\":\"fr-FR\"},{\"@type\":\"Organization\",\"@id\":\"https:\\\/\\\/anr82.fr\\\/#organization\",\"name\":\"Association Nationale de Retrait\u00e9s Groupe Tarn et Garonne\",\"url\":\"https:\\\/\\\/anr82.fr\\\/\",\"logo\":{\"@type\":\"ImageObject\",\"inLanguage\":\"fr-FR\",\"@id\":\"https:\\\/\\\/anr82.fr\\\/#\\\/schema\\\/logo\\\/image\\\/\",\"url\":\"https:\\\/\\\/anr82.fr\\\/wp-content\\\/uploads\\\/2020\\\/04\\\/cropped-Logo-ANR82-02-2.jpg\",\"contentUrl\":\"https:\\\/\\\/anr82.fr\\\/wp-content\\\/uploads\\\/2020\\\/04\\\/cropped-Logo-ANR82-02-2.jpg\",\"width\":500,\"height\":100,\"caption\":\"Association Nationale de Retrait\u00e9s Groupe Tarn et Garonne\"},\"image\":{\"@id\":\"https:\\\/\\\/anr82.fr\\\/#\\\/schema\\\/logo\\\/image\\\/\"}}]}<\/script>\n<!-- \/ Yoast SEO plugin. -->","yoast_head_json":{"title":"Demander des documents - Groupe Tarn &amp; Garonne","robots":{"index":"index","follow":"follow","max-snippet":"max-snippet:-1","max-image-preview":"max-image-preview:large","max-video-preview":"max-video-preview:-1"},"canonical":"https:\/\/anr82.fr\/index.php\/demander-des-documents\/","og_locale":"fr_FR","og_type":"article","og_title":"Demander des documents - Groupe Tarn &amp; Garonne","og_description":"Vous souhaitez adh\u00e9rer \u00e0 l&rsquo;ANR, vous inscrire \u00e0 une sortie une une activit\u00e9 organis\u00e9e par l&rsquo;ANR82, consulter un programme ou un tarif mais vous ne retrouvez pas la circulaire ou le document correspondant ou vous ne l&rsquo;avez pas re\u00e7u. Pas de panique, nous l&rsquo;avons et allons vous l&rsquo;envoyer par messagerie [&hellip;]","og_url":"https:\/\/anr82.fr\/index.php\/demander-des-documents\/","og_site_name":"Groupe Tarn &amp; Garonne","article_modified_time":"2025-11-09T19:43:48+00:00","twitter_card":"summary_large_image","twitter_misc":{"Dur\u00e9e de lecture estim\u00e9e":"2 minutes"},"schema":{"@context":"https:\/\/schema.org","@graph":[{"@type":"WebPage","@id":"https:\/\/anr82.fr\/index.php\/demander-des-documents\/","url":"https:\/\/anr82.fr\/index.php\/demander-des-documents\/","name":"Demander des documents - Groupe Tarn &amp; Garonne","isPartOf":{"@id":"https:\/\/anr82.fr\/#website"},"datePublished":"2024-12-22T20:09:08+00:00","dateModified":"2025-11-09T19:43:48+00:00","breadcrumb":{"@id":"https:\/\/anr82.fr\/index.php\/demander-des-documents\/#breadcrumb"},"inLanguage":"fr-FR","potentialAction":[{"@type":"ReadAction","target":["https:\/\/anr82.fr\/index.php\/demander-des-documents\/"]}]},{"@type":"BreadcrumbList","@id":"https:\/\/anr82.fr\/index.php\/demander-des-documents\/#breadcrumb","itemListElement":[{"@type":"ListItem","position":1,"name":"Accueil","item":"https:\/\/anr82.fr\/"},{"@type":"ListItem","position":2,"name":"Demander des documents"}]},{"@type":"WebSite","@id":"https:\/\/anr82.fr\/#website","url":"https:\/\/anr82.fr\/","name":"Groupe Tarn &amp; Garonne","description":"Solidarit\u00e9, aide, convivialit\u00e9, partage...","publisher":{"@id":"https:\/\/anr82.fr\/#organization"},"potentialAction":[{"@type":"SearchAction","target":{"@type":"EntryPoint","urlTemplate":"https:\/\/anr82.fr\/?s={search_term_string}"},"query-input":{"@type":"PropertyValueSpecification","valueRequired":true,"valueName":"search_term_string"}}],"inLanguage":"fr-FR"},{"@type":"Organization","@id":"https:\/\/anr82.fr\/#organization","name":"Association Nationale de Retrait\u00e9s Groupe Tarn et Garonne","url":"https:\/\/anr82.fr\/","logo":{"@type":"ImageObject","inLanguage":"fr-FR","@id":"https:\/\/anr82.fr\/#\/schema\/logo\/image\/","url":"https:\/\/anr82.fr\/wp-content\/uploads\/2020\/04\/cropped-Logo-ANR82-02-2.jpg","contentUrl":"https:\/\/anr82.fr\/wp-content\/uploads\/2020\/04\/cropped-Logo-ANR82-02-2.jpg","width":500,"height":100,"caption":"Association Nationale de Retrait\u00e9s Groupe Tarn et Garonne"},"image":{"@id":"https:\/\/anr82.fr\/#\/schema\/logo\/image\/"}}]}},"_links":{"self":[{"href":"https:\/\/anr82.fr\/index.php\/wp-json\/wp\/v2\/pages\/8061","targetHints":{"allow":["GET"]}}],"collection":[{"href":"https:\/\/anr82.fr\/index.php\/wp-json\/wp\/v2\/pages"}],"about":[{"href":"https:\/\/anr82.fr\/index.php\/wp-json\/wp\/v2\/types\/page"}],"author":[{"embeddable":true,"href":"https:\/\/anr82.fr\/index.php\/wp-json\/wp\/v2\/users\/2"}],"replies":[{"embeddable":true,"href":"https:\/\/anr82.fr\/index.php\/wp-json\/wp\/v2\/comments?post=8061"}],"version-history":[{"count":27,"href":"https:\/\/anr82.fr\/index.php\/wp-json\/wp\/v2\/pages\/8061\/revisions"}],"predecessor-version":[{"id":11851,"href":"https:\/\/anr82.fr\/index.php\/wp-json\/wp\/v2\/pages\/8061\/revisions\/11851"}],"wp:attachment":[{"href":"https:\/\/anr82.fr\/index.php\/wp-json\/wp\/v2\/media?parent=8061"}],"curies":[{"name":"wp","href":"https:\/\/api.w.org\/{rel}","templated":true}]}}