{"id":858,"date":"2015-03-09T16:13:30","date_gmt":"2015-03-09T15:13:30","guid":{"rendered":"https:\/\/anr82.wordpress.com\/?page_id=858"},"modified":"2025-11-27T17:42:14","modified_gmt":"2025-11-27T16:42:14","slug":"amicale-vie","status":"publish","type":"page","link":"https:\/\/anr82.fr\/index.php\/amicale-vie\/","title":{"rendered":"Amicale-Vie"},"content":{"rendered":"\n<div class=\"wp-block-group is-vertical is-content-justification-center is-layout-flex wp-container-core-group-is-layout-fa150992 wp-block-group-is-layout-flex\" style=\"padding-top:0;padding-right:var(--wp--preset--spacing--30);padding-bottom:0;padding-left:var(--wp--preset--spacing--30)\">\n<figure class=\"wp-block-image is-resized\"><img loading=\"lazy\" decoding=\"async\" width=\"225\" height=\"61\" src=\"https:\/\/anr82.fr\/wp-content\/uploads\/2015\/08\/logo-amic-vie-225.png\" alt=\"Logo Amicale Vie\" class=\"wp-image-963\" style=\"width:214px;height:auto\"\/><\/figure>\n\n\n\n<p style=\"font-style:normal;font-weight:400;text-transform:none\">Le contrat Amicale-Vie offre une protection sur mesure et garantit, dans un d\u00e9lai de 48 heures ouvr\u00e9es suivant la r\u00e9ception de pi\u00e8ces n\u00e9cessaires, l\u2019envoi du capital souscrit au b\u00e9n\u00e9ficiaire d\u00e9sign\u00e9 par l\u2019adh\u00e9rent (libre de choix, personne morale ou physique).<br><br>Ce capital est exon\u00e9r\u00e9 d\u2019imp\u00f4ts et de droits de succession (dans la limite de la l\u00e9gislation en vigueur).<br><br>Contact local :&nbsp; <\/p>\n\n\n\n<p class=\"has-text-align-center has-medium-font-size\" style=\"font-style:normal;font-weight:400;text-transform:none\"><strong>Evelyne DELPECH<\/strong><br>66, Chemin de Bernard<br>82000 MONTAUBAN<br><span class=\"has-inline-color has-black-color\">T\u00e9l: <\/span>06 77 44 91 32<\/p>\n<\/div>\n\n\n\n<hr class=\"wp-block-separator has-alpha-channel-opacity\"\/>\n\n\n<div class=\"wpforms-container wpforms-container-full wpforms-block wpforms-block-5fc001e3-1ebb-4f05-8925-ebbca38698da\" id=\"wpforms-9776\"><form id=\"wpforms-form-9776\" class=\"wpforms-validate wpforms-form wpforms-ajax-form\" data-formid=\"9776\" method=\"post\" enctype=\"multipart\/form-data\" action=\"\/index.php\/wp-json\/wp\/v2\/pages\/858\" data-token=\"a06b03aafb95ef3b81d78f5650ccee25\" data-token-time=\"1777211338\"><div class=\"wpforms-head-container\"><div class=\"wpforms-title\">Demander des informations sur l&#039;Amicale-Vie<\/div><div class=\"wpforms-description\">Obtenez toutes les informations sur l&rsquo;Amicale-Vie, partenaire de l&rsquo;ANR.\r\nTous les champs avec * sont requis.<\/div><\/div><noscript class=\"wpforms-error-noscript\">Veuillez activer JavaScript dans votre navigateur pour remplir ce formulaire.<\/noscript><div class=\"wpforms-field-container\"><div id=\"wpforms-9776-field_15-container\" class=\"wpforms-field wpforms-field-radio wpforms-list-inline\" data-field-id=\"15\"><label class=\"wpforms-field-label wpforms-label-hide\">Genre <span class=\"wpforms-required-label\">*<\/span><\/label><ul id=\"wpforms-9776-field_15\" class=\"wpforms-field-required\"><li class=\"choice-1 depth-1\"><input type=\"radio\" id=\"wpforms-9776-field_15_1\" name=\"wpforms[fields][15]\" value=\"Monsieur\" required ><label class=\"wpforms-field-label-inline\" for=\"wpforms-9776-field_15_1\">Monsieur<\/label><\/li><li class=\"choice-2 depth-1\"><input type=\"radio\" id=\"wpforms-9776-field_15_2\" name=\"wpforms[fields][15]\" value=\"Madame\" required ><label class=\"wpforms-field-label-inline\" for=\"wpforms-9776-field_15_2\">Madame<\/label><\/li><li class=\"choice-3 depth-1\"><input type=\"radio\" id=\"wpforms-9776-field_15_3\" name=\"wpforms[fields][15]\" value=\"Non pr\u00e9cis\u00e9\" required ><label class=\"wpforms-field-label-inline\" for=\"wpforms-9776-field_15_3\">Non pr\u00e9cis\u00e9<\/label><\/li><\/ul><\/div><div id=\"wpforms-9776-field_0-container\" class=\"wpforms-field wpforms-field-name wpforms-first\" data-field-id=\"0\"><label class=\"wpforms-field-label\">Vos Pr\u00e9nom &amp; Nom <span class=\"wpforms-required-label\">*<\/span><\/label><div class=\"wpforms-field-row wpforms-field-large\"><div class=\"wpforms-field-row-block wpforms-first wpforms-one-half\"><input type=\"text\" id=\"wpforms-9776-field_0\" class=\"wpforms-field-name-first wpforms-field-required\" name=\"wpforms[fields][0][first]\" placeholder=\"Cmoi\" required><label for=\"wpforms-9776-field_0\" class=\"wpforms-field-sublabel after\">Pr\u00e9nom<\/label><\/div><div class=\"wpforms-field-row-block wpforms-one-half\"><input type=\"text\" id=\"wpforms-9776-field_0-last\" class=\"wpforms-field-name-last wpforms-field-required\" name=\"wpforms[fields][0][last]\" placeholder=\"Leplubot\" required><label for=\"wpforms-9776-field_0-last\" class=\"wpforms-field-sublabel after\">Nom<\/label><\/div><\/div><\/div><div id=\"wpforms-9776-field_14-container\" class=\"wpforms-field wpforms-field-text\" data-field-id=\"14\"><label class=\"wpforms-field-label\" for=\"wpforms-9776-field_14\">Votre N\u00b0 d&#039;adh\u00e9rent <span class=\"wpforms-required-label\">*<\/span><\/label><input type=\"text\" id=\"wpforms-9776-field_14\" class=\"wpforms-field-medium wpforms-field-required\" name=\"wpforms[fields][14]\" value=\"0\" placeholder=\"1234567\" required><div class=\"wpforms-field-description\">Veuillez renseigner votre num\u00e9ro d&rsquo;adh\u00e9rent \u00e0 l&rsquo;ANR.<\/div><\/div>\t\t<div id=\"wpforms-9776-field_1-container\"\n\t\t\tclass=\"wpforms-field wpforms-field-text\"\n\t\t\tdata-field-type=\"text\"\n\t\t\tdata-field-id=\"1\"\n\t\t\t>\n\t\t\t<label class=\"wpforms-field-label\" for=\"wpforms-9776-field_1\" >\u00e9lectronique d&#039;adh\u00e9rent Votre<\/label>\n\t\t\t<input type=\"text\" id=\"wpforms-9776-field_1\" class=\"wpforms-field-medium\" name=\"wpforms[fields][1]\" >\n\t\t<\/div>\n\t\t<div id=\"wpforms-9776-field_3-container\" class=\"wpforms-field wpforms-field-email\" data-field-id=\"3\"><label class=\"wpforms-field-label\" for=\"wpforms-9776-field_3\">Votre adresse \u00e9lectronique <span class=\"wpforms-required-label\">*<\/span><\/label><input type=\"email\" id=\"wpforms-9776-field_3\" class=\"wpforms-field-large wpforms-field-required\" name=\"wpforms[fields][3]\" placeholder=\"xxx@yy.zz\" spellcheck=\"false\" required><div class=\"wpforms-field-description\">Elle sera utilis\u00e9e pour vous r\u00e9pondre.<\/div><\/div><div id=\"wpforms-9776-field_17-container\" class=\"wpforms-field wpforms-field-text\" data-field-id=\"17\"><label class=\"wpforms-field-label\" for=\"wpforms-9776-field_17\">T\u00e9l\u00e9phone<\/label><input type=\"text\" id=\"wpforms-9776-field_17\" class=\"wpforms-field-medium wpforms-masked-input\" data-rule-inputmask-incomplete=\"1\" data-inputmask-mask=\"99-99-99-99-99\" name=\"wpforms[fields][17]\" placeholder=\"06-xx-xx-...\" ><div class=\"wpforms-field-description\">Ce champ, facultatif, est recommand\u00e9 pour faciliter l&rsquo;\u00e9change d&rsquo;informations.<\/div><\/div><div id=\"wpforms-9776-field_2-container\" class=\"wpforms-field wpforms-field-textarea\" data-field-id=\"2\"><label class=\"wpforms-field-label\" for=\"wpforms-9776-field_2\">Informations compl\u00e9mentaires<\/label><textarea id=\"wpforms-9776-field_2\" class=\"wpforms-field-medium\" name=\"wpforms[fields][2]\" placeholder=\"Dites-nous tout ici...\" ><\/textarea><div class=\"wpforms-field-description\">Utilisez ce champs pour compl\u00e9ter votre demande ou nous faire part de commentaires.<\/div><\/div><div id=\"wpforms-9776-field_8-container\" class=\"wpforms-field wpforms-field-checkbox\" data-field-id=\"8\"><label class=\"wpforms-field-label\">Protection des donn\u00e9es personnelles <span class=\"wpforms-required-label\">*<\/span><\/label><ul id=\"wpforms-9776-field_8\" class=\"wpforms-field-required\"><li class=\"choice-1 depth-1\"><input type=\"checkbox\" id=\"wpforms-9776-field_8_1\" name=\"wpforms[fields][8][]\" value=\"J&#039;ai lu et j&#039;accepte les conditions d&#039;envoi du formulaire.\" required ><label class=\"wpforms-field-label-inline\" for=\"wpforms-9776-field_8_1\">J&rsquo;ai lu et j&rsquo;accepte les conditions d&rsquo;envoi du formulaire.<\/label><\/li><\/ul><div class=\"wpforms-field-description wpforms-disclaimer-description\">En envoyant ce formulaire j\u2019autorise l\u2019ANR (groupe 82 Tarn &amp; Garonne) \u00e0 utiliser mes informations personnelles et mon adresse \u00e9lectronique pour r\u00e9pondre \u00e0 ma demande.<br \/>\nJe suis inform\u00e9(e) que ces donn\u00e9es \u00e0 l\u2019usage exclusif de l\u2019ANR82 dans le cadre d\u2019\u00e9changes ne seront pas enregistr\u00e9es et ne feront l\u2019objet d\u2019aucune transmission \u00e0 des tiers.<br \/>\n<\/div><\/div><script>\n\t\t\t\t( function() {\n\t\t\t\t\tconst style = document.createElement( 'style' );\n\t\t\t\t\tstyle.appendChild( document.createTextNode( '#wpforms-9776-field_1-container { position: absolute !important; overflow: hidden !important; display: inline !important; height: 1px !important; width: 1px !important; z-index: -1000 !important; padding: 0 !important; } #wpforms-9776-field_1-container input { visibility: hidden; } #wpforms-conversational-form-page #wpforms-9776-field_1-container label { counter-increment: none; }' ) );\n\t\t\t\t\tdocument.head.appendChild( style );\n\t\t\t\t\tdocument.currentScript?.remove();\n\t\t\t\t} )();\n\t\t\t<\/script><\/div><!-- .wpforms-field-container --><div class=\"wpforms-recaptcha-container wpforms-is-recaptcha wpforms-is-recaptcha-type-v2\" ><div class=\"g-recaptcha\" data-sitekey=\"6Ldc5mYqAAAAAK9FC8HQTpFWZz33oO_FUBZSamJ4\"><\/div><input type=\"text\" name=\"g-recaptcha-hidden\" class=\"wpforms-recaptcha-hidden\" style=\"position:absolute!important;clip:rect(0,0,0,0)!important;height:1px!important;width:1px!important;border:0!important;overflow:hidden!important;padding:0!important;margin:0!important;\" data-rule-recaptcha=\"1\"><\/div><div class=\"wpforms-submit-container\" ><input type=\"hidden\" name=\"wpforms[id]\" value=\"9776\"><input type=\"hidden\" name=\"page_title\" value=\"\"><input type=\"hidden\" name=\"page_url\" value=\"https:\/\/anr82.fr\/index.php\/wp-json\/wp\/v2\/pages\/858\"><input type=\"hidden\" name=\"url_referer\" value=\"\"><button type=\"submit\" name=\"wpforms[submit]\" id=\"wpforms-submit-9776\" class=\"wpforms-submit\" data-alt-text=\"Envoi en cours....\" data-submit-text=\"Envoyer votre demande\" aria-live=\"assertive\" value=\"wpforms-submit\">Envoyer votre demande<\/button><img loading=\"lazy\" decoding=\"async\" src=\"https:\/\/anr82.fr\/wp-content\/plugins\/wpforms-lite\/assets\/images\/submit-spin.svg\" class=\"wpforms-submit-spinner\" style=\"display: none;\" width=\"26\" height=\"26\" alt=\"Chargement en cours\"><\/div><\/form><\/div>  <!-- .wpforms-container -->\n\n\n<div style=\"height:72px\" aria-hidden=\"true\" class=\"wp-block-spacer\"><\/div>\n","protected":false},"excerpt":{"rendered":"<p>Le contrat Amicale-Vie offre une protection sur mesure et garantit, dans un d\u00e9lai de 48 heures ouvr\u00e9es suivant la r\u00e9ception de pi\u00e8ces n\u00e9cessaires, l\u2019envoi du capital souscrit au b\u00e9n\u00e9ficiaire d\u00e9sign\u00e9 par l\u2019adh\u00e9rent (libre de choix, personne morale ou physique). Ce capital est exon\u00e9r\u00e9 d\u2019imp\u00f4ts et de droits de succession (dans [&hellip;]<\/p>\n","protected":false},"author":1,"featured_media":0,"parent":0,"menu_order":0,"comment_status":"closed","ping_status":"closed","template":"page-templates\/template-fullwidth.php","meta":{"_bbp_topic_count":0,"_bbp_reply_count":0,"_bbp_total_topic_count":0,"_bbp_total_reply_count":0,"_bbp_voice_count":0,"_bbp_anonymous_reply_count":0,"_bbp_topic_count_hidden":0,"_bbp_reply_count_hidden":0,"_bbp_forum_subforum_count":0,"_themeisle_gutenberg_block_has_review":false,"footnotes":""},"class_list":["post-858","page","type-page","status-publish","hentry"],"yoast_head":"<!-- This site is optimized with the Yoast SEO plugin v27.4 - https:\/\/yoast.com\/product\/yoast-seo-wordpress\/ -->\n<title>Amicale-Vie - Groupe Tarn &amp; Garonne<\/title>\n<meta name=\"robots\" content=\"index, follow, max-snippet:-1, max-image-preview:large, max-video-preview:-1\" \/>\n<link rel=\"canonical\" href=\"https:\/\/anr82.fr\/index.php\/amicale-vie\/\" \/>\n<meta property=\"og:locale\" content=\"fr_FR\" \/>\n<meta property=\"og:type\" content=\"article\" \/>\n<meta property=\"og:title\" content=\"Amicale-Vie - Groupe Tarn &amp; Garonne\" \/>\n<meta property=\"og:description\" content=\"Le contrat Amicale-Vie offre une protection sur mesure et garantit, dans un d\u00e9lai de 48 heures ouvr\u00e9es suivant la r\u00e9ception de pi\u00e8ces n\u00e9cessaires, l\u2019envoi du capital souscrit au b\u00e9n\u00e9ficiaire d\u00e9sign\u00e9 par l\u2019adh\u00e9rent (libre de choix, personne morale ou physique). Ce capital est exon\u00e9r\u00e9 d\u2019imp\u00f4ts et de droits de succession (dans [&hellip;]\" \/>\n<meta property=\"og:url\" content=\"https:\/\/anr82.fr\/index.php\/amicale-vie\/\" \/>\n<meta property=\"og:site_name\" content=\"Groupe Tarn &amp; Garonne\" \/>\n<meta property=\"article:modified_time\" content=\"2025-11-27T16:42:14+00:00\" \/>\n<meta property=\"og:image\" content=\"https:\/\/anr82.fr\/wp-content\/uploads\/2015\/08\/logo-amic-vie-225.png\" \/>\n\t<meta property=\"og:image:width\" content=\"225\" \/>\n\t<meta property=\"og:image:height\" content=\"61\" \/>\n\t<meta property=\"og:image:type\" content=\"image\/png\" \/>\n<meta name=\"twitter:card\" content=\"summary_large_image\" \/>\n<meta name=\"twitter:label1\" content=\"Dur\u00e9e de lecture estim\u00e9e\" \/>\n\t<meta name=\"twitter:data1\" content=\"1 minute\" \/>\n<script type=\"application\/ld+json\" class=\"yoast-schema-graph\">{\"@context\":\"https:\\\/\\\/schema.org\",\"@graph\":[{\"@type\":\"WebPage\",\"@id\":\"https:\\\/\\\/anr82.fr\\\/index.php\\\/amicale-vie\\\/\",\"url\":\"https:\\\/\\\/anr82.fr\\\/index.php\\\/amicale-vie\\\/\",\"name\":\"Amicale-Vie - Groupe Tarn &amp; Garonne\",\"isPartOf\":{\"@id\":\"https:\\\/\\\/anr82.fr\\\/#website\"},\"primaryImageOfPage\":{\"@id\":\"https:\\\/\\\/anr82.fr\\\/index.php\\\/amicale-vie\\\/#primaryimage\"},\"image\":{\"@id\":\"https:\\\/\\\/anr82.fr\\\/index.php\\\/amicale-vie\\\/#primaryimage\"},\"thumbnailUrl\":\"https:\\\/\\\/anr82.fr\\\/wp-content\\\/uploads\\\/2015\\\/08\\\/logo-amic-vie-225.png\",\"datePublished\":\"2015-03-09T15:13:30+00:00\",\"dateModified\":\"2025-11-27T16:42:14+00:00\",\"breadcrumb\":{\"@id\":\"https:\\\/\\\/anr82.fr\\\/index.php\\\/amicale-vie\\\/#breadcrumb\"},\"inLanguage\":\"fr-FR\",\"potentialAction\":[{\"@type\":\"ReadAction\",\"target\":[\"https:\\\/\\\/anr82.fr\\\/index.php\\\/amicale-vie\\\/\"]}]},{\"@type\":\"ImageObject\",\"inLanguage\":\"fr-FR\",\"@id\":\"https:\\\/\\\/anr82.fr\\\/index.php\\\/amicale-vie\\\/#primaryimage\",\"url\":\"https:\\\/\\\/anr82.fr\\\/wp-content\\\/uploads\\\/2015\\\/08\\\/logo-amic-vie-225.png\",\"contentUrl\":\"https:\\\/\\\/anr82.fr\\\/wp-content\\\/uploads\\\/2015\\\/08\\\/logo-amic-vie-225.png\",\"width\":225,\"height\":61,\"caption\":\"Logo Amicale Vie\"},{\"@type\":\"BreadcrumbList\",\"@id\":\"https:\\\/\\\/anr82.fr\\\/index.php\\\/amicale-vie\\\/#breadcrumb\",\"itemListElement\":[{\"@type\":\"ListItem\",\"position\":1,\"name\":\"Accueil\",\"item\":\"https:\\\/\\\/anr82.fr\\\/\"},{\"@type\":\"ListItem\",\"position\":2,\"name\":\"Amicale-Vie\"}]},{\"@type\":\"WebSite\",\"@id\":\"https:\\\/\\\/anr82.fr\\\/#website\",\"url\":\"https:\\\/\\\/anr82.fr\\\/\",\"name\":\"Groupe Tarn &amp; Garonne\",\"description\":\"Solidarit\u00e9, aide, convivialit\u00e9, partage...\",\"publisher\":{\"@id\":\"https:\\\/\\\/anr82.fr\\\/#organization\"},\"potentialAction\":[{\"@type\":\"SearchAction\",\"target\":{\"@type\":\"EntryPoint\",\"urlTemplate\":\"https:\\\/\\\/anr82.fr\\\/?s={search_term_string}\"},\"query-input\":{\"@type\":\"PropertyValueSpecification\",\"valueRequired\":true,\"valueName\":\"search_term_string\"}}],\"inLanguage\":\"fr-FR\"},{\"@type\":\"Organization\",\"@id\":\"https:\\\/\\\/anr82.fr\\\/#organization\",\"name\":\"Association Nationale de Retrait\u00e9s Groupe Tarn et Garonne\",\"url\":\"https:\\\/\\\/anr82.fr\\\/\",\"logo\":{\"@type\":\"ImageObject\",\"inLanguage\":\"fr-FR\",\"@id\":\"https:\\\/\\\/anr82.fr\\\/#\\\/schema\\\/logo\\\/image\\\/\",\"url\":\"https:\\\/\\\/anr82.fr\\\/wp-content\\\/uploads\\\/2020\\\/04\\\/cropped-Logo-ANR82-02-2.jpg\",\"contentUrl\":\"https:\\\/\\\/anr82.fr\\\/wp-content\\\/uploads\\\/2020\\\/04\\\/cropped-Logo-ANR82-02-2.jpg\",\"width\":500,\"height\":100,\"caption\":\"Association Nationale de Retrait\u00e9s Groupe Tarn et Garonne\"},\"image\":{\"@id\":\"https:\\\/\\\/anr82.fr\\\/#\\\/schema\\\/logo\\\/image\\\/\"}}]}<\/script>\n<!-- \/ Yoast SEO plugin. -->","yoast_head_json":{"title":"Amicale-Vie - Groupe Tarn &amp; Garonne","robots":{"index":"index","follow":"follow","max-snippet":"max-snippet:-1","max-image-preview":"max-image-preview:large","max-video-preview":"max-video-preview:-1"},"canonical":"https:\/\/anr82.fr\/index.php\/amicale-vie\/","og_locale":"fr_FR","og_type":"article","og_title":"Amicale-Vie - Groupe Tarn &amp; Garonne","og_description":"Le contrat Amicale-Vie offre une protection sur mesure et garantit, dans un d\u00e9lai de 48 heures ouvr\u00e9es suivant la r\u00e9ception de pi\u00e8ces n\u00e9cessaires, l\u2019envoi du capital souscrit au b\u00e9n\u00e9ficiaire d\u00e9sign\u00e9 par l\u2019adh\u00e9rent (libre de choix, personne morale ou physique). Ce capital est exon\u00e9r\u00e9 d\u2019imp\u00f4ts et de droits de succession (dans [&hellip;]","og_url":"https:\/\/anr82.fr\/index.php\/amicale-vie\/","og_site_name":"Groupe Tarn &amp; Garonne","article_modified_time":"2025-11-27T16:42:14+00:00","og_image":[{"width":225,"height":61,"url":"https:\/\/anr82.fr\/wp-content\/uploads\/2015\/08\/logo-amic-vie-225.png","type":"image\/png"}],"twitter_card":"summary_large_image","twitter_misc":{"Dur\u00e9e de lecture estim\u00e9e":"1 minute"},"schema":{"@context":"https:\/\/schema.org","@graph":[{"@type":"WebPage","@id":"https:\/\/anr82.fr\/index.php\/amicale-vie\/","url":"https:\/\/anr82.fr\/index.php\/amicale-vie\/","name":"Amicale-Vie - Groupe Tarn &amp; Garonne","isPartOf":{"@id":"https:\/\/anr82.fr\/#website"},"primaryImageOfPage":{"@id":"https:\/\/anr82.fr\/index.php\/amicale-vie\/#primaryimage"},"image":{"@id":"https:\/\/anr82.fr\/index.php\/amicale-vie\/#primaryimage"},"thumbnailUrl":"https:\/\/anr82.fr\/wp-content\/uploads\/2015\/08\/logo-amic-vie-225.png","datePublished":"2015-03-09T15:13:30+00:00","dateModified":"2025-11-27T16:42:14+00:00","breadcrumb":{"@id":"https:\/\/anr82.fr\/index.php\/amicale-vie\/#breadcrumb"},"inLanguage":"fr-FR","potentialAction":[{"@type":"ReadAction","target":["https:\/\/anr82.fr\/index.php\/amicale-vie\/"]}]},{"@type":"ImageObject","inLanguage":"fr-FR","@id":"https:\/\/anr82.fr\/index.php\/amicale-vie\/#primaryimage","url":"https:\/\/anr82.fr\/wp-content\/uploads\/2015\/08\/logo-amic-vie-225.png","contentUrl":"https:\/\/anr82.fr\/wp-content\/uploads\/2015\/08\/logo-amic-vie-225.png","width":225,"height":61,"caption":"Logo Amicale Vie"},{"@type":"BreadcrumbList","@id":"https:\/\/anr82.fr\/index.php\/amicale-vie\/#breadcrumb","itemListElement":[{"@type":"ListItem","position":1,"name":"Accueil","item":"https:\/\/anr82.fr\/"},{"@type":"ListItem","position":2,"name":"Amicale-Vie"}]},{"@type":"WebSite","@id":"https:\/\/anr82.fr\/#website","url":"https:\/\/anr82.fr\/","name":"Groupe Tarn &amp; Garonne","description":"Solidarit\u00e9, aide, convivialit\u00e9, partage...","publisher":{"@id":"https:\/\/anr82.fr\/#organization"},"potentialAction":[{"@type":"SearchAction","target":{"@type":"EntryPoint","urlTemplate":"https:\/\/anr82.fr\/?s={search_term_string}"},"query-input":{"@type":"PropertyValueSpecification","valueRequired":true,"valueName":"search_term_string"}}],"inLanguage":"fr-FR"},{"@type":"Organization","@id":"https:\/\/anr82.fr\/#organization","name":"Association Nationale de Retrait\u00e9s Groupe Tarn et Garonne","url":"https:\/\/anr82.fr\/","logo":{"@type":"ImageObject","inLanguage":"fr-FR","@id":"https:\/\/anr82.fr\/#\/schema\/logo\/image\/","url":"https:\/\/anr82.fr\/wp-content\/uploads\/2020\/04\/cropped-Logo-ANR82-02-2.jpg","contentUrl":"https:\/\/anr82.fr\/wp-content\/uploads\/2020\/04\/cropped-Logo-ANR82-02-2.jpg","width":500,"height":100,"caption":"Association Nationale de Retrait\u00e9s Groupe Tarn et Garonne"},"image":{"@id":"https:\/\/anr82.fr\/#\/schema\/logo\/image\/"}}]}},"_links":{"self":[{"href":"https:\/\/anr82.fr\/index.php\/wp-json\/wp\/v2\/pages\/858","targetHints":{"allow":["GET"]}}],"collection":[{"href":"https:\/\/anr82.fr\/index.php\/wp-json\/wp\/v2\/pages"}],"about":[{"href":"https:\/\/anr82.fr\/index.php\/wp-json\/wp\/v2\/types\/page"}],"author":[{"embeddable":true,"href":"https:\/\/anr82.fr\/index.php\/wp-json\/wp\/v2\/users\/1"}],"replies":[{"embeddable":true,"href":"https:\/\/anr82.fr\/index.php\/wp-json\/wp\/v2\/comments?post=858"}],"version-history":[{"count":27,"href":"https:\/\/anr82.fr\/index.php\/wp-json\/wp\/v2\/pages\/858\/revisions"}],"predecessor-version":[{"id":11903,"href":"https:\/\/anr82.fr\/index.php\/wp-json\/wp\/v2\/pages\/858\/revisions\/11903"}],"wp:attachment":[{"href":"https:\/\/anr82.fr\/index.php\/wp-json\/wp\/v2\/media?parent=858"}],"curies":[{"name":"wp","href":"https:\/\/api.w.org\/{rel}","templated":true}]}}