{"id":860,"date":"2020-04-23T16:15:00","date_gmt":"2020-04-23T14:15:00","guid":{"rendered":"https:\/\/anr82.wordpress.com\/?page_id=860"},"modified":"2024-10-18T19:50:19","modified_gmt":"2024-10-18T17:50:19","slug":"partenaires","status":"publish","type":"page","link":"https:\/\/anr82.fr\/index.php\/partenaires\/","title":{"rendered":"Partenaires"},"content":{"rendered":"\n<h2 class=\"has-text-align-center wp-block-heading\"><strong>Partenaires et Associations<\/strong><\/h2>\n\n\n\n<figure class=\"wp-block-table tableau-partenaires is-style-regular\"><table class=\"has-subtle-pale-blue-background-color has-background\"><tbody><tr><td class=\"has-text-align-center\" data-align=\"center\">Association Chefs d&rsquo;\u00e9tablissement La Poste<\/td><td class=\"has-text-align-center\" data-align=\"center\">Amicale Cadres retrait\u00e9s FT-Orange<\/td><td><\/td><td class=\"has-text-align-center\" data-align=\"center\">APCLD<\/td><td class=\"has-text-align-center\" data-align=\"center\">COS 82 <\/td><td class=\"has-text-align-center\" data-align=\"center\">La coop Occitanie<\/td><\/tr><tr><td class=\"has-text-align-center\" data-align=\"center\"><img loading=\"lazy\" decoding=\"async\" width=\"77\" height=\"32\" class=\"wp-image-990\" style=\"width: 77px;\" src=\"https:\/\/anr82.fr\/wp-content\/uploads\/2015\/08\/lien-ace.png\" alt=\"Lien ACE\"><\/td><td class=\"has-text-align-center\" data-align=\"center\"><img loading=\"lazy\" decoding=\"async\" width=\"89\" height=\"32\" class=\"wp-image-991\" style=\"width: 89px;\" src=\"https:\/\/anr82.fr\/wp-content\/uploads\/2015\/08\/lien-acr.png\" alt=\"Lien ACR\"><\/td><td><\/td><td class=\"has-text-align-center\" data-align=\"center\"><a href=\"https:\/\/www.apcld.fr\/\" target=\"_blank\" rel=\"noreferrer noopener\"><img loading=\"lazy\" decoding=\"async\" width=\"56\" height=\"32\" class=\"wp-image-999\" style=\"width: 56px;\" src=\"https:\/\/anr82.fr\/wp-content\/uploads\/2015\/08\/lien-apcld.png\" alt=\"Lien APCLD\"><\/a><\/td><td class=\"has-text-align-center\" data-align=\"center\"><img loading=\"lazy\" decoding=\"async\" width=\"76\" height=\"32\" class=\"wp-image-1008\" style=\"width: 76px;\" src=\"https:\/\/anr82.fr\/wp-content\/uploads\/2015\/08\/lien-cos.png\" alt=\"Lien- COS 82\"><\/td><td class=\"has-text-align-center\" data-align=\"center\"><a href=\"https:\/\/www.lacoopoccitanie.fr\/\" target=\"_blank\" rel=\"noreferrer noopener\"><img loading=\"lazy\" decoding=\"async\" width=\"150\" height=\"84\" class=\"wp-image-2534\" style=\"width: 150px;\" src=\"https:\/\/anr82.fr\/wp-content\/uploads\/2020\/04\/la-coop-occitanie-logo-1553541556.jpg\" alt=\"\" srcset=\"https:\/\/anr82.fr\/wp-content\/uploads\/2020\/04\/la-coop-occitanie-logo-1553541556.jpg 500w, https:\/\/anr82.fr\/wp-content\/uploads\/2020\/04\/la-coop-occitanie-logo-1553541556-300x169.jpg 300w\" sizes=\"auto, (max-width: 150px) 100vw, 150px\" \/><\/a><\/td><\/tr><tr><td class=\"has-text-align-center\" data-align=\"center\">Adresse du site:<br>www.ace-poste.com\/<\/td><td class=\"has-text-align-center\" data-align=\"center\">Adresse du site:<br>dev-acrft.fr\/index.php\/<\/td><td><\/td><td class=\"has-text-align-center\" data-align=\"center\">Cliquer sur image ci-dessus<\/td><td class=\"has-text-align-center\" data-align=\"center\">Adresse du site:<br>www.cos82.sitew.com\/<\/td><td class=\"has-text-align-center\" data-align=\"center\">Cliquer sur image ci-dessus<\/td><\/tr><\/tbody><\/table><\/figure>\n\n\n\n<hr class=\"wp-block-separator\"\/>\n\n\n\n<figure class=\"wp-block-table tableau-partenaires\"><table class=\"has-subtle-pale-blue-background-color has-background\"><tbody><tr><td class=\"has-text-align-center\" data-align=\"center\">La Mutuelle G\u00e9n\u00e9rale<\/td><td class=\"has-text-align-center\" data-align=\"center\">Tut\u00e9laire<\/td><td class=\"has-text-align-center\" data-align=\"center\">Portail malin<\/td><td class=\"has-text-align-center\" data-align=\"center\">CE Orange<\/td><td class=\"has-text-align-center\" data-align=\"center\">Orange.fr<\/td><\/tr><tr><td class=\"has-text-align-center\" data-align=\"center\"><a href=\"https:\/\/www.lamutuellegenerale.fr\/\" target=\"_blank\" rel=\"noreferrer noopener\"><img loading=\"lazy\" decoding=\"async\" width=\"82\" height=\"32\" class=\"wp-image-1002\" style=\"width: 82px;\" src=\"https:\/\/anr82.fr\/wp-content\/uploads\/2015\/08\/lien-mg.png\" alt=\"Lien Mutuelle G\u00e9n\u00e9rale\"><\/a><\/td><td class=\"has-text-align-center\" data-align=\"center\"><a href=\"https:\/\/www.tutelaire.fr\/\" target=\"_blank\" rel=\"noreferrer noopener\"><img loading=\"lazy\" decoding=\"async\" width=\"98\" height=\"32\" class=\"wp-image-1003\" style=\"width: 98px;\" src=\"https:\/\/anr82.fr\/wp-content\/uploads\/2015\/08\/lien-tutelaire.png\" alt=\"Lien tut\u00e9laire\"><\/a><\/td><td class=\"has-text-align-center\" data-align=\"center\"><a href=\"https:\/\/www.portail-malin.com\/authentification\/signin.html\" target=\"_blank\" rel=\"noreferrer noopener\"><img loading=\"lazy\" decoding=\"async\" width=\"70\" height=\"32\" class=\"wp-image-998\" style=\"width: 70px;\" src=\"https:\/\/anr82.fr\/wp-content\/uploads\/2015\/08\/lien-portail-malin.png\" alt=\"Lien Portail Malin\"><\/a><\/td><td class=\"has-text-align-center\" data-align=\"center\"><a href=\"https:\/\/www.ce-orange.fr\/CAS\/login\" target=\"_blank\" rel=\"noreferrer noopener\"><img loading=\"lazy\" decoding=\"async\" width=\"100\" height=\"32\" class=\"wp-image-2553\" style=\"width: 100px;\" src=\"https:\/\/anr82.fr\/wp-content\/uploads\/2020\/04\/lien-ccues.png\" alt=\"\"><\/a><\/td><td class=\"has-text-align-center\" data-align=\"center\"><a href=\"https:\/\/www.orange.fr\/portail\" target=\"_blank\" rel=\"noreferrer noopener\"><img loading=\"lazy\" decoding=\"async\" width=\"32\" height=\"32\" class=\"wp-image-997\" style=\"width: 32px;\" src=\"https:\/\/anr82.fr\/wp-content\/uploads\/2015\/08\/lien-orange.png\" alt=\"Lien Orange\"><\/a><\/td><\/tr><tr><td class=\"has-text-align-center\" data-align=\"center\">Cliquer sur image ci-dessus<\/td><td class=\"has-text-align-center\" data-align=\"center\">Cliquer sur image ci-dessus<\/td><td class=\"has-text-align-center\" data-align=\"center\">Cliquer sur image ci-dessus<\/td><td class=\"has-text-align-center\" data-align=\"center\">Cliquer sur image ci-dessus<\/td><td class=\"has-text-align-center\" data-align=\"center\">Cliquer sur image ci-dessus<\/td><\/tr><\/tbody><\/table><\/figure>\n\n\n\n<hr class=\"wp-block-separator\"\/>\n\n\n\n<figure class=\"wp-block-table tableau-partenaires\"><table class=\"has-subtle-pale-blue-background-color has-background\"><tbody><tr><td class=\"has-text-align-center\" data-align=\"center\">La Poste.net<\/td><td class=\"has-text-align-center\" data-align=\"center\">P\u00f4le FGR-FP<\/td><td class=\"has-text-align-center\" data-align=\"center\">P\u00f4le FNOM<\/td><td class=\"has-text-align-center\" data-align=\"center\">P\u00f4le UNPRG<\/td><td class=\"has-text-align-center\" data-align=\"center\">P\u00f4le UNRP<\/td><\/tr><tr><td class=\"has-text-align-center\" data-align=\"center\"><a href=\"https:\/\/www.laposte.fr\/\" target=\"_blank\" rel=\"noreferrer noopener\"><img loading=\"lazy\" decoding=\"async\" width=\"40\" height=\"32\" class=\"wp-image-996\" style=\"width: 40px;\" src=\"https:\/\/anr82.fr\/wp-content\/uploads\/2015\/08\/lien-laposte.png\" alt=\"Lien La Poste\"><\/a><\/td><td class=\"has-text-align-center\" data-align=\"center\"><img loading=\"lazy\" decoding=\"async\" width=\"32\" height=\"32\" class=\"wp-image-992\" style=\"width: 32px;\" src=\"https:\/\/anr82.fr\/wp-content\/uploads\/2015\/08\/lien-fgr.png\" alt=\"Lien FGR\"><\/td><td class=\"has-text-align-center\" data-align=\"center\"><img loading=\"lazy\" decoding=\"async\" width=\"32\" height=\"32\" class=\"wp-image-993\" style=\"width: 32px;\" src=\"https:\/\/anr82.fr\/wp-content\/uploads\/2015\/08\/lien-fnom.png\" alt=\"Lien-FNOM\"><\/td><td class=\"has-text-align-center\" data-align=\"center\"><a href=\"https:\/\/unprg.fr\/\" target=\"_blank\" rel=\"noreferrer noopener\"><img loading=\"lazy\" decoding=\"async\" width=\"32\" height=\"32\" class=\"wp-image-994\" style=\"width: 32px;\" src=\"https:\/\/anr82.fr\/wp-content\/uploads\/2015\/08\/lien-unprg.png\" alt=\"Lien-UNPRG\"><\/a><\/td><td class=\"has-text-align-center\" data-align=\"center\"><img loading=\"lazy\" decoding=\"async\" width=\"34\" height=\"32\" class=\"wp-image-995\" style=\"width: 34px;\" src=\"https:\/\/anr82.fr\/wp-content\/uploads\/2015\/08\/lien-unrp.png\" alt=\"Lien UNRP\"><\/td><\/tr><tr><td class=\"has-text-align-center\" data-align=\"center\">Cliquer sur image ci-dessus<\/td><td class=\"has-text-align-center\" data-align=\"center\">Adresse du site:<br>www.fgrfp.org\/pole.htm<\/td><td class=\"has-text-align-center\" data-align=\"center\">Adresse du site:<br>www.fnom.com\/<\/td><td class=\"has-text-align-center\" data-align=\"center\">Cliquer sur image ci-dessus<\/td><td class=\"has-text-align-center\" data-align=\"center\">Adresse du site:<br>www.unrp.com\/<\/td><\/tr><\/tbody><\/table><\/figure>\n\n\n\n<hr class=\"wp-block-separator\"\/>\n\n\n\n<figure class=\"wp-block-table tableau-partenaires\"><table class=\"has-subtle-pale-blue-background-color has-background\"><tbody><tr><td>MONALISA<\/td><td> <\/td><td><\/td><td><\/td><td><\/td><\/tr><tr><td><a href=\"https:\/\/www.monalisa-asso.fr\/\" target=\"_blank\" rel=\"noreferrer noopener\"><img loading=\"lazy\" decoding=\"async\" width=\"150\" height=\"78\" class=\"wp-image-978\" style=\"width: 150px;\" src=\"https:\/\/anr82.fr\/wp-content\/uploads\/2015\/08\/logo-monalisa.png\" alt=\"Association Monalisa\"><\/a><\/td><td><\/td><td><\/td><td><\/td><td><\/td><\/tr><tr><td>Cliquer sur image ci-dessus<\/td><td><\/td><td><\/td><td><\/td><td><\/td><\/tr><\/tbody><\/table><\/figure>\n","protected":false},"excerpt":{"rendered":"<p>Partenaires et Associations Association Chefs d&rsquo;\u00e9tablissement La Poste Amicale Cadres retrait\u00e9s FT-Orange APCLD COS 82 La coop Occitanie Adresse du site:www.ace-poste.com\/ Adresse du site:dev-acrft.fr\/index.php\/ Cliquer sur image ci-dessus Adresse du site:www.cos82.sitew.com\/ Cliquer sur image ci-dessus La Mutuelle G\u00e9n\u00e9rale Tut\u00e9laire Portail malin CE Orange Orange.fr Cliquer sur image ci-dessus Cliquer sur [&hellip;]<\/p>\n","protected":false},"author":1,"featured_media":0,"parent":0,"menu_order":0,"comment_status":"closed","ping_status":"closed","template":"page-templates\/template-fullwidth.php","meta":{"_bbp_topic_count":0,"_bbp_reply_count":0,"_bbp_total_topic_count":0,"_bbp_total_reply_count":0,"_bbp_voice_count":0,"_bbp_anonymous_reply_count":0,"_bbp_topic_count_hidden":0,"_bbp_reply_count_hidden":0,"_bbp_forum_subforum_count":0,"_themeisle_gutenberg_block_has_review":false,"footnotes":""},"class_list":["post-860","page","type-page","status-publish","hentry"],"yoast_head":"<!-- This site is optimized with the Yoast SEO plugin v27.4 - https:\/\/yoast.com\/product\/yoast-seo-wordpress\/ -->\n<title>Partenaires - Groupe Tarn &amp; Garonne<\/title>\n<meta name=\"robots\" content=\"index, follow, max-snippet:-1, max-image-preview:large, max-video-preview:-1\" \/>\n<link rel=\"canonical\" href=\"https:\/\/anr82.fr\/index.php\/partenaires\/\" \/>\n<meta property=\"og:locale\" content=\"fr_FR\" \/>\n<meta property=\"og:type\" content=\"article\" \/>\n<meta property=\"og:title\" content=\"Partenaires - Groupe Tarn &amp; Garonne\" \/>\n<meta property=\"og:description\" content=\"Partenaires et Associations Association Chefs d&rsquo;\u00e9tablissement La Poste Amicale Cadres retrait\u00e9s FT-Orange APCLD COS 82 La coop Occitanie Adresse du site:www.ace-poste.com\/ Adresse du site:dev-acrft.fr\/index.php\/ Cliquer sur image ci-dessus Adresse du site:www.cos82.sitew.com\/ Cliquer sur image ci-dessus La Mutuelle G\u00e9n\u00e9rale Tut\u00e9laire Portail malin CE Orange Orange.fr Cliquer sur image ci-dessus Cliquer sur [&hellip;]\" \/>\n<meta property=\"og:url\" content=\"https:\/\/anr82.fr\/index.php\/partenaires\/\" \/>\n<meta property=\"og:site_name\" content=\"Groupe Tarn &amp; Garonne\" \/>\n<meta property=\"article:modified_time\" content=\"2024-10-18T17:50:19+00:00\" \/>\n<meta property=\"og:image\" content=\"https:\/\/anr82.fr\/wp-content\/uploads\/2015\/08\/lien-ace.png\" \/>\n\t<meta property=\"og:image:width\" content=\"77\" \/>\n\t<meta property=\"og:image:height\" content=\"32\" \/>\n\t<meta property=\"og:image:type\" content=\"image\/png\" \/>\n<meta name=\"twitter:card\" content=\"summary_large_image\" \/>\n<meta name=\"twitter:label1\" content=\"Dur\u00e9e de lecture estim\u00e9e\" \/>\n\t<meta name=\"twitter:data1\" content=\"4 minutes\" \/>\n<script type=\"application\/ld+json\" class=\"yoast-schema-graph\">{\"@context\":\"https:\\\/\\\/schema.org\",\"@graph\":[{\"@type\":\"WebPage\",\"@id\":\"https:\\\/\\\/anr82.fr\\\/index.php\\\/partenaires\\\/\",\"url\":\"https:\\\/\\\/anr82.fr\\\/index.php\\\/partenaires\\\/\",\"name\":\"Partenaires - Groupe Tarn &amp; Garonne\",\"isPartOf\":{\"@id\":\"https:\\\/\\\/anr82.fr\\\/#website\"},\"primaryImageOfPage\":{\"@id\":\"https:\\\/\\\/anr82.fr\\\/index.php\\\/partenaires\\\/#primaryimage\"},\"image\":{\"@id\":\"https:\\\/\\\/anr82.fr\\\/index.php\\\/partenaires\\\/#primaryimage\"},\"thumbnailUrl\":\"https:\\\/\\\/anr82.fr\\\/wp-content\\\/uploads\\\/2015\\\/08\\\/lien-ace.png\",\"datePublished\":\"2020-04-23T14:15:00+00:00\",\"dateModified\":\"2024-10-18T17:50:19+00:00\",\"breadcrumb\":{\"@id\":\"https:\\\/\\\/anr82.fr\\\/index.php\\\/partenaires\\\/#breadcrumb\"},\"inLanguage\":\"fr-FR\",\"potentialAction\":[{\"@type\":\"ReadAction\",\"target\":[\"https:\\\/\\\/anr82.fr\\\/index.php\\\/partenaires\\\/\"]}]},{\"@type\":\"ImageObject\",\"inLanguage\":\"fr-FR\",\"@id\":\"https:\\\/\\\/anr82.fr\\\/index.php\\\/partenaires\\\/#primaryimage\",\"url\":\"https:\\\/\\\/anr82.fr\\\/wp-content\\\/uploads\\\/2015\\\/08\\\/lien-ace.png\",\"contentUrl\":\"https:\\\/\\\/anr82.fr\\\/wp-content\\\/uploads\\\/2015\\\/08\\\/lien-ace.png\",\"width\":77,\"height\":32,\"caption\":\"Lien ACE\"},{\"@type\":\"BreadcrumbList\",\"@id\":\"https:\\\/\\\/anr82.fr\\\/index.php\\\/partenaires\\\/#breadcrumb\",\"itemListElement\":[{\"@type\":\"ListItem\",\"position\":1,\"name\":\"Accueil\",\"item\":\"https:\\\/\\\/anr82.fr\\\/\"},{\"@type\":\"ListItem\",\"position\":2,\"name\":\"Partenaires\"}]},{\"@type\":\"WebSite\",\"@id\":\"https:\\\/\\\/anr82.fr\\\/#website\",\"url\":\"https:\\\/\\\/anr82.fr\\\/\",\"name\":\"Groupe Tarn &amp; Garonne\",\"description\":\"Solidarit\u00e9, aide, convivialit\u00e9, partage...\",\"publisher\":{\"@id\":\"https:\\\/\\\/anr82.fr\\\/#organization\"},\"potentialAction\":[{\"@type\":\"SearchAction\",\"target\":{\"@type\":\"EntryPoint\",\"urlTemplate\":\"https:\\\/\\\/anr82.fr\\\/?s={search_term_string}\"},\"query-input\":{\"@type\":\"PropertyValueSpecification\",\"valueRequired\":true,\"valueName\":\"search_term_string\"}}],\"inLanguage\":\"fr-FR\"},{\"@type\":\"Organization\",\"@id\":\"https:\\\/\\\/anr82.fr\\\/#organization\",\"name\":\"Association Nationale de Retrait\u00e9s Groupe Tarn et Garonne\",\"url\":\"https:\\\/\\\/anr82.fr\\\/\",\"logo\":{\"@type\":\"ImageObject\",\"inLanguage\":\"fr-FR\",\"@id\":\"https:\\\/\\\/anr82.fr\\\/#\\\/schema\\\/logo\\\/image\\\/\",\"url\":\"https:\\\/\\\/anr82.fr\\\/wp-content\\\/uploads\\\/2020\\\/04\\\/cropped-Logo-ANR82-02-2.jpg\",\"contentUrl\":\"https:\\\/\\\/anr82.fr\\\/wp-content\\\/uploads\\\/2020\\\/04\\\/cropped-Logo-ANR82-02-2.jpg\",\"width\":500,\"height\":100,\"caption\":\"Association Nationale de Retrait\u00e9s Groupe Tarn et Garonne\"},\"image\":{\"@id\":\"https:\\\/\\\/anr82.fr\\\/#\\\/schema\\\/logo\\\/image\\\/\"}}]}<\/script>\n<!-- \/ Yoast SEO plugin. -->","yoast_head_json":{"title":"Partenaires - Groupe Tarn &amp; Garonne","robots":{"index":"index","follow":"follow","max-snippet":"max-snippet:-1","max-image-preview":"max-image-preview:large","max-video-preview":"max-video-preview:-1"},"canonical":"https:\/\/anr82.fr\/index.php\/partenaires\/","og_locale":"fr_FR","og_type":"article","og_title":"Partenaires - Groupe Tarn &amp; Garonne","og_description":"Partenaires et Associations Association Chefs d&rsquo;\u00e9tablissement La Poste Amicale Cadres retrait\u00e9s FT-Orange APCLD COS 82 La coop Occitanie Adresse du site:www.ace-poste.com\/ Adresse du site:dev-acrft.fr\/index.php\/ Cliquer sur image ci-dessus Adresse du site:www.cos82.sitew.com\/ Cliquer sur image ci-dessus La Mutuelle G\u00e9n\u00e9rale Tut\u00e9laire Portail malin CE Orange Orange.fr Cliquer sur image ci-dessus Cliquer sur [&hellip;]","og_url":"https:\/\/anr82.fr\/index.php\/partenaires\/","og_site_name":"Groupe Tarn &amp; Garonne","article_modified_time":"2024-10-18T17:50:19+00:00","og_image":[{"width":77,"height":32,"url":"https:\/\/anr82.fr\/wp-content\/uploads\/2015\/08\/lien-ace.png","type":"image\/png"}],"twitter_card":"summary_large_image","twitter_misc":{"Dur\u00e9e de lecture estim\u00e9e":"4 minutes"},"schema":{"@context":"https:\/\/schema.org","@graph":[{"@type":"WebPage","@id":"https:\/\/anr82.fr\/index.php\/partenaires\/","url":"https:\/\/anr82.fr\/index.php\/partenaires\/","name":"Partenaires - Groupe Tarn &amp; Garonne","isPartOf":{"@id":"https:\/\/anr82.fr\/#website"},"primaryImageOfPage":{"@id":"https:\/\/anr82.fr\/index.php\/partenaires\/#primaryimage"},"image":{"@id":"https:\/\/anr82.fr\/index.php\/partenaires\/#primaryimage"},"thumbnailUrl":"https:\/\/anr82.fr\/wp-content\/uploads\/2015\/08\/lien-ace.png","datePublished":"2020-04-23T14:15:00+00:00","dateModified":"2024-10-18T17:50:19+00:00","breadcrumb":{"@id":"https:\/\/anr82.fr\/index.php\/partenaires\/#breadcrumb"},"inLanguage":"fr-FR","potentialAction":[{"@type":"ReadAction","target":["https:\/\/anr82.fr\/index.php\/partenaires\/"]}]},{"@type":"ImageObject","inLanguage":"fr-FR","@id":"https:\/\/anr82.fr\/index.php\/partenaires\/#primaryimage","url":"https:\/\/anr82.fr\/wp-content\/uploads\/2015\/08\/lien-ace.png","contentUrl":"https:\/\/anr82.fr\/wp-content\/uploads\/2015\/08\/lien-ace.png","width":77,"height":32,"caption":"Lien ACE"},{"@type":"BreadcrumbList","@id":"https:\/\/anr82.fr\/index.php\/partenaires\/#breadcrumb","itemListElement":[{"@type":"ListItem","position":1,"name":"Accueil","item":"https:\/\/anr82.fr\/"},{"@type":"ListItem","position":2,"name":"Partenaires"}]},{"@type":"WebSite","@id":"https:\/\/anr82.fr\/#website","url":"https:\/\/anr82.fr\/","name":"Groupe Tarn &amp; Garonne","description":"Solidarit\u00e9, aide, convivialit\u00e9, partage...","publisher":{"@id":"https:\/\/anr82.fr\/#organization"},"potentialAction":[{"@type":"SearchAction","target":{"@type":"EntryPoint","urlTemplate":"https:\/\/anr82.fr\/?s={search_term_string}"},"query-input":{"@type":"PropertyValueSpecification","valueRequired":true,"valueName":"search_term_string"}}],"inLanguage":"fr-FR"},{"@type":"Organization","@id":"https:\/\/anr82.fr\/#organization","name":"Association Nationale de Retrait\u00e9s Groupe Tarn et Garonne","url":"https:\/\/anr82.fr\/","logo":{"@type":"ImageObject","inLanguage":"fr-FR","@id":"https:\/\/anr82.fr\/#\/schema\/logo\/image\/","url":"https:\/\/anr82.fr\/wp-content\/uploads\/2020\/04\/cropped-Logo-ANR82-02-2.jpg","contentUrl":"https:\/\/anr82.fr\/wp-content\/uploads\/2020\/04\/cropped-Logo-ANR82-02-2.jpg","width":500,"height":100,"caption":"Association Nationale de Retrait\u00e9s Groupe Tarn et Garonne"},"image":{"@id":"https:\/\/anr82.fr\/#\/schema\/logo\/image\/"}}]}},"_links":{"self":[{"href":"https:\/\/anr82.fr\/index.php\/wp-json\/wp\/v2\/pages\/860","targetHints":{"allow":["GET"]}}],"collection":[{"href":"https:\/\/anr82.fr\/index.php\/wp-json\/wp\/v2\/pages"}],"about":[{"href":"https:\/\/anr82.fr\/index.php\/wp-json\/wp\/v2\/types\/page"}],"author":[{"embeddable":true,"href":"https:\/\/anr82.fr\/index.php\/wp-json\/wp\/v2\/users\/1"}],"replies":[{"embeddable":true,"href":"https:\/\/anr82.fr\/index.php\/wp-json\/wp\/v2\/comments?post=860"}],"version-history":[{"count":24,"href":"https:\/\/anr82.fr\/index.php\/wp-json\/wp\/v2\/pages\/860\/revisions"}],"predecessor-version":[{"id":2726,"href":"https:\/\/anr82.fr\/index.php\/wp-json\/wp\/v2\/pages\/860\/revisions\/2726"}],"wp:attachment":[{"href":"https:\/\/anr82.fr\/index.php\/wp-json\/wp\/v2\/media?parent=860"}],"curies":[{"name":"wp","href":"https:\/\/api.w.org\/{rel}","templated":true}]}}